{"id":2743,"date":"2025-05-30T08:19:40","date_gmt":"2025-05-30T06:19:40","guid":{"rendered":"http:\/\/selyetudkonf.ujs.sk\/?page_id=2743"},"modified":"2025-05-30T08:19:40","modified_gmt":"2025-05-30T06:19:40","slug":"kontakt","status":"publish","type":"page","link":"https:\/\/selyetudkonf.ujs.sk\/sk\/kontakt\/","title":{"rendered":"Kontakt"},"content":{"rendered":"<hr \/>\n<p>doc. PaedDr. Andrea Pusk\u00e1s, PhD.<br \/>\nprorektorka pre vedu, v\u00fdskum a vonkaj\u0161ie vz\u0165ahy<br \/>\nUniverzita J. Selyeho<br \/>\nBratislavsk\u00e1 cesta 3322, 945 01 Kom\u00e1rno<\/p>\n<p><strong>Sekretari\u00e1t:<\/strong><\/p>\n<hr \/>\n<p>Mgr. Klaudia Svitek Kartai <br \/>\nTel. \u00a0\u00a0\u00a0\u00a0\u00a0+421 35 3260 653<br \/>\nE-mail:\u00a0<a href=\"mailto:konferencia2025@ujs.sk\">konferencia2025@ujs.sk<\/a><\/p>\n","protected":false},"excerpt":{"rendered":"<p>doc. PaedDr. Andrea Pusk\u00e1s, PhD. prorektorka pre vedu, v\u00fdskum a vonkaj\u0161ie vz\u0165ahy Univerzita J. Selyeho Bratislavsk\u00e1 cesta 3322, 945 01 Kom\u00e1rno Sekretari\u00e1t: Mgr. Klaudia Svitek Kartai Tel. \u00a0\u00a0\u00a0\u00a0\u00a0+421 35 3260 653 E-mail:\u00a0konferencia2025@ujs.sk<\/p>\n","protected":false},"author":2,"featured_media":0,"parent":0,"menu_order":0,"comment_status":"closed","ping_status":"closed","template":"","meta":{"zakra_page_container_layout":"customizer","zakra_page_sidebar_layout":"customizer","zakra_remove_content_margin":false,"zakra_sidebar":"customizer","zakra_transparent_header":"customizer","zakra_logo":0,"zakra_main_header_style":"default","zakra_menu_item_color":"","zakra_menu_item_hover_color":"","zakra_menu_item_active_color":"","zakra_menu_active_style":"","zakra_page_header":true,"footnotes":""},"class_list":["post-2743","page","type-page","status-publish","hentry"],"_links":{"self":[{"href":"https:\/\/selyetudkonf.ujs.sk\/sk\/wp-json\/wp\/v2\/pages\/2743","targetHints":{"allow":["GET"]}}],"collection":[{"href":"https:\/\/selyetudkonf.ujs.sk\/sk\/wp-json\/wp\/v2\/pages"}],"about":[{"href":"https:\/\/selyetudkonf.ujs.sk\/sk\/wp-json\/wp\/v2\/types\/page"}],"author":[{"embeddable":true,"href":"https:\/\/selyetudkonf.ujs.sk\/sk\/wp-json\/wp\/v2\/users\/2"}],"replies":[{"embeddable":true,"href":"https:\/\/selyetudkonf.ujs.sk\/sk\/wp-json\/wp\/v2\/comments?post=2743"}],"version-history":[{"count":1,"href":"https:\/\/selyetudkonf.ujs.sk\/sk\/wp-json\/wp\/v2\/pages\/2743\/revisions"}],"predecessor-version":[{"id":2744,"href":"https:\/\/selyetudkonf.ujs.sk\/sk\/wp-json\/wp\/v2\/pages\/2743\/revisions\/2744"}],"wp:attachment":[{"href":"https:\/\/selyetudkonf.ujs.sk\/sk\/wp-json\/wp\/v2\/media?parent=2743"}],"curies":[{"name":"wp","href":"https:\/\/api.w.org\/{rel}","templated":true}]}}