{"id":2732,"date":"2025-05-30T08:13:56","date_gmt":"2025-05-30T06:13:56","guid":{"rendered":"http:\/\/selyetudkonf.ujs.sk\/?page_id=2732"},"modified":"2025-08-07T14:20:55","modified_gmt":"2025-08-07T12:20:55","slug":"ucastnicky-poplatok","status":"publish","type":"page","link":"https:\/\/selyetudkonf.ujs.sk\/sk\/ucastnicky-poplatok\/","title":{"rendered":"\u00da\u010dastn\u00edcky poplatok"},"content":{"rendered":"<p>\u00da\u010dastn\u00edcky poplatok na 2 dni* &#8211; <strong>75 eur<\/strong><\/p>\n<p>Iba publik\u00e1cia (bez \u00fa\u010dasti na konferencii)<br \/>\nalebo<br \/>\nPas\u00edvna \u00fa\u010das\u0165 (bez predn\u00e1\u0161ky a publik\u00e1cie) &#8211; <strong>35 eur<br \/>\n<\/strong>Pre t\u00fdch, ktor\u00ed sa z\u00fa\u010dastnia v\u00fdlu\u010dne v online sekci\u00e1ch a nez\u00fa\u010dastnia sa konferencie osobne, je \u00fa\u010dastn\u00edcky poplatok 35 eur.<strong><br \/>\n<\/strong><\/p>\n<p>\u00da\u010dastn\u00edcky poplatok popros\u00edme uhradi\u0165 <strong>najnesk\u00f4r do 20. augusta 2025 <\/strong>na nasledovn\u00e9 \u010d\u00edslo \u00fa\u010dtu:<br \/>\n<strong>SWIFT: SPSRSKBA, IBAN: SK34 8180 0000 0070 0031 5354,<\/strong><br \/>\n<strong>VS: 1011092025, <br \/>\ndo pozn\u00e1mky pre pr\u00edjemcu popros\u00edme uvies\u0165 meno a\u00a0priezvisko \u00fa\u010dastn\u00edka.<\/strong><strong><br \/>\nPr\u00edjemca:\u00a0\u00a0\u00a0\u00a0\u00a0\u00a0\u00a0\u00a0\u00a0\u00a0\u00a0\u00a0\u00a0\u00a0\u00a0\u00a0\u00a0\u00a0\u00a0\u00a0\u00a0\u00a0\u00a0\u00a0\u00a0\u00a0\u00a0\u00a0\u00a0\u00a0 Univerzita J. Selyeho<br \/>\nBanka:\u00a0\u00a0\u00a0\u00a0\u00a0\u00a0\u00a0\u00a0\u00a0\u00a0\u00a0\u00a0\u00a0\u00a0\u00a0\u00a0\u00a0\u00a0\u00a0\u00a0\u00a0 \u00a0\u00a0\u00a0\u00a0\u00a0\u00a0\u00a0\u00a0\u00a0\u00a0\u00a0\u00a0 \u0160t\u00e1tna pokladnica<br \/>\nAdresa banky:<\/strong>\u00a0\u00a0\u00a0\u00a0\u00a0\u00a0\u00a0\u00a0\u00a0\u00a0\u00a0\u00a0\u00a0\u00a0\u00a0\u00a0 \u00a0\u00a0\u00a0\u00a0 <strong>Radlinsk\u00e9ho 32, P.O.BOX 13, 810 05 Bratislava 15<\/strong><\/p>\n<p><strong>Po\u017eiadavku na fakt\u00faru pros\u00edme uvies\u0165 vopred v Prihl\u00e1\u0161ke, a posla\u0165 aj e-mailom na <a href=\"mailto:konferencia2025@ujs.sk\">konferencia2025@ujs.sk<\/a>, a to aspo\u0148 2 t\u00fd\u017edne pred uskuto\u010dnen\u00edm prevodu.<\/strong><\/p>\n<p><strong>* \u00da\u010dastn\u00edcky poplatok zah\u0155\u0148a:<\/strong><br \/>\n\u2013 stravu:<br \/>\n\u00a01. de\u0148: 1x obed, 1x ve\u010dera<br \/>\n\u00a02. de\u0148: 1x obed<br \/>\n\u2013 n\u00e1klady na vydanie zborn\u00edka z konferencie<br \/>\n\u2013\u00a0ob\u010derstvenie v prest\u00e1vke<\/p>\n<p>Konferen\u010dn\u00fd poplatok <strong>nezah\u0155\u0148a poplatky za ubytovanie<\/strong>.<\/p>\n","protected":false},"excerpt":{"rendered":"<p>\u00da\u010dastn\u00edcky poplatok na 2 dni* &#8211; 75 eur Iba publik\u00e1cia (bez \u00fa\u010dasti na konferencii) alebo Pas\u00edvna \u00fa\u010das\u0165 (bez predn\u00e1\u0161ky a publik\u00e1cie) &#8211; 35 eur Pre t\u00fdch, ktor\u00ed sa z\u00fa\u010dastnia v\u00fdlu\u010dne v online sekci\u00e1ch a nez\u00fa\u010dastnia sa konferencie osobne, je \u00fa\u010dastn\u00edcky poplatok 35 eur. \u00da\u010dastn\u00edcky poplatok popros\u00edme uhradi\u0165 najnesk\u00f4r do 20. augusta 2025 na nasledovn\u00e9 \u010d\u00edslo [&hellip;]<\/p>\n","protected":false},"author":2,"featured_media":0,"parent":0,"menu_order":0,"comment_status":"closed","ping_status":"closed","template":"","meta":{"zakra_page_container_layout":"customizer","zakra_page_sidebar_layout":"customizer","zakra_remove_content_margin":false,"zakra_sidebar":"customizer","zakra_transparent_header":"customizer","zakra_logo":0,"zakra_main_header_style":"default","zakra_menu_item_color":"","zakra_menu_item_hover_color":"","zakra_menu_item_active_color":"","zakra_menu_active_style":"","zakra_page_header":true,"footnotes":""},"class_list":["post-2732","page","type-page","status-publish","hentry"],"_links":{"self":[{"href":"https:\/\/selyetudkonf.ujs.sk\/sk\/wp-json\/wp\/v2\/pages\/2732","targetHints":{"allow":["GET"]}}],"collection":[{"href":"https:\/\/selyetudkonf.ujs.sk\/sk\/wp-json\/wp\/v2\/pages"}],"about":[{"href":"https:\/\/selyetudkonf.ujs.sk\/sk\/wp-json\/wp\/v2\/types\/page"}],"author":[{"embeddable":true,"href":"https:\/\/selyetudkonf.ujs.sk\/sk\/wp-json\/wp\/v2\/users\/2"}],"replies":[{"embeddable":true,"href":"https:\/\/selyetudkonf.ujs.sk\/sk\/wp-json\/wp\/v2\/comments?post=2732"}],"version-history":[{"count":5,"href":"https:\/\/selyetudkonf.ujs.sk\/sk\/wp-json\/wp\/v2\/pages\/2732\/revisions"}],"predecessor-version":[{"id":2842,"href":"https:\/\/selyetudkonf.ujs.sk\/sk\/wp-json\/wp\/v2\/pages\/2732\/revisions\/2842"}],"wp:attachment":[{"href":"https:\/\/selyetudkonf.ujs.sk\/sk\/wp-json\/wp\/v2\/media?parent=2732"}],"curies":[{"name":"wp","href":"https:\/\/api.w.org\/{rel}","templated":true}]}}