{"id":2707,"date":"2025-05-30T07:55:07","date_gmt":"2025-05-30T05:55:07","guid":{"rendered":"http:\/\/selyetudkonf.ujs.sk\/?page_id=2707"},"modified":"2025-08-13T14:07:56","modified_gmt":"2025-08-13T12:07:56","slug":"pozvanka","status":"publish","type":"page","link":"https:\/\/selyetudkonf.ujs.sk\/sk\/","title":{"rendered":"Pozv\u00e1nka"},"content":{"rendered":"<p style=\"text-align: justify;\"><strong>Univerzita J. Selyeho pod z\u00e1\u0161titou rektora prof. RNDr. J\u00e1nosa T\u00f3tha, PhD., organizuje<\/strong><\/p>\n<h2 style=\"text-align: center;\"><span style=\"color: #333399;\"><strong>XVII. medzin\u00e1rodn\u00fa vedeck\u00fa konferenciu \u2013 2025<\/strong><\/span><\/h2>\n<p style=\"text-align: center;\"><strong>ktor\u00e1 sa bude kona\u0165 v d\u0148och<br \/>\n<\/strong><strong>10\u201311. septembra 2025<br \/>\n<\/strong><strong>v Konferen\u010dnom centre UJS \u2013 Hradn\u00e1 2, 945 01 Kom\u00e1rno<\/strong><\/p>\n<p style=\"text-align: justify;\">Cie\u013eom konferencie je prezent\u00e1cia vedeck\u00fdch v\u00fdsledkov pedagogick\u00fdch a\u00a0v\u00fdskumn\u00fdch pracovn\u00edkov. Konferencia vytv\u00e1ra priestor predov\u0161etk\u00fdm pre odborn\u00edkov p\u00f4sobiacich v oblasti humanitn\u00fdch vied, spolo\u010densk\u00fdch vied, pedagogick\u00fdch vied, matematiky, informatiky a pr\u00edrodn\u00fdch vied, ekon\u00f3mie a mana\u017ementu, ale srde\u010dne v\u00edtame aj odborn\u00edkov z pr\u00edbuzn\u00fdch odborov. Konferencia pon\u00faka pr\u00edle\u017eitos\u0165 na v\u00fdmenu sk\u00fasenost\u00ed a n\u00e1zorov, \u010derpanie nov\u00fdch podnetov pre v\u00fdskumn\u00fa pr\u00e1cu, nadv\u00e4zovanie kontaktov a publikovanie predn\u00e1\u0161ok.<br \/>\nTerm\u00edn prihl\u00e1senia: <strong>20. augusta 2025<\/strong><\/p>\n<p style=\"text-align: justify;\"><strong>\u00a0<\/strong>Jazyky konferencie: angli\u010dtina, ma\u010far\u010dina, sloven\u010dina, nem\u010dina<\/p>\n<p style=\"text-align: justify;\">Pr\u00edspevky jednotliv\u00fdch predn\u00e1\u0161ok, usporiadan\u00e9 pod\u013ea sekci\u00ed, bud\u00fa publikovan\u00e9 v konferen\u010dnom zborn\u00edku. Schv\u00e1len\u00e9 publik\u00e1cie bud\u00fa spr\u00edstupnen\u00e9 v\u0161etk\u00fdm z\u00e1ujemcom na webovej str\u00e1nke Univerzity J. Selyeho. Term\u00edn odovzdania rukopisov je <strong>20. september 2025<\/strong>.<\/p>\n<p style=\"text-align: justify;\"><strong><u>Pl\u00e1novan\u00e9 sekcie v jednotliv\u00fdch vedn\u00fdch oblastiach a kontaktn\u00e9 \u00fadaje ved\u00facich sekci\u00ed:<\/u><\/strong><\/p>\n<p style=\"text-align: justify;\"><strong>\u00a0<\/strong><strong>Vedn\u00e1 oblas\u0165 matematiky:<\/strong><\/p>\n<ol>\n<li style=\"text-align: justify;\"><strong>\u00a0<\/strong><strong>T\u00e9my t\u00fdkaj\u00face sa rozdelenia postupnost\u00ed<\/strong><\/li>\n<\/ol>\n<p style=\"text-align: justify;\">prof. RNDr. J\u00e1nos T\u00f3th, PhD. <a href=\"mailto:tothj@ujs.sk\">tothj@ujs.sk<\/a><\/p>\n<ol style=\"text-align: justify;\" start=\"2\">\n<li><strong>Geometria a metodika matematiky<\/strong><\/li>\n<\/ol>\n<p style=\"text-align: justify;\">Mgr. Szil\u00e1rd Svitek, PhD. <a href=\"mailto:sviteks@ujs.sk\">sviteks@ujs.sk<\/a><\/p>\n<p style=\"text-align: justify;\"><strong>Vedn\u00e1 oblas\u0165 informatiky:<\/strong><\/p>\n<ol style=\"text-align: justify;\">\n<li><strong>Aktu\u00e1lne v\u00fdzvy v\u00a0oblasti informatiky<\/strong><\/li>\n<\/ol>\n<p style=\"text-align: justify;\">RNDr. \u0160tefan Gubo, PhD. <a href=\"mailto:gubos@ujs.sk\">gubos@ujs.sk<\/a><\/p>\n<p style=\"text-align: justify;\"><strong>Vedn\u00e1 oblas\u0165 ekon\u00f3mie:<\/strong><\/p>\n<ol style=\"text-align: justify;\">\n<li><strong>Konkurencieschopnos\u0165 v\u00a021. storo\u010d\u00ed \u2013 trendy a tendencie<\/strong><\/li>\n<\/ol>\n<p style=\"text-align: justify;\">PhDr. Enik\u0151 Kahler Korcsm\u00e1ros, PhD. <a href=\"mailto:korcsmarose@ujs.sk\">korcsmarose@ujs.sk<\/a><\/p>\n<p style=\"text-align: justify;\"><strong>Vedn\u00e1 oblas\u0165 teol\u00f3gie:<\/strong><\/p>\n<ol style=\"text-align: justify;\">\n<li><strong>Teol\u00f3gie a\u00a0teol\u00f3govia: smerovania, v\u00fdskumy a osobnosti<\/strong><\/li>\n<\/ol>\n<p style=\"text-align: justify;\">Dr. habil. Viktor K\u00f3kai-Nagy, PhD. <a href=\"mailto:kokainagyv@ujs.sk\">kokainagyv@ujs.sk<\/a><\/p>\n<p style=\"text-align: justify;\"><strong>Vedn\u00e1 oblas\u0165 hist\u00f3rie:<\/strong><\/p>\n<ol style=\"text-align: justify;\">\n<li><strong>Hist\u00f3ria ako veda a ako \u0161kolsk\u00fd predmet IV.<\/strong><\/li>\n<\/ol>\n<p style=\"text-align: justify;\">Dr. habil. Barnab\u00e1s Vajda, PhD. <a href=\"mailto:vajdab@ujs.sk\">vajdab@ujs.sk<\/a><\/p>\n<p style=\"text-align: justify;\"><strong>Vedn\u00e1 oblas\u0165 filol\u00f3gie:<\/strong><\/p>\n<ol style=\"text-align: justify;\">\n<li><strong>Intercultural communication at the crossroads of linguistics, translation, and language teaching (online sekcia, iba v\u00a0anglickom jazyku)<\/strong><\/li>\n<\/ol>\n<p style=\"text-align: justify;\">Dr. habil. Anna T. Litovkina, PhD. <a href=\"mailto:litovkinaa@ujs.sk\">litovkinaa@ujs.sk<\/a><br \/>\ndoc. Oksana Magirovskaya, PhD.<\/p>\n<ol style=\"text-align: justify;\" start=\"2\">\n<li><strong>M\u00e1gia obrazu a slova (online sekcia)<\/strong><\/li>\n<\/ol>\n<p style=\"text-align: justify;\">Dr. habil. Anna T. Litovkina, PhD. <a href=\"mailto:litovkinaa@ujs.sk\">litovkinaa@ujs.sk<\/a><br \/>\nAnna Varga, PhD.<\/p>\n<ol style=\"text-align: justify;\" start=\"3\">\n<li><strong>R\u00f4znorod\u00e1 jazykoveda, literat\u00fara \u2013 dial\u00f3g kult\u00far<\/strong><\/li>\n<\/ol>\n<p style=\"text-align: justify;\">Szabolcs Simon, PhD. <a href=\"mailto:simons@ujs.sk\">simons@ujs.sk<\/a>\u00a0<br \/>\nPaedDr. Patrik Baka, PhD. <a href=\"mailto:bakap@ujs.sk\">bakap@ujs.sk<\/a><br \/>\ndoc. PaedDr. Patrik \u0160enk\u00e1r, PhD. <a href=\"mailto:senkarp@ujs.sk\">senkarp@ujs.sk<\/a><\/p>\n<p style=\"text-align: justify;\"><strong>Vedn\u00e1 oblas\u0165 pedagogiky:<\/strong><\/p>\n<ol style=\"text-align: justify;\">\n<li><strong>Storo\u010dia a v\u00fdznamn\u00e9 osobnosti hist\u00f3rie ma\u010farsk\u00fdch matersk\u00fdch \u0161k\u00f4lok a \u0161k\u00f4l<\/strong><\/li>\n<\/ol>\n<p style=\"text-align: justify;\">prof. Dr. Katalin Ambrus Attila J\u00f3zsefn\u00e9, DSc. <a href=\"mailto:kerik@ujs.sk\">kerik@ujs.sk<\/a><br \/>\nMgr. Yvette Orsovics, PhD. <a href=\"mailto:orsovicsy@ujs.sk\">orsovicsy@ujs.sk<\/a><\/p>\n<ol style=\"text-align: justify;\" start=\"2\">\n<li><strong>Umenie a vzdel\u00e1vanie v slu\u017eb\u00e1ch telesn\u00e9ho a du\u0161evn\u00e9ho zdravia<\/strong><\/li>\n<\/ol>\n<p style=\"text-align: justify;\">doc. dr. univ. Ag\u00e1ta Csehiov\u00e1, PhD. <a href=\"mailto:csehiovaa@ujs.sk\">csehiovaa@ujs.sk<\/a><br \/>\nMgr. Anita T\u00f3th-Bakos, PhD. <a href=\"mailto:tothbakosa@ujs.sk\">tothbakosa@ujs.sk<\/a><\/p>\n<ol style=\"text-align: justify;\" start=\"3\">\n<li><strong>Pedagogick\u00e9 v\u00fdskumy<\/strong><\/li>\n<\/ol>\n<p style=\"text-align: justify;\">prof. Dr. Kriszti\u00e1n J\u00f3zsa, DSc. <a href=\"mailto:jozsak@ujs.sk\">jozsak@ujs.sk<\/a><br \/>\nPaedDr. Diana Borb\u00e9lyov\u00e1, PhD. <a href=\"mailto:borbelyovad@ujs.sk\">borbelyovad@ujs.sk<\/a><\/p>\n<ol style=\"text-align: justify;\" start=\"4\">\n<li><strong>Vzdel\u00e1vanie u\u010dite\u013eov a pedagogick\u00e1 prax v minulosti, s\u00fa\u010dasnosti a bud\u00facnosti<\/strong><\/li>\n<\/ol>\n<p style=\"text-align: justify;\">prof. Dr. B\u00e9la Puk\u00e1nszky, DSc. <a href=\"mailto:pukanszkyb@ujs.sk\">pukanszkyb@ujs.sk<\/a><br \/>\nPaedDr. Be\u00e1ta Kiss <a href=\"mailto:kissb@ujs.sk\">kissb@ujs.sk<\/a><\/p>\n<p style=\"text-align: justify;\">Jednotliv\u00e9 sekcie bud\u00fa zorganizovan\u00e9 pri minim\u00e1lnom po\u010dte 5 prihl\u00e1sen\u00fdch \u00fa\u010dastn\u00edkov, v opa\u010dnom pr\u00edpade bud\u00fa sekcie zl\u00fa\u010den\u00e9.<br \/>\nPrezent\u00e1ciu predn\u00e1\u0161ok odpor\u00fa\u010dame pripravi\u0165 v MS PowerPoint alebo Prezi. \u010cas prezent\u00e1cie (ak organiza\u010dn\u00fd v\u00fdbor neur\u010d\u00ed inak) je 15 min\u00fat + 5 min\u00fat na diskusiu.<\/p>\n<p style=\"text-align: justify;\">Prihl\u00e1si\u0165 sa m\u00f4\u017eete v z\u00e1lo\u017eke <a href=\"\/sk\/prihlaska\/\" target=\"_blank\" rel=\"noopener\">Prihl\u00e1\u0161ka<\/a>.<\/p>\n<p style=\"text-align: justify;\">\u00a0<\/p>\n","protected":false},"excerpt":{"rendered":"<p>Univerzita J. Selyeho pod z\u00e1\u0161titou rektora prof. RNDr. J\u00e1nosa T\u00f3tha, PhD., organizuje XVII. medzin\u00e1rodn\u00fa vedeck\u00fa konferenciu \u2013 2025 ktor\u00e1 sa bude kona\u0165 v d\u0148och 10\u201311. septembra 2025 v Konferen\u010dnom centre UJS \u2013 Hradn\u00e1 2, 945 01 Kom\u00e1rno Cie\u013eom konferencie je prezent\u00e1cia vedeck\u00fdch v\u00fdsledkov pedagogick\u00fdch a\u00a0v\u00fdskumn\u00fdch pracovn\u00edkov. Konferencia vytv\u00e1ra priestor predov\u0161etk\u00fdm pre odborn\u00edkov p\u00f4sobiacich v oblasti [&hellip;]<\/p>\n","protected":false},"author":2,"featured_media":0,"parent":0,"menu_order":0,"comment_status":"closed","ping_status":"closed","template":"","meta":{"zakra_page_container_layout":"customizer","zakra_page_sidebar_layout":"customizer","zakra_remove_content_margin":false,"zakra_sidebar":"customizer","zakra_transparent_header":"customizer","zakra_logo":0,"zakra_main_header_style":"default","zakra_menu_item_color":"","zakra_menu_item_hover_color":"","zakra_menu_item_active_color":"","zakra_menu_active_style":"","zakra_page_header":true,"footnotes":""},"class_list":["post-2707","page","type-page","status-publish","hentry"],"_links":{"self":[{"href":"https:\/\/selyetudkonf.ujs.sk\/sk\/wp-json\/wp\/v2\/pages\/2707","targetHints":{"allow":["GET"]}}],"collection":[{"href":"https:\/\/selyetudkonf.ujs.sk\/sk\/wp-json\/wp\/v2\/pages"}],"about":[{"href":"https:\/\/selyetudkonf.ujs.sk\/sk\/wp-json\/wp\/v2\/types\/page"}],"author":[{"embeddable":true,"href":"https:\/\/selyetudkonf.ujs.sk\/sk\/wp-json\/wp\/v2\/users\/2"}],"replies":[{"embeddable":true,"href":"https:\/\/selyetudkonf.ujs.sk\/sk\/wp-json\/wp\/v2\/comments?post=2707"}],"version-history":[{"count":6,"href":"https:\/\/selyetudkonf.ujs.sk\/sk\/wp-json\/wp\/v2\/pages\/2707\/revisions"}],"predecessor-version":[{"id":2845,"href":"https:\/\/selyetudkonf.ujs.sk\/sk\/wp-json\/wp\/v2\/pages\/2707\/revisions\/2845"}],"wp:attachment":[{"href":"https:\/\/selyetudkonf.ujs.sk\/sk\/wp-json\/wp\/v2\/media?parent=2707"}],"curies":[{"name":"wp","href":"https:\/\/api.w.org\/{rel}","templated":true}]}}