{"id":2572,"date":"2024-04-23T09:21:50","date_gmt":"2024-04-23T07:21:50","guid":{"rendered":"http:\/\/selyetudkonf.ujs.sk\/?page_id=2572"},"modified":"2024-04-23T09:27:17","modified_gmt":"2024-04-23T07:27:17","slug":"konferencny-poplatok","status":"publish","type":"page","link":"https:\/\/selyetudkonf.ujs.sk\/sk\/2024-2\/konferencny-poplatok\/","title":{"rendered":"Konferen\u010dn\u00fd poplatok"},"content":{"rendered":"<table style=\"border-collapse: collapse;\" border=\"1px solid black\" cellpadding=\"5px\">\n<tbody>\n<tr>\n<td style=\"vertical-align: middle; text-align: center;\" rowspan=\"2\"><strong>Konferen\u010dn\u00fd poplatok<\/strong><\/td>\n<td>Pre \u00fa\u010dastn\u00edka na 2 dni*<\/td>\n<td><strong>75 \u20ac<\/strong><\/td>\n<\/tr>\n<tr>\n<td>Mo\u017enos\u0165 publik\u00e1cie (bez predn\u00e1\u0161ky na konferencii)<br \/>\nalebo<br \/>\npas\u00edvna \u00fa\u010das\u0165 (bez predn\u00e1\u0161ky a publik\u00e1cie)<\/td>\n<td style=\"vertical-align: middle; text-align: center;\"><strong>35 \u20ac<\/strong><\/td>\n<\/tr>\n<tr>\n<td style=\"vertical-align: middle; text-align: center;\"><strong>Sp\u00f4sob platby<\/strong><\/td>\n<td><strong>Konferen\u010dn\u00fd poplatok<\/strong> pros\u00edme uhradi\u0165 <strong>do 20. 8. 2024 <\/strong>na \u00fa\u010det:<br \/>\n<strong>SWIFT: SPSRSKBA,\u00a0 IBAN: SK34 8180 0000 0070 0031 5354<\/strong><strong>,<\/strong><strong><br \/>\nVS: d\u00e1tum konferencie; v spr\u00e1ve pre adres\u00e1ta<\/strong> pros\u00edme uvies\u0165 <strong><em>va\u0161e priezvisko a meno<\/em><\/strong>.<br \/>\n<strong>Pr\u00edjemca: <\/strong><strong>Univerzita J. Selyeho<br \/>\nBanka:\u00a0\u00a0\u00a0\u00a0 \u0160t\u00e1tna pokladnica<br \/>\nAdresa:\u00a0\u00a0\u00a0 Radlinsk\u00e9ho 32, P.O.BOX 13, 810 05 Bratislava 15<\/strong><\/td>\n<td>&nbsp;<\/td>\n<\/tr>\n<\/tbody>\n<\/table>\n<p><strong>O vystavenie fakt\u00fary pros\u00edme vopred po\u017eiada\u0165 na elektronickej Prihl\u00e1\u0161ke ako aj na e-mailovej adrese <a href=\"mailto:konferencia@ujs.sk\">konferencia@ujs.sk<\/a> 2 t\u00fd\u017edne e\u0161te pred uskuto\u010dnen\u00edm prevodu !<\/strong><br \/>\n<span style=\"color: #000000;\"><strong>*<\/strong> Konferen\u010dn\u00fd poplatok <strong>pre \u00fa\u010dastn\u00edka na 2 dni obsahuje:<\/strong><\/span><br \/>\n<span style=\"color: #000000;\"><strong>\u00a0&#8211; stravu:<br \/>\n<\/strong>1. de\u0148: 1x obed, 1x ve\u010dera<\/span><br \/>\n<span style=\"color: #000000;\">2. de\u0148: 1x obed<\/span><\/p>\n<p><span style=\"color: #000000;\">&#8211; n\u00e1klady na vydanie zborn\u00edka<\/span><br \/>\n<span style=\"color: #000000;\">&#8211; <strong>ob\u010derstvenie<\/strong> v prest\u00e1vkach<\/span><\/p>\n<p><span style=\"color: #000000;\">Konferen\u010dn\u00fd poplatok <strong>nezahr\u0148uje poplatky za ubytovanie<\/strong>.<\/span><\/p>\n<p>&nbsp;<\/p>\n","protected":false},"excerpt":{"rendered":"<p>Konferen\u010dn\u00fd poplatok Pre \u00fa\u010dastn\u00edka na 2 dni* 75 \u20ac Mo\u017enos\u0165 publik\u00e1cie (bez predn\u00e1\u0161ky na konferencii) alebo pas\u00edvna \u00fa\u010das\u0165 (bez predn\u00e1\u0161ky a publik\u00e1cie) 35 \u20ac Sp\u00f4sob platby Konferen\u010dn\u00fd poplatok pros\u00edme uhradi\u0165 do 20. 8. 2024 na \u00fa\u010det: SWIFT: SPSRSKBA,\u00a0 IBAN: SK34 8180 0000 0070 0031 5354, VS: d\u00e1tum konferencie; v spr\u00e1ve pre adres\u00e1ta pros\u00edme uvies\u0165 va\u0161e [&hellip;]<\/p>\n","protected":false},"author":2,"featured_media":0,"parent":2542,"menu_order":0,"comment_status":"closed","ping_status":"closed","template":"","meta":{"zakra_page_container_layout":"customizer","zakra_page_sidebar_layout":"customizer","zakra_remove_content_margin":false,"zakra_sidebar":"customizer","zakra_transparent_header":"customizer","zakra_logo":0,"zakra_main_header_style":"default","zakra_menu_item_color":"","zakra_menu_item_hover_color":"","zakra_menu_item_active_color":"","zakra_menu_active_style":"","zakra_page_header":true,"footnotes":""},"class_list":["post-2572","page","type-page","status-publish","hentry"],"_links":{"self":[{"href":"https:\/\/selyetudkonf.ujs.sk\/sk\/wp-json\/wp\/v2\/pages\/2572","targetHints":{"allow":["GET"]}}],"collection":[{"href":"https:\/\/selyetudkonf.ujs.sk\/sk\/wp-json\/wp\/v2\/pages"}],"about":[{"href":"https:\/\/selyetudkonf.ujs.sk\/sk\/wp-json\/wp\/v2\/types\/page"}],"author":[{"embeddable":true,"href":"https:\/\/selyetudkonf.ujs.sk\/sk\/wp-json\/wp\/v2\/users\/2"}],"replies":[{"embeddable":true,"href":"https:\/\/selyetudkonf.ujs.sk\/sk\/wp-json\/wp\/v2\/comments?post=2572"}],"version-history":[{"count":2,"href":"https:\/\/selyetudkonf.ujs.sk\/sk\/wp-json\/wp\/v2\/pages\/2572\/revisions"}],"predecessor-version":[{"id":2580,"href":"https:\/\/selyetudkonf.ujs.sk\/sk\/wp-json\/wp\/v2\/pages\/2572\/revisions\/2580"}],"up":[{"embeddable":true,"href":"https:\/\/selyetudkonf.ujs.sk\/sk\/wp-json\/wp\/v2\/pages\/2542"}],"wp:attachment":[{"href":"https:\/\/selyetudkonf.ujs.sk\/sk\/wp-json\/wp\/v2\/media?parent=2572"}],"curies":[{"name":"wp","href":"https:\/\/api.w.org\/{rel}","templated":true}]}}