{"id":2546,"date":"2024-04-23T09:04:25","date_gmt":"2024-04-23T07:04:25","guid":{"rendered":"http:\/\/selyetudkonf.ujs.sk\/?page_id=2546"},"modified":"2024-09-05T13:01:45","modified_gmt":"2024-09-05T11:01:45","slug":"pozvanka","status":"publish","type":"page","link":"https:\/\/selyetudkonf.ujs.sk\/sk\/2024-2\/pozvanka\/","title":{"rendered":"Pozv\u00e1nka"},"content":{"rendered":"<p style=\"text-align: justify;\"><strong>V\u00e1\u017een\u00e9 kolegyne a v\u00e1\u017een\u00ed kolegovia,<\/strong><br \/>\n<strong>oznamujeme V\u00e1m, \u017ee Univerzita J. Selyeho pod z\u00e1\u0161titou Dr. habil. PaedDr. Gy\u00f6rgya Juh\u00e1sza, PhD. rektora univerzity organizuje<\/strong><\/p>\n<h1 style=\"text-align: center;\"><span style=\"color: #000080;\"><strong>Medzin\u00e1rodn\u00fa vedeck\u00fa konferenciu<br \/>\nUniverzity J. Selyeho \u2013 2024,<\/strong><\/span><\/h1>\n<p style=\"text-align: center;\"><strong>ktor\u00e1 sa bude kona\u0165 v d\u0148och<\/strong><br \/>\n<strong>11.\u201312. septembra 2024<\/strong><br \/>\n<strong>v Konferen\u010dnom centre UJS \u2013 Hradn\u00e1 2, 945 01 Kom\u00e1rno<\/strong><\/p>\n<p style=\"text-align: justify;\">Cie\u013eom konferencie je prezent\u00e1cia v\u00fdsledkov pr\u00e1ce vedeck\u00fdch, vedecko-v\u00fdskumn\u00fdch a pedagogick\u00fdch pracovn\u00edkov. Tohtoro\u010dn\u00e1 konferencia je ur\u010den\u00e1 predov\u0161etk\u00fdm pre odborn\u00edkov zaoberaj\u00facich sa vedn\u00fdmi oblas\u0165ami: humanitn\u00e9 vedy, spolo\u010densk\u00e9 vedy, pedagogick\u00e9 vedy, matematick\u00e9, informatick\u00e9 a pr\u00edrodn\u00e9 vedy, ekonomick\u00e9 vedy a riadenie podniku, ale v\u00edtan\u00ed s\u00fa aj \u00fa\u010dastn\u00edci z pr\u00edbuzn\u00fdch odborov. Konferencia d\u00e1va priestor na v\u00fdmenu n\u00e1zorov a sk\u00fasenost\u00ed, na z\u00edskanie nov\u00fdch n\u00e1padov pre vedeck\u00fa pr\u00e1cu, nadviaza\u0165 kontakty a poskytne aj mo\u017enos\u0165 uverejnenia pr\u00edspevkov.<\/p>\n<p style=\"text-align: justify;\">Konferencia sa uskuto\u010dn\u00ed v\u00a0d\u0148och <strong>11.\u201312. septembra 2024<\/strong>. Rokovanie bude prebieha\u0165 v sekci\u00e1ch.<\/p>\n<p style=\"text-align: justify;\">Jednotliv\u00e9 pr\u00edspevky bud\u00fa publikovan\u00e9 v\u00a0zborn\u00edku konferencie. <strong>V\u0161etky prijat\u00e9 publik\u00e1cie bud\u00fa vo\u013ene dostupn\u00e9 na internete.\u00a0<\/strong>Term\u00edn odovzdania rukopisov na publikovanie: <strong>20.9.2024.<\/strong><\/p>\n<p style=\"text-align: justify;\">Pl\u00e1novan\u00e9 sekcie a kontakty:<\/p>\n<p style=\"text-align: justify;\">\u2013 <strong>Sekcia matematiky<\/strong><br \/>\nDoc. RNDr. Filip Ferdin\u00e1nd, PhD., \u00a0<a href=\"mailto:filipf@ujs.sk\">filipf@ujs.sk<\/a><\/p>\n<p><strong>\u2013 Sekcia informatiky<\/strong><br \/>\nRNDr. \u0160tefan Gubo, PhD., <a href=\"mailto:gubos@ujs.sk\">gubos@ujs.sk<\/a><\/p>\n<p style=\"text-align: justify;\">\u2013 <strong>Konkurencieschopnos\u0165 v 21. storo\u010d\u00ed &#8211; trendy a\u00a0tendencie<br \/>\n<\/strong>\u00a0PhDr. Enik\u0151 Kahler Korcsm\u00e1ros, PhD., <a href=\"mailto:korcsmarose@ujs.sk\">korcsmarose@ujs.sk<\/a><\/p>\n<p style=\"text-align: justify;\"><strong>\u2013 Jazyky literat\u00fary, politiky a kult\u00fary<\/strong><strong><br \/>\n<\/strong>Szabolcs Simon, PhD., <a href=\"mailto:simons@ujs.sk\">simons@ujs.sk<\/a> &#8211; PaedDr. Patrik Baka, PhD., <a href=\"mailto:bakap@ujs.sk\">bakap@ujs.sk<\/a><\/p>\n<p style=\"text-align: justify;\"><strong>\u2013 Intercultural communication at the crossroads of linguistics, translation, and language teaching 3<\/strong><strong><br \/>\n<\/strong>Dr. habil. Anna T\u00f3thn\u00e9 Litovkina, PhD., <a href=\"mailto:litovkinaa@ujs.sk\">litovkinaa@ujs.sk<\/a> \u2013 Dr. habil. G\u00e1bor Vilmos Gy\u0151ri, PhD., <a href=\"mailto:gyorig@ujs.sk\">gyorig@ujs.sk<\/a><\/p>\n<p style=\"text-align: justify;\"><strong>\u2013 Zdravotn\u00e1 v\u00fdchova, podpora zdravia a hygiena<\/strong><strong><br \/>\n<\/strong>Dr. habil. PaedDr. Melinda Nagy,PhD., <a href=\"mailto:nagym@ujs.sk\">nagym@ujs.sk<\/a> &#8211; Ing. Iveta Szencziov\u00e1,PhD., <a href=\"mailto:szencziovai@ujs.sk\">szencziovai@ujs.sk<\/a><\/p>\n<p style=\"text-align: justify;\"><strong>\u2013 <\/strong><strong>Perspekt\u00edvy v\u00fdchovy a rozvoja det\u00ed ran\u00e9ho veku<br \/>\n<\/strong>prof. Dr. Kriszti\u00e1n J\u00f3zsa, PhD., <a href=\"mailto:jozsak@ujs.sk\">jozsak@ujs.sk<\/a> &#8211; PaedDr. Diana Borb\u00e9lyov\u00e1, PhD., <a href=\"mailto:borbelyovad@ujs.sk\">borbelyovad@ujs.sk<\/a><\/p>\n<p style=\"text-align: justify;\"><strong>\u2013 Umenie a kult\u00fara &#8211; vo svetle vzdel\u00e1vania, pr\u00edprava pedag\u00f3gov, rozv\u00edjania osobnosti a talentu, inkluz\u00edvneho vzdel\u00e1vania<\/strong><strong><br \/>\n<\/strong>Doc. dr. univ. Ag\u00e1ta Csehiov\u00e1, PhD. <a href=\"mailto:csehiovaa@ujs.sk\">csehiovaa@ujs.sk<\/a> &#8211; Mgr. Yvette Orsovics, PhD.\u00a0 <a href=\"mailto:orsovicsy@ujs.sk\">orsovicsy@ujs.sk<\/a><\/p>\n<p style=\"text-align: justify;\"><strong>\u2013 \u017deny vo vzdel\u00e1van\u00ed a v oblasti umenia<br \/>\n<\/strong>Ambrusn\u00e9 prof. Dr. K\u00e9ri Katalin, DSc., <a href=\"mailto:kerik@ujs.sk\">kerik@ujs.sk<\/a>\u00a0 \u2013 Katalin Kanczn\u00e9 Nagy, PhD. <a href=\"mailto:kancznenagyk@ujs.sk\">kancznenagyk@ujs.sk<\/a><\/p>\n<p style=\"text-align: justify;\"><strong>\u2013 Minulos\u0165, s\u00fa\u010dasnos\u0165 a bud\u00facnos\u0165 pregradu\u00e1lnej pr\u00edpravy u\u010dite\u013eov<\/strong><strong><br \/>\n<\/strong>Prof. Dr. B\u00e9la Puk\u00e1nszky, DSc., <a href=\"mailto:pukanszkyb@ujs.sk\">pukanszkyb@ujs.sk<\/a> \u2013 PaedDr. Kiss Be\u00e1ta, <a href=\"mailto:kissb@ujs.sk\">kissb@ujs.sk<\/a><\/p>\n<p style=\"text-align: justify;\"><strong>&#8211; Aktu\u00e1lne v\u00fdzvy v\u00fdu\u010dby cudz\u00edch jazykov v krajin\u00e1ch V4<\/strong><strong><br \/>\n<\/strong>Dr. phil. Mgr. Attila M\u00e9sz\u00e1ros, <a href=\"mailto:meszarosa@ujs.sk\">meszarosa@ujs.sk<\/a><\/p>\n<p style=\"text-align: justify;\"><strong>&#8211; Hist\u00f3ria ako veda a dejepis ako vyu\u010duj\u00faci predmet III.<\/strong><strong><br \/>\n<\/strong>Dr. habil. Barnab\u00e1s Vajda, PhD. <a href=\"mailto:vajdab@ujs.sk\">vajdab@ujs.sk<\/a><\/p>\n<p><strong>&#8211; Hodnotovo orientovan\u00e9 formy rozvoja particip\u00e1cie \u0161tudentov, kl\u00edma a well being v \u0161kolskom prostred\u00ed<\/strong><br \/>\nPhDr. Silvia T\u00f3bi\u00e1s Kos\u00e1r, PhD., <a href=\"mailto:kosars@ujs.sk\">kosars@ujs.sk<\/a> \u2013 Mgr. Tibor Zsigmond, PhD., <a href=\"mailto:zsigmondt@ujs.sk\">zsigmondt@ujs.sk<\/a><\/p>\n<p style=\"text-align: justify;\">&#8211; <strong>Teologick\u00e1 sekcia<br \/>\n<\/strong>PaedDr. Attila Pethe\u0151, PhD., <a href=\"mailto:petheoa@ujs.sk\">petheoa@ujs.sk<\/a><\/p>\n<p style=\"text-align: justify;\">Prezent\u00e1ciu pr\u00edspevkov odpor\u00fa\u010dame pripravi\u0165 v\u00a0MS PowerPoint, pri\u010dom \u010das na prezent\u00e1ciu plen\u00e1rnych predn\u00e1\u0161ok bude 20-30 min., a \u010das na predn\u00e1\u0161ky v sekci\u00e1ch bude ohrani\u010den\u00fd na 15 min. + 5 min. na diskusiu (ak organiza\u010dn\u00fd v\u00fdbor neur\u010d\u00ed inak) pre dan\u00fa sekciu.<\/p>\n<p style=\"text-align: justify;\">S pozdravom<\/p>\n<p style=\"text-align: justify;\"><strong>Usporiadatelia<br \/>\n<\/strong>V Kom\u00e1rne 15.04.2024<\/p>\n<p style=\"text-align: justify;\">\u00a0<\/p>\n","protected":false},"excerpt":{"rendered":"<p>V\u00e1\u017een\u00e9 kolegyne a v\u00e1\u017een\u00ed kolegovia, oznamujeme V\u00e1m, \u017ee Univerzita J. Selyeho pod z\u00e1\u0161titou Dr. habil. PaedDr. Gy\u00f6rgya Juh\u00e1sza, PhD. rektora univerzity organizuje Medzin\u00e1rodn\u00fa vedeck\u00fa konferenciu Univerzity J. Selyeho \u2013 2024, ktor\u00e1 sa bude kona\u0165 v d\u0148och 11.\u201312. septembra 2024 v Konferen\u010dnom centre UJS \u2013 Hradn\u00e1 2, 945 01 Kom\u00e1rno Cie\u013eom konferencie je prezent\u00e1cia v\u00fdsledkov pr\u00e1ce [&hellip;]<\/p>\n","protected":false},"author":2,"featured_media":0,"parent":2542,"menu_order":0,"comment_status":"closed","ping_status":"closed","template":"","meta":{"zakra_page_container_layout":"customizer","zakra_page_sidebar_layout":"customizer","zakra_remove_content_margin":false,"zakra_sidebar":"customizer","zakra_transparent_header":"customizer","zakra_logo":0,"zakra_main_header_style":"default","zakra_menu_item_color":"","zakra_menu_item_hover_color":"","zakra_menu_item_active_color":"","zakra_menu_active_style":"","zakra_page_header":true,"footnotes":""},"class_list":["post-2546","page","type-page","status-publish","hentry"],"_links":{"self":[{"href":"https:\/\/selyetudkonf.ujs.sk\/sk\/wp-json\/wp\/v2\/pages\/2546","targetHints":{"allow":["GET"]}}],"collection":[{"href":"https:\/\/selyetudkonf.ujs.sk\/sk\/wp-json\/wp\/v2\/pages"}],"about":[{"href":"https:\/\/selyetudkonf.ujs.sk\/sk\/wp-json\/wp\/v2\/types\/page"}],"author":[{"embeddable":true,"href":"https:\/\/selyetudkonf.ujs.sk\/sk\/wp-json\/wp\/v2\/users\/2"}],"replies":[{"embeddable":true,"href":"https:\/\/selyetudkonf.ujs.sk\/sk\/wp-json\/wp\/v2\/comments?post=2546"}],"version-history":[{"count":8,"href":"https:\/\/selyetudkonf.ujs.sk\/sk\/wp-json\/wp\/v2\/pages\/2546\/revisions"}],"predecessor-version":[{"id":2661,"href":"https:\/\/selyetudkonf.ujs.sk\/sk\/wp-json\/wp\/v2\/pages\/2546\/revisions\/2661"}],"up":[{"embeddable":true,"href":"https:\/\/selyetudkonf.ujs.sk\/sk\/wp-json\/wp\/v2\/pages\/2542"}],"wp:attachment":[{"href":"https:\/\/selyetudkonf.ujs.sk\/sk\/wp-json\/wp\/v2\/media?parent=2546"}],"curies":[{"name":"wp","href":"https:\/\/api.w.org\/{rel}","templated":true}]}}