{"id":2340,"date":"2022-09-07T11:34:50","date_gmt":"2022-09-07T09:34:50","guid":{"rendered":"http:\/\/selyetudkonf.ujs.sk\/?page_id=2340"},"modified":"2022-09-12T15:38:00","modified_gmt":"2022-09-12T13:38:00","slug":"program","status":"publish","type":"page","link":"https:\/\/selyetudkonf.ujs.sk\/sk\/2022-2\/program\/","title":{"rendered":"Program"},"content":{"rendered":"<table>\n<tbody>\n<tr>\n<td colspan=\"3\">\n<p style=\"text-align: center;\"><strong>A KONFERENCIA KERETPROGRAMJA &#8211; R\u00c1MCOV\u00dd PROGRAM KONFERENCIE<\/strong><\/p>\n<\/td>\n<\/tr>\n<tr>\n<td rowspan=\"10\">\n<p><strong>2022. szeptember 12.<\/strong><\/p>\n<p><strong>\u00a012. september 2022<\/strong><\/p>\n<p><strong>\u00a0<\/strong><\/p>\n<p>&nbsp;<\/p>\n<p>&nbsp;<\/p>\n<p>&nbsp;<\/p>\n<p>&nbsp;<\/p>\n<p>&nbsp;<\/p>\n<p>&nbsp;<\/p>\n<p>&nbsp;<\/p>\n<\/td>\n<td>\n<p>08.30 \u2013 09.45<\/p>\n<\/td>\n<td>\n<p>A r\u00e9sztvev\u0151k regisztr\u00e1l\u00e1sa\u00a0 &#8211; Registr\u00e1cia\u00a0 \u00fa\u010dastn\u00edkov<\/p>\n<\/td>\n<\/tr>\n<tr>\n<td>\n<p>09.45 \u2013 10.00<\/p>\n<\/td>\n<td rowspan=\"2\">\n<p>A SJE rektor\u00e1nak \u00fcdv\u00f6zl\u0151 besz\u00e9de &#8211; Pr\u00edhovor rektora UJS<\/p>\n<\/td>\n<\/tr>\n<tr>\n<td>\n<p>&nbsp;<\/p>\n<\/td>\n<\/tr>\n<tr>\n<td>\n<p>10.00 \u2013 11.30<\/p>\n<\/td>\n<td>\n<p><strong>Plen\u00e1ris szekci\u00f3 \u2013 Plen\u00e1rna sekcia<\/strong><\/p>\n<\/td>\n<\/tr>\n<tr>\n<td>\n<p>&nbsp;<\/p>\n<\/td>\n<td rowspan=\"2\">\n<p><strong><em>Polg\u00e1r Anik\u00f3:<\/em><\/strong> <strong><em>\u201eTudunk verselni eg\u00e9szen antik m\u00f3dra\u201d. A formah\u0171s\u00e9g k\u00e9rd\u00e9se a magyar m\u0171ford\u00edt\u00e1s-t\u00f6rt\u00e9netben<\/em><\/strong><\/p>\n<\/td>\n<\/tr>\n<tr>\n<td>\n<p>&nbsp;<\/p>\n<\/td>\n<\/tr>\n<tr>\n<td>\n<p>&nbsp;<\/p>\n<\/td>\n<td>\n<p><strong><em>P\u00e1sztori Kup\u00e1n Istv\u00e1n<\/em><\/strong><em>: <\/em><strong><em>Hit \u00e9s tudom\u00e1ny, avagy Plat\u00f3n \u00e9s Arisztotel\u00e9sz a kereszty\u00e9n gondolkod\u00e1sban<\/em><\/strong><\/p>\n<\/td>\n<\/tr>\n<tr>\n<td>\n<p>11.30 \u2013 13.00<\/p>\n<\/td>\n<td>\n<p>Eb\u00e9d &#8211; Obed<\/p>\n<\/td>\n<\/tr>\n<tr>\n<td>\n<p>13.00 \u2013 17.40<\/p>\n<\/td>\n<td>\n<p>Szekci\u00f3\u00fcl\u00e9sek- Rokovanie v sekci\u00e1ch<\/p>\n<\/td>\n<\/tr>\n<tr>\n<td>\n<p>18:00 \u2013\u00a0 20:00<\/p>\n<\/td>\n<td>\n<p>Vacsora &#8211; Ve\u010dera<\/p>\n<\/td>\n<\/tr>\n<tr>\n<td>\n<p>&nbsp;<\/p>\n<\/td>\n<td>\n<p>&nbsp;<\/p>\n<\/td>\n<td>\n<p>&nbsp;<\/p>\n<\/td>\n<\/tr>\n<tr>\n<td rowspan=\"5\">\n<p><strong>2022. szeptember 13.<\/strong><\/p>\n<p><strong>\u00a013. september 2022<\/strong><\/p>\n<p>&nbsp;<\/p>\n<p>&nbsp;<\/p>\n<\/td>\n<td>\n<p>08:30 \u2013 09:00<\/p>\n<\/td>\n<td>\n<p>A r\u00e9sztvev\u0151k regisztr\u00e1l\u00e1sa \u2013 Registr\u00e1cia \u00fa\u010dastn\u00edkov<\/p>\n<\/td>\n<\/tr>\n<tr>\n<td>\n<p>09:00 \u2013 12:00<\/p>\n<\/td>\n<td>\n<p>Szekci\u00f3\u00fcl\u00e9sek- Rokovanie v sekci\u00e1ch<\/p>\n<\/td>\n<\/tr>\n<tr>\n<td>\n<p>12:00 \u2013 13:00<\/p>\n<\/td>\n<td>\n<p>Eb\u00e9d &#8211; Obed<\/p>\n<\/td>\n<\/tr>\n<tr>\n<td>\n<p>13:00 \u2013 16:00<\/p>\n<\/td>\n<td>\n<p>Szekci\u00f3\u00fcl\u00e9sek- Rokovanie v sekci\u00e1ch<\/p>\n<\/td>\n<\/tr>\n<tr>\n<td>\n<p>14:00 \u2013 15:00<\/p>\n<\/td>\n<td>\n<p>Er\u0151dl\u00e1togat\u00e1s \u2013 N\u00e1v\u0161teva pevnosti<\/p>\n<\/td>\n<\/tr>\n<\/tbody>\n<\/table>\n<p style=\"text-align: center;\">Sekcie<\/p>\n<p style=\"text-align: center;\"><a href=\"http:\/\/selyetudkonf.ujs.sk\/wp-content\/uploads\/2022\/09\/Program_mat_inf_szekcio_NTK-2022_1.pdf\">Sekcia matematiky a informatiky<\/a><br \/>\n<a href=\"http:\/\/selyetudkonf.ujs.sk\/wp-content\/uploads\/2022\/09\/Program_2022_slov-magy_BrdarSzaboR-LitovkinaA-ok-jav-final.pdf\">Intercultural communication at the crossroads of linguistics, translation, and language teaching<\/a><br \/>\n<a href=\"http:\/\/selyetudkonf.ujs.sk\/wp-content\/uploads\/2022\/09\/Program_2022_slov-magy_Jozsak-BorbelyD-ok_final.pdf\">Podpora rozv\u00edjania osobnosti die\u0165a\u0165a<\/a><br \/>\n<a href=\"http:\/\/selyetudkonf.ujs.sk\/wp-content\/uploads\/2022\/09\/Program_2022_slov-magy_KeriK-KanczneNagyK-ok-jav.pdf\">Dejiny pedagogiky v digit\u00e1lnom veku<\/a><br \/>\n<a href=\"http:\/\/selyetudkonf.ujs.sk\/wp-content\/uploads\/2022\/09\/Program_2022_speakers-1.pdf\">Konkurencieschopnos\u0165 v 21. storo\u010d\u00ed \u2013 trendy a tendencie<\/a><br \/>\n<a href=\"http:\/\/selyetudkonf.ujs.sk\/wp-content\/uploads\/2022\/09\/Program_mad_slov_teologiai_szekcio_NTK-2022-jav1.pdf\">Teologick\u00e1 sekcia<\/a> <a href=\"http:\/\/selyetudkonf.ujs.sk\/wp-content\/uploads\/2022\/09\/Program_mad_slov_interkulturalis_SimonSz_szekcio_NTK-2022-ok.pdf\">Interkult\u00farne spolo\u010densk\u00e9, liter\u00e1rne a jazykov\u00e9 kontakty<\/a><br \/>\n<a href=\"http:\/\/selyetudkonf.ujs.sk\/wp-content\/uploads\/2022\/09\/Program_mad_slov_Tortenelem_Vajda_szekcio_NTK-2022-ok.pdf\">Hist\u00f3ria ako veda a dejepis ako \u0161kolsk\u00fd predmet I.<\/a><br \/>\n<a href=\"http:\/\/selyetudkonf.ujs.sk\/wp-content\/uploads\/2022\/09\/Program_mad_slov_Tukrozott_TothBakosA_szekcio_NTK-2022-ok.pdf\">Met\u00f3da prevr\u00e1tenej triedy vo v\u00fdchovno-vzdel\u00e1vacom procese <\/a><br \/>\n<a href=\"http:\/\/selyetudkonf.ujs.sk\/wp-content\/uploads\/2022\/09\/Program_Komarno_2022_09_12_Volee_2.pdf\">Enhancing volunteering and its recognition in higher education curricula and on the labour market in Eastern Europe (VOLEE) &#8211; Open Doors<\/a><\/p>\n","protected":false},"excerpt":{"rendered":"<p>A KONFERENCIA KERETPROGRAMJA &#8211; R\u00c1MCOV\u00dd PROGRAM KONFERENCIE 2022. szeptember 12. \u00a012. september 2022 \u00a0 &nbsp; &nbsp; &nbsp; &nbsp; &nbsp; &nbsp; &nbsp; 08.30 \u2013 09.45 A r\u00e9sztvev\u0151k regisztr\u00e1l\u00e1sa\u00a0 &#8211; Registr\u00e1cia\u00a0 \u00fa\u010dastn\u00edkov 09.45 \u2013 10.00 A SJE rektor\u00e1nak \u00fcdv\u00f6zl\u0151 besz\u00e9de &#8211; Pr\u00edhovor rektora UJS &nbsp; 10.00 \u2013 11.30 Plen\u00e1ris szekci\u00f3 \u2013 Plen\u00e1rna sekcia &nbsp; Polg\u00e1r Anik\u00f3: \u201eTudunk [&hellip;]<\/p>\n","protected":false},"author":2,"featured_media":0,"parent":2195,"menu_order":0,"comment_status":"closed","ping_status":"closed","template":"","meta":{"zakra_page_container_layout":"customizer","zakra_page_sidebar_layout":"customizer","zakra_remove_content_margin":false,"zakra_sidebar":"customizer","zakra_transparent_header":"customizer","zakra_logo":0,"zakra_main_header_style":"default","zakra_menu_item_color":"","zakra_menu_item_hover_color":"","zakra_menu_item_active_color":"","zakra_menu_active_style":"","zakra_page_header":true,"footnotes":""},"class_list":["post-2340","page","type-page","status-publish","hentry"],"_links":{"self":[{"href":"https:\/\/selyetudkonf.ujs.sk\/sk\/wp-json\/wp\/v2\/pages\/2340","targetHints":{"allow":["GET"]}}],"collection":[{"href":"https:\/\/selyetudkonf.ujs.sk\/sk\/wp-json\/wp\/v2\/pages"}],"about":[{"href":"https:\/\/selyetudkonf.ujs.sk\/sk\/wp-json\/wp\/v2\/types\/page"}],"author":[{"embeddable":true,"href":"https:\/\/selyetudkonf.ujs.sk\/sk\/wp-json\/wp\/v2\/users\/2"}],"replies":[{"embeddable":true,"href":"https:\/\/selyetudkonf.ujs.sk\/sk\/wp-json\/wp\/v2\/comments?post=2340"}],"version-history":[{"count":8,"href":"https:\/\/selyetudkonf.ujs.sk\/sk\/wp-json\/wp\/v2\/pages\/2340\/revisions"}],"predecessor-version":[{"id":2367,"href":"https:\/\/selyetudkonf.ujs.sk\/sk\/wp-json\/wp\/v2\/pages\/2340\/revisions\/2367"}],"up":[{"embeddable":true,"href":"https:\/\/selyetudkonf.ujs.sk\/sk\/wp-json\/wp\/v2\/pages\/2195"}],"wp:attachment":[{"href":"https:\/\/selyetudkonf.ujs.sk\/sk\/wp-json\/wp\/v2\/media?parent=2340"}],"curies":[{"name":"wp","href":"https:\/\/api.w.org\/{rel}","templated":true}]}}