{"id":2107,"date":"2021-09-03T14:22:24","date_gmt":"2021-09-03T12:22:24","guid":{"rendered":"http:\/\/selyetudkonf.ujs.sk\/?page_id=2107"},"modified":"2021-09-08T14:39:48","modified_gmt":"2021-09-08T12:39:48","slug":"program","status":"publish","type":"page","link":"https:\/\/selyetudkonf.ujs.sk\/sk\/2021-2\/program\/","title":{"rendered":"Program"},"content":{"rendered":"<table style=\"width: 100%; border-collapse: collapse; line-height: 30px;\" border=\"0px\">\n<tbody>\n<tr>\n<td style=\"width: 19.0718%;\">8. september 2021, 10:00<\/td>\n<td style=\"width: 80.9282%;\">Otvorenie konferencie<\/td>\n<\/tr>\n<tr>\n<td style=\"width: 19.0718%;\">\u00a0<\/td>\n<td style=\"width: 80.9282%;\">Plen\u00e1rna predn\u00e1\u0161ka prof. Csabu Pl\u00e9ha<\/td>\n<\/tr>\n<tr>\n<td style=\"width: 19.0718%;\">\u00a0<\/td>\n<td style=\"width: 80.9282%;\"><a href=\"http:\/\/selyetudkonf.ujs.sk\/2021konf\" target=\"_blank\" rel=\"noopener noreferrer\">http:\/\/selyetudkonf.ujs.sk\/2021konf<\/a><\/td>\n<\/tr>\n<\/tbody>\n<\/table>\n<p style=\"text-align: center;\"><strong>Sekcie<\/strong><\/p>\n<p style=\"text-align: center;\"><a href=\"\/wp-content\/uploads\/2021\/09\/matinfo_1.pdf\">Sekcia matematiky a informatiky<\/a><br \/>\n<a href=\"\/wp-content\/uploads\/2021\/09\/ekonomia.pdf\">Sekcia ekon\u00f3mie a mana\u017ementu<\/a><br \/>\n<a href=\"\/wp-content\/uploads\/2021\/09\/nyelv.irodalom.pdf\">Jazykov\u00e1 a liter\u00e1rna dimenzia n\u00e1rodnostnej kultur\u00e1lnej identity v strednej Eur\u00f3pe<\/a><br \/>\n<a href=\"\/wp-content\/uploads\/2021\/09\/digitali.online.oktatasmod_2.pdf\">V\u00fdsledky, met\u00f3dy a mo\u017enosti digit\u00e1lneho\/on-line vzdel\u00e1vania<\/a><br \/>\n<a href=\"\/wp-content\/uploads\/2021\/09\/teologiamod.pdf\">Teologick\u00e1 sekcia<\/a><br \/>\n<a href=\"\/wp-content\/uploads\/2021\/09\/poz.ed_.poz_.pszich..pdf\">Pozit\u00edvna eduk\u00e1cia-Pozit\u00edvna psychol\u00f3gia-Umenie, a ich sty\u010dn\u00e9 body vo vzdel\u00e1van\u00ed<\/a><br \/>\n<a href=\"\/wp-content\/uploads\/2021\/09\/ped.ertekeles.mod_-2.pdf\">Pedagogick\u00e9 hodnotenie<\/a><br \/>\n<a href=\"\/wp-content\/uploads\/2021\/09\/onkentesseg.inkluzio.pdf\">Dobrovo\u013en\u00edctvo a Inkl\u00fazia<\/a><\/p>\n<p>&nbsp;<\/p>\n","protected":false},"excerpt":{"rendered":"<p>8. september 2021, 10:00 Otvorenie konferencie \u00a0 Plen\u00e1rna predn\u00e1\u0161ka prof. Csabu Pl\u00e9ha \u00a0 http:\/\/selyetudkonf.ujs.sk\/2021konf Sekcie Sekcia matematiky a informatiky Sekcia ekon\u00f3mie a mana\u017ementu Jazykov\u00e1 a liter\u00e1rna dimenzia n\u00e1rodnostnej kultur\u00e1lnej identity v strednej Eur\u00f3pe V\u00fdsledky, met\u00f3dy a mo\u017enosti digit\u00e1lneho\/on-line vzdel\u00e1vania Teologick\u00e1 sekcia Pozit\u00edvna eduk\u00e1cia-Pozit\u00edvna psychol\u00f3gia-Umenie, a ich sty\u010dn\u00e9 body vo vzdel\u00e1van\u00ed Pedagogick\u00e9 hodnotenie Dobrovo\u013en\u00edctvo a Inkl\u00fazia [&hellip;]<\/p>\n","protected":false},"author":2,"featured_media":0,"parent":2022,"menu_order":0,"comment_status":"closed","ping_status":"closed","template":"","meta":{"zakra_page_container_layout":"customizer","zakra_page_sidebar_layout":"customizer","zakra_remove_content_margin":false,"zakra_sidebar":"customizer","zakra_transparent_header":"customizer","zakra_logo":0,"zakra_main_header_style":"default","zakra_menu_item_color":"","zakra_menu_item_hover_color":"","zakra_menu_item_active_color":"","zakra_menu_active_style":"","zakra_page_header":true,"footnotes":""},"class_list":["post-2107","page","type-page","status-publish","hentry"],"_links":{"self":[{"href":"https:\/\/selyetudkonf.ujs.sk\/sk\/wp-json\/wp\/v2\/pages\/2107","targetHints":{"allow":["GET"]}}],"collection":[{"href":"https:\/\/selyetudkonf.ujs.sk\/sk\/wp-json\/wp\/v2\/pages"}],"about":[{"href":"https:\/\/selyetudkonf.ujs.sk\/sk\/wp-json\/wp\/v2\/types\/page"}],"author":[{"embeddable":true,"href":"https:\/\/selyetudkonf.ujs.sk\/sk\/wp-json\/wp\/v2\/users\/2"}],"replies":[{"embeddable":true,"href":"https:\/\/selyetudkonf.ujs.sk\/sk\/wp-json\/wp\/v2\/comments?post=2107"}],"version-history":[{"count":13,"href":"https:\/\/selyetudkonf.ujs.sk\/sk\/wp-json\/wp\/v2\/pages\/2107\/revisions"}],"predecessor-version":[{"id":2146,"href":"https:\/\/selyetudkonf.ujs.sk\/sk\/wp-json\/wp\/v2\/pages\/2107\/revisions\/2146"}],"up":[{"embeddable":true,"href":"https:\/\/selyetudkonf.ujs.sk\/sk\/wp-json\/wp\/v2\/pages\/2022"}],"wp:attachment":[{"href":"https:\/\/selyetudkonf.ujs.sk\/sk\/wp-json\/wp\/v2\/media?parent=2107"}],"curies":[{"name":"wp","href":"https:\/\/api.w.org\/{rel}","templated":true}]}}