{"id":2052,"date":"2021-02-05T09:23:02","date_gmt":"2021-02-05T08:23:02","guid":{"rendered":"http:\/\/selyetudkonf.ujs.sk\/?page_id=2052"},"modified":"2021-08-24T07:38:14","modified_gmt":"2021-08-24T05:38:14","slug":"kontakt","status":"publish","type":"page","link":"https:\/\/selyetudkonf.ujs.sk\/sk\/2021-2\/kontakt\/","title":{"rendered":"Kontakt"},"content":{"rendered":"<p><strong>Adresa usporiadate\u013eov:<\/strong><\/p>\n<p>doc. RNDr. J\u00f3zsef Bukor , PhD.<br \/>\nprorektor pre vedu a v\u00fdskum<br \/>\nUniverzita J. Selyeho<br \/>\nBratislavsk\u00e1 cesta 3322, 945 01 Kom\u00e1rno<\/p>\n<p><strong>Kontakt na sekretari\u00e1t:<\/strong><br \/>\nBc. Adrienn Hern\u00e1dy<br \/>\nTel.:\u00a0\u00a0\u00a0\u00a0 +421 35 3260 659<br \/>\nE-mail:\u00a0<a href=\"mailto:konferencia@ujs.sk\">konferencia@ujs.sk<\/a><\/p>\n","protected":false},"excerpt":{"rendered":"<p>Adresa usporiadate\u013eov: doc. RNDr. J\u00f3zsef Bukor , PhD. prorektor pre vedu a v\u00fdskum Univerzita J. Selyeho Bratislavsk\u00e1 cesta 3322, 945 01 Kom\u00e1rno Kontakt na sekretari\u00e1t: Bc. Adrienn Hern\u00e1dy Tel.:\u00a0\u00a0\u00a0\u00a0 +421 35 3260 659 E-mail:\u00a0konferencia@ujs.sk<\/p>\n","protected":false},"author":2,"featured_media":0,"parent":2022,"menu_order":0,"comment_status":"closed","ping_status":"closed","template":"","meta":{"zakra_page_container_layout":"customizer","zakra_page_sidebar_layout":"customizer","zakra_remove_content_margin":false,"zakra_sidebar":"customizer","zakra_transparent_header":"customizer","zakra_logo":0,"zakra_main_header_style":"default","zakra_menu_item_color":"","zakra_menu_item_hover_color":"","zakra_menu_item_active_color":"","zakra_menu_active_style":"","zakra_page_header":true,"footnotes":""},"class_list":["post-2052","page","type-page","status-publish","hentry"],"_links":{"self":[{"href":"https:\/\/selyetudkonf.ujs.sk\/sk\/wp-json\/wp\/v2\/pages\/2052","targetHints":{"allow":["GET"]}}],"collection":[{"href":"https:\/\/selyetudkonf.ujs.sk\/sk\/wp-json\/wp\/v2\/pages"}],"about":[{"href":"https:\/\/selyetudkonf.ujs.sk\/sk\/wp-json\/wp\/v2\/types\/page"}],"author":[{"embeddable":true,"href":"https:\/\/selyetudkonf.ujs.sk\/sk\/wp-json\/wp\/v2\/users\/2"}],"replies":[{"embeddable":true,"href":"https:\/\/selyetudkonf.ujs.sk\/sk\/wp-json\/wp\/v2\/comments?post=2052"}],"version-history":[{"count":2,"href":"https:\/\/selyetudkonf.ujs.sk\/sk\/wp-json\/wp\/v2\/pages\/2052\/revisions"}],"predecessor-version":[{"id":2076,"href":"https:\/\/selyetudkonf.ujs.sk\/sk\/wp-json\/wp\/v2\/pages\/2052\/revisions\/2076"}],"up":[{"embeddable":true,"href":"https:\/\/selyetudkonf.ujs.sk\/sk\/wp-json\/wp\/v2\/pages\/2022"}],"wp:attachment":[{"href":"https:\/\/selyetudkonf.ujs.sk\/sk\/wp-json\/wp\/v2\/media?parent=2052"}],"curies":[{"name":"wp","href":"https:\/\/api.w.org\/{rel}","templated":true}]}}