{"id":1911,"date":"2020-02-04T11:55:01","date_gmt":"2020-02-04T10:55:01","guid":{"rendered":"http:\/\/selyetudkonf.ujs.sk\/?page_id=1911"},"modified":"2020-08-20T11:00:15","modified_gmt":"2020-08-20T09:00:15","slug":"pozvanka","status":"publish","type":"page","link":"https:\/\/selyetudkonf.ujs.sk\/sk\/2020-2\/pozvanka\/","title":{"rendered":"Pozv\u00e1nka"},"content":{"rendered":"<p><strong>V\u00e1\u017een\u00e9 kolegyne a kolegovia,<\/strong><br \/>\n<strong>oznamujeme V\u00e1m, \u017ee Univerzita J. Selyeho pod z\u00e1\u0161titou Dr. habil. PaedDr. Gy\u00f6rgya Juh\u00e1sza, PhD. rektora univerzity organizuje<\/strong><\/p>\n<h2 style=\"text-align: center;\"><span style=\"color: #800000;\"><strong>Medzin\u00e1rodn\u00fa vedeck\u00fa konferenciu<\/strong><strong><br \/>\nUniverzity J. Selyeho \u2013 2020,<\/strong><\/span><\/h2>\n<p style=\"text-align: center;\"><strong>ktor\u00e1 sa bude kona\u0165 v d\u0148och<\/strong><br \/>\n<strong>10.\u201311. septembra 2020<\/strong><br \/>\n<strong>v Konferen\u010dnom centre UJS \u2013 Hradn\u00e1 2, 945 01 Kom\u00e1rno<\/strong><\/p>\n<p style=\"text-align: justify;\"><strong><span style=\"color: #ff0000;\">Ministerstvo \u0161kolstva, vedy, v\u00fdskumu a \u0161portu SR z d\u00f4vodu mo\u017en\u00e9ho \u0161\u00edrenia koronavirusu neodpor\u00fa\u010da uskuto\u010dnenie hromadn\u00fdch podujat\u00ed. <\/span><\/strong><br \/>\n<strong><span style=\"color: #ff0000;\">Univerzitn\u00e1 konferencia sa realizuje formou virtu\u00e1lnej online konferencie.<\/span><\/strong><\/p>\n<p>Cie\u013eom konferencie je prezent\u00e1cia v\u00fdsledkov pr\u00e1ce vedeck\u00fdch, vedecko-v\u00fdskumn\u00fdch a pedagogick\u00fdch pracovn\u00edkov. Tohtoro\u010dn\u00e1 konferencia je ur\u010den\u00e1 predov\u0161etk\u00fdm pre odborn\u00edkov zaoberaj\u00facich sa vedn\u00fdmi oblas\u0165ami: humanitn\u00e9 vedy, spolo\u010densk\u00e9 vedy, pedagogick\u00e9 vedy, ekonomick\u00e9 vedy a\u00a0riadenie podniku, ale v\u00edtan\u00ed s\u00fa aj \u00fa\u010dastn\u00edci z pr\u00edbuzn\u00fdch odborov. Konferencia d\u00e1va priestor na v\u00fdmenu n\u00e1zorov a sk\u00fasenost\u00ed, na z\u00edskanie nov\u00fdch n\u00e1padov pre vedeck\u00fa pr\u00e1cu, nadviaza\u0165 kontakty a poskytne aj mo\u017enos\u0165 uverejnenia pr\u00edspevkov.<\/p>\n<p>Konferencia sa uskuto\u010dn\u00ed v\u00a0d\u0148och <strong>10.\u201311. septembra 2020<\/strong>. Rokovanie bude prebieha\u0165 v sekci\u00e1ch.<\/p>\n<p>Jednotliv\u00e9 pr\u00edspevky bud\u00fa publikovan\u00e9 v\u00a0zborn\u00edku konferencie.<strong> V\u0161etky prijat\u00e9 publik\u00e1cie bud\u00fa vo\u013ene dostupn\u00e9 na internete.<\/strong><\/p>\n<p>Pl\u00e1novan\u00e9 sekcie a kontakty:<\/p>\n<p><strong>\u2013 Sekcia matematiky a informatiky<\/strong><b><br \/>\n<\/b>RNDr. \u0160tefan Gubo, PhD., <a href=\"mailto:gubos@ujs.sk\">gubos@ujs.sk<\/a><\/p>\n<p><strong>\u2013 Sekcia ekon\u00f3mie a mana\u017ementu<\/strong><b><br \/>\n<\/b>PhDr. Enik\u0151 Korcsm\u00e1ros, PhD., <a href=\"mailto:korcsmarose@ujs.sk\">korcsmarose@ujs.sk<\/a><\/p>\n<p><strong>\u2013 Jazykov\u00e9 a\u00a0liter\u00e1rne interpret\u00e1cie \u2013 stredoeur\u00f3psky kontext<\/strong> <b><br \/>\n<\/b>Szabolcs Simon, PhD., <a href=\"mailto:simons@ujs.sk\">simons@ujs.sk<\/a><\/p>\n<p><strong>\u2013 Aplik\u00e1cia inovat\u00edvnych vyu\u010dovac\u00edch met\u00f3d vo vyu\u010dovacom procese<\/strong><b><br \/>\n<\/b>Doc. dr. univ. \u00c1gota Csehi, PhD., <a href=\"mailto:csehiovaa@ujs.sk\">csehiovaa@ujs.sk<\/a><\/p>\n<p><strong>\u2013 Meranie a\u00a0hodnotenie vyu\u010dovacieho procesu<\/strong><b><br \/>\n<\/b>prof. Dr.\u00a0Kriszti\u00e1n J\u00f3zsa, PhD., <a href=\"mailto:jozsak@ujs.sk\">jozsak@ujs.sk<\/a>, dr. habil. Ing. Istv\u00e1n Sz\u0151k\u00f6l, PhD., <a href=\"mailto:szokoli@ujs.sk\">szokoli@ujs.sk<\/a><br \/>\n<u><\/u>pre komunik\u00e1ciu v\u00a0r\u00e1mci sekcie pros\u00edme pou\u017ei\u0165 adresu <a href=\"mailto:szokoli@ujs.sk\">szokoli@ujs.sk<\/a><u><\/u><\/p>\n<p><strong>\u2013 Identita a\u00a0vzdel\u00e1vanie<\/strong><b><br \/>\n<\/b>prof. Dr. N\u00e9meth Andr\u00e1s, DSc., <a href=\"mailto:nemetha@ujs.sk\">nemetha@ujs.sk<\/a><\/p>\n<p><strong>\u2013 Predmetov\u00e1 didaktika v kontexte v\u00fdziev 21. storo\u010dia<\/strong> <br \/>\nMgr. Yvette Orsovics, PhD., <a href=\"mailto:orsovicsy@ujs.sk\">orsovicsy@ujs.sk<\/a>, PaedDr. Edit Szab\u00f3, PhD., <a href=\"mailto:szaboovae@ujs.sk\">szaboovae@ujs.sk<\/a><br \/>\npre komunik\u00e1ciu v\u00a0r\u00e1mci sekcie pros\u00edme pou\u017ei\u0165 adresu <a href=\"mailto:orsovicsy@ujs.sk\">orsovicsy@ujs.sk<\/a><u> <\/u><\/p>\n<p><strong>\u2013 \u00a0Pozit\u00edvna psychol\u00f3gia a z\u00e1\u017eitkov\u00e1 pedagogika vo vzdel\u00e1van\u00ed<\/strong><b><br \/>\n<\/b>Mgr. Anita T\u00f3th-Bakos , PhD., <a href=\"mailto:tothbakosa@ujs.sk\">tothbakosa@ujs.sk<\/a><u> <\/u><\/p>\n<p><strong>\u2013 Mlad\u00e9 talenty vo vede a v\u00fdskume<\/strong><b><br \/>\n<\/b>prof. Dr. P\u00e9ter T\u00f3th, PhD., <a href=\"mailto:tothp@ujs.sk\">tothp@ujs.sk<\/a>, Dr. habil. PaedDr. Kinga Horv\u00e1th, PhD., <a href=\"mailto:horvathki@ujs.sk\">horvathki@ujs.sk<\/a><\/p>\n<p><strong>\u2013 Vplyv posledn\u00e9ho st\u00e1ro\u010dia v reformovanej teol\u00f3gie<\/strong><b><br \/>\n<\/b>ThDr. Alfr\u00e9d Somogyi, PhD., <a href=\"mailto:somogyia@ujs.sk\">somogyia@ujs.sk<\/a><\/p>\n<p>Prezent\u00e1ciu pr\u00edspevkov odpor\u00fa\u010dame pripravi\u0165 v\u00a0MS PowerPoint, pri\u010dom \u010das na prezent\u00e1ciu plen\u00e1rnych predn\u00e1\u0161ok bude 20-30 min., a \u010das na predn\u00e1\u0161ky v sekci\u00e1ch bude ohrani\u010den\u00fd na 15 min. + 5 min. na diskusiu (ak organiza\u010dn\u00fd v\u00fdbor neur\u010d\u00ed inak) pre dan\u00fa sekciu.<\/p>\n<p>S pozdravom<\/p>\n<p><strong>Usporiadatelia<\/strong><\/p>\n<p>V Kom\u00e1rne 28.01.2020<\/p>\n","protected":false},"excerpt":{"rendered":"<p>V\u00e1\u017een\u00e9 kolegyne a kolegovia, oznamujeme V\u00e1m, \u017ee Univerzita J. Selyeho pod z\u00e1\u0161titou Dr. habil. PaedDr. Gy\u00f6rgya Juh\u00e1sza, PhD. rektora univerzity organizuje Medzin\u00e1rodn\u00fa vedeck\u00fa konferenciu Univerzity J. Selyeho \u2013 2020, ktor\u00e1 sa bude kona\u0165 v d\u0148och 10.\u201311. septembra 2020 v Konferen\u010dnom centre UJS \u2013 Hradn\u00e1 2, 945 01 Kom\u00e1rno Ministerstvo \u0161kolstva, vedy, v\u00fdskumu a \u0161portu SR [&hellip;]<\/p>\n","protected":false},"author":2,"featured_media":0,"parent":1897,"menu_order":0,"comment_status":"closed","ping_status":"closed","template":"","meta":{"zakra_page_container_layout":"customizer","zakra_page_sidebar_layout":"customizer","zakra_remove_content_margin":false,"zakra_sidebar":"customizer","zakra_transparent_header":"customizer","zakra_logo":0,"zakra_main_header_style":"default","zakra_menu_item_color":"","zakra_menu_item_hover_color":"","zakra_menu_item_active_color":"","zakra_menu_active_style":"","zakra_page_header":true,"footnotes":""},"class_list":["post-1911","page","type-page","status-publish","hentry"],"_links":{"self":[{"href":"https:\/\/selyetudkonf.ujs.sk\/sk\/wp-json\/wp\/v2\/pages\/1911","targetHints":{"allow":["GET"]}}],"collection":[{"href":"https:\/\/selyetudkonf.ujs.sk\/sk\/wp-json\/wp\/v2\/pages"}],"about":[{"href":"https:\/\/selyetudkonf.ujs.sk\/sk\/wp-json\/wp\/v2\/types\/page"}],"author":[{"embeddable":true,"href":"https:\/\/selyetudkonf.ujs.sk\/sk\/wp-json\/wp\/v2\/users\/2"}],"replies":[{"embeddable":true,"href":"https:\/\/selyetudkonf.ujs.sk\/sk\/wp-json\/wp\/v2\/comments?post=1911"}],"version-history":[{"count":7,"href":"https:\/\/selyetudkonf.ujs.sk\/sk\/wp-json\/wp\/v2\/pages\/1911\/revisions"}],"predecessor-version":[{"id":1976,"href":"https:\/\/selyetudkonf.ujs.sk\/sk\/wp-json\/wp\/v2\/pages\/1911\/revisions\/1976"}],"up":[{"embeddable":true,"href":"https:\/\/selyetudkonf.ujs.sk\/sk\/wp-json\/wp\/v2\/pages\/1897"}],"wp:attachment":[{"href":"https:\/\/selyetudkonf.ujs.sk\/sk\/wp-json\/wp\/v2\/media?parent=1911"}],"curies":[{"name":"wp","href":"https:\/\/api.w.org\/{rel}","templated":true}]}}