{"id":1852,"date":"2019-08-27T10:45:54","date_gmt":"2019-08-27T08:45:54","guid":{"rendered":"http:\/\/selyetudkonf.ujs.sk\/?page_id=1852"},"modified":"2019-09-09T11:33:23","modified_gmt":"2019-09-09T09:33:23","slug":"program","status":"publish","type":"page","link":"https:\/\/selyetudkonf.ujs.sk\/sk\/2019\/program\/","title":{"rendered":"Program"},"content":{"rendered":"<p>&nbsp;<\/p>\n<table style=\"border-collapse: collapse; line-height: 30px !important; width: 90%;\" border=\"1px solid black\">\n<tbody>\n<tr>\n<td style=\"text-align: center;\" colspan=\"3\"><strong>A KONFERENCIA KERETPROGRAMJA &#8211; R\u00c1MCOV\u00dd PROGRAM KONFERENCIE<\/strong><\/td>\n<\/tr>\n<tr bgcolor=\"#b3b3b3\">\n<td colspan=\"3\"><\/td>\n<\/tr>\n<tr>\n<td rowspan=\"8\"><strong>2019. szeptember 10.<\/strong><\/p>\n<p><strong>\u00a010. september 2019<\/strong><\/td>\n<td>08.30 \u2013 09.30<\/td>\n<td>A r\u00e9sztvev\u0151k regisztr\u00e1l\u00e1sa\u00a0 &#8211; Registr\u00e1cia \u00fa\u010dastn\u00edkov<\/td>\n<\/tr>\n<tr>\n<td>09.30 \u2013 09.45<\/td>\n<td>A SJE rektor\u00e1nak \u00fcdv\u00f6zl\u0151 besz\u00e9de &#8211; Pr\u00edhovor rektora UJS<\/td>\n<\/tr>\n<tr>\n<td rowspan=\"3\">09.45 \u2013 11.15<\/td>\n<td><strong>Plen\u00e1ris szekci\u00f3 &#8211; Plen\u00e1rna sekcia<\/strong><\/td>\n<\/tr>\n<tr>\n<td>Ormos Mih\u00e1ly \u2013 Kock\u00e1zat \u00e9s kock\u00e1zati m\u00e9rt\u00e9kek a t\u0151kepiacon<\/td>\n<\/tr>\n<tr>\n<td>Orosz Ildik\u00f3 \u2013 Esettanulm\u00e1ny a nemzeti kisebbs\u00e9gi l\u00e9t \u00e9s oktat\u00e1s kih\u00edv\u00e1sair\u00f3l K\u00e1rp\u00e1talj\u00e1n<\/td>\n<\/tr>\n<tr>\n<td>11.30 \u2013 13.00<\/td>\n<td>Eb\u00e9d &#8211; Obed<\/td>\n<\/tr>\n<tr>\n<td>13.00 \u2013 17.40<\/td>\n<td>Szekci\u00f3\u00fcl\u00e9sek- Rokovanie v sekci\u00e1ch<\/td>\n<\/tr>\n<tr>\n<td>18:00 \u2013\u00a0 20:00<\/td>\n<td>Vacsora &#8211; Ve\u010dera<\/td>\n<\/tr>\n<tr bgcolor=\"#b3b3b3\">\n<td colspan=\"3\"><\/td>\n<\/tr>\n<tr>\n<td rowspan=\"5\"><strong>2019. szeptember 11.<\/strong><\/p>\n<p><strong>\u00a011. september 2019<\/strong><\/td>\n<td>08:20 \u2013 08:40<\/td>\n<td>A r\u00e9sztvev\u0151k regisztr\u00e1l\u00e1sa &#8211; Registr\u00e1cia \u00fa\u010dastn\u00edkov<\/td>\n<\/tr>\n<tr>\n<td>08:20 \u2013 12:00<\/td>\n<td>Szekci\u00f3\u00fcl\u00e9sek- Rokovanie v sekci\u00e1ch<\/td>\n<\/tr>\n<tr>\n<td>12:00 \u2013 13:00<\/td>\n<td>Eb\u00e9d &#8211; Obed<\/td>\n<\/tr>\n<tr>\n<td>13:00 \u2013 17:40<\/td>\n<td>Szekci\u00f3\u00fcl\u00e9sek- Rokovanie v sekci\u00e1ch<\/td>\n<\/tr>\n<tr>\n<td>14:00 \u2013 15:00<\/td>\n<td>Er\u0151dl\u00e1togat\u00e1s &#8211; N\u00e1v\u0161teva pevnosti<\/td>\n<\/tr>\n<tr bgcolor=\"#b3b3b3\">\n<td colspan=\"3\"><\/td>\n<\/tr>\n<\/tbody>\n<\/table>\n<p>&nbsp;<\/p>\n<p style=\"text-align: center;\"><a href=\"\/wp-content\/uploads\/2019\/09\/Program_lemorzsolodas_XI_NTK.pdf\" target=\"_blank\" rel=\"noopener\">Pred\u010dasn\u00e9 zanechanie \u0161t\u00fadia na vysok\u00fdch \u0161kol\u00e1ch<\/a><br \/>\n<a href=\"\/wp-content\/uploads\/2019\/09\/Program_reform_pedagogia_XI_NTK.pdf\" target=\"_blank\" rel=\"noopener\">Alternat\u00edvne a reformn\u00e9 pedagogick\u00e9 smery vo verejnom \u0161kolstve<\/a><br \/>\n<a href=\"\/wp-content\/uploads\/2019\/09\/Program_pedagogia_meresek_XI_NTK.pdf\" target=\"_blank\" rel=\"noopener\">Pedagogick\u00e1 diagnostika a merania<\/a><br \/>\n<a href=\"\/wp-content\/uploads\/2019\/09\/Program_nyelv_kultura_XI_NTK.pdf\" target=\"_blank\" rel=\"noopener\">Jazyk \u2013 Kult\u00fara \u2013 Interperson\u00e1lne vz\u0165ahy<\/a><br \/>\n<a href=\"\/wp-content\/uploads\/2019\/09\/TB_szekcio_Program.pdf\" target=\"_blank\" rel=\"noopener\">Invest\u00edcie na kapit\u00e1lovom trhu<\/a><br \/>\n<a href=\"\/wp-content\/uploads\/2019\/09\/DTR_M_I_szekcio_Program.pdf\" target=\"_blank\" rel=\"noopener\"> Syst\u00e9my na podporu rozhodovania, matematika a informatika<\/a><br \/>\n<a href=\"\/wp-content\/uploads\/2019\/09\/AJR_szekcio_Program.pdf\" target=\"_blank\" rel=\"noopener\">Da\u0148ov\u00e9 a odvodov\u00e9 syst\u00e9my<\/a><br \/>\n<a href=\"\/wp-content\/uploads\/2019\/09\/MHR_szekcio_Program.pdf\" target=\"_blank\" rel=\"noopener\">Pracovn\u00fd trh a mana\u017ement \u013eudsk\u00fdch zdrojov<\/a><br \/>\n<a href=\"\/wp-content\/uploads\/2019\/09\/EUR_szekcio_Program.pdf\" target=\"_blank\" rel=\"noopener\">Desa\u0165 rokov eura na Slovensku<\/a><br \/>\n<a href=\"\/wp-content\/uploads\/2019\/09\/Program_Teologiai_szekcio.pdf\" target=\"_blank\" rel=\"noopener\"> Teologick\u00e1 sekcia<\/a><\/p>\n","protected":false},"excerpt":{"rendered":"<p>&nbsp; A KONFERENCIA KERETPROGRAMJA &#8211; R\u00c1MCOV\u00dd PROGRAM KONFERENCIE 2019. szeptember 10. \u00a010. september 2019 08.30 \u2013 09.30 A r\u00e9sztvev\u0151k regisztr\u00e1l\u00e1sa\u00a0 &#8211; Registr\u00e1cia \u00fa\u010dastn\u00edkov 09.30 \u2013 09.45 A SJE rektor\u00e1nak \u00fcdv\u00f6zl\u0151 besz\u00e9de &#8211; Pr\u00edhovor rektora UJS 09.45 \u2013 11.15 Plen\u00e1ris szekci\u00f3 &#8211; Plen\u00e1rna sekcia Ormos Mih\u00e1ly \u2013 Kock\u00e1zat \u00e9s kock\u00e1zati m\u00e9rt\u00e9kek a t\u0151kepiacon Orosz Ildik\u00f3 \u2013 [&hellip;]<\/p>\n","protected":false},"author":2,"featured_media":0,"parent":1720,"menu_order":0,"comment_status":"closed","ping_status":"closed","template":"page-full-width.php","meta":{"zakra_page_container_layout":"customizer","zakra_page_sidebar_layout":"customizer","zakra_remove_content_margin":false,"zakra_sidebar":"customizer","zakra_transparent_header":"customizer","zakra_logo":0,"zakra_main_header_style":"default","zakra_menu_item_color":"","zakra_menu_item_hover_color":"","zakra_menu_item_active_color":"","zakra_menu_active_style":"","zakra_page_header":true,"footnotes":""},"class_list":["post-1852","page","type-page","status-publish","hentry"],"_links":{"self":[{"href":"https:\/\/selyetudkonf.ujs.sk\/sk\/wp-json\/wp\/v2\/pages\/1852","targetHints":{"allow":["GET"]}}],"collection":[{"href":"https:\/\/selyetudkonf.ujs.sk\/sk\/wp-json\/wp\/v2\/pages"}],"about":[{"href":"https:\/\/selyetudkonf.ujs.sk\/sk\/wp-json\/wp\/v2\/types\/page"}],"author":[{"embeddable":true,"href":"https:\/\/selyetudkonf.ujs.sk\/sk\/wp-json\/wp\/v2\/users\/2"}],"replies":[{"embeddable":true,"href":"https:\/\/selyetudkonf.ujs.sk\/sk\/wp-json\/wp\/v2\/comments?post=1852"}],"version-history":[{"count":8,"href":"https:\/\/selyetudkonf.ujs.sk\/sk\/wp-json\/wp\/v2\/pages\/1852\/revisions"}],"predecessor-version":[{"id":1885,"href":"https:\/\/selyetudkonf.ujs.sk\/sk\/wp-json\/wp\/v2\/pages\/1852\/revisions\/1885"}],"up":[{"embeddable":true,"href":"https:\/\/selyetudkonf.ujs.sk\/sk\/wp-json\/wp\/v2\/pages\/1720"}],"wp:attachment":[{"href":"https:\/\/selyetudkonf.ujs.sk\/sk\/wp-json\/wp\/v2\/media?parent=1852"}],"curies":[{"name":"wp","href":"https:\/\/api.w.org\/{rel}","templated":true}]}}