{"id":1733,"date":"2019-01-28T12:12:54","date_gmt":"2019-01-28T11:12:54","guid":{"rendered":"http:\/\/selyetudkonf.ujs.sk\/?page_id=1733"},"modified":"2019-04-24T11:29:01","modified_gmt":"2019-04-24T09:29:01","slug":"vybory","status":"publish","type":"page","link":"https:\/\/selyetudkonf.ujs.sk\/sk\/2019\/vybory\/","title":{"rendered":"V\u00fdbory"},"content":{"rendered":"<p><strong>Programov\u00fd v\u00fdbor:<\/strong><\/p>\n<p><strong><em>Predseda:<\/em><\/strong><br \/>\nDr. habil. PaedDr. <strong>Gy\u00f6rgy Juh\u00e1sz<\/strong>, PhD.<br \/>\nUniverzita J. Selyeho, Kom\u00e1rno, Slovensk\u00e1 republika<\/p>\n<p><strong><em>\u010clenovia:<\/em><\/strong><br \/>\nDr. habil. PaedDr. <strong>Kinga Horv\u00e1th<\/strong>, PhD.<br \/>\nUniverzita J. Selyeho, Kom\u00e1rno, Slovensk\u00e1 republika<\/p>\n<p>RNDr.<strong> Peter Csiba<\/strong>, PhD.<br \/>\nUniverzita J. Selyeho, Kom\u00e1rno, Slovensk\u00e1 republika<\/p>\n<p>Mgr. <strong>Attila L\u00e9vai<\/strong>, PhD.<br \/>\nUniverzita J. Selyeho, Kom\u00e1rno, Slovensk\u00e1 republika<\/p>\n<p>Dr. habil. <strong>Csaba Cserv\u00e1k<\/strong>, PhD.<br \/>\nK\u00e1roli G\u00e1sp\u00e1r University of the Reformed Church in Hungary, Budapest<\/p>\n<p>Prof. Dr. <strong>Kriszti\u00e1n J\u00f3zsa<\/strong>, PhD.<br \/>\nUniverzita J. Selyeho, Kom\u00e1rno, Slovensk\u00e1 republika<\/p>\n<p>Dr. habil. <strong>Viktor K\u00f3kai Nagy<\/strong><br \/>\nDebrecen Reformed Theological University, Debrecen, Ma\u010farsko<\/p>\n<p>Prof. Dr. <strong>Vilmos J\u00f3zsef Kolumb\u00e1n<\/strong><br \/>\nProtestant Theological Institute of Cluj Napoca, Cluj Napoca, Rumunsko<\/p>\n<p>Prof. <strong>Mih\u00e1ly Ormos<\/strong>, PhD.<br \/>\nUniverzita J. Selyeho, Kom\u00e1rno, Slovensk\u00e1 republika<\/p>\n<p>Prof. Dr. <strong>B\u00e9la Istv\u00e1n Puk\u00e1nszki<\/strong>, DSc.<br \/>\nUniverzita J. Selyeho, Kom\u00e1rno, Slovensk\u00e1 republika<\/p>\n<p>Prof. Dr. <strong>J\u00f3zsef Po\u00f3r<\/strong>, DrSc.<br \/>\nUniverzita J. Selyeho, Kom\u00e1rno, Slovensk\u00e1 republika<\/p>\n<p>Prof. Dr. <strong>P\u00e9ter T\u00f3th<\/strong>, PhD.<br \/>\nUniverzita J. Selyeho, Kom\u00e1rno, Slovensk\u00e1 republika<\/p>\n<p>Dr. habil. <strong>Barnab\u00e1s Vajda<\/strong>, PhD.<br \/>\nUniverzita J. Selyeho, Kom\u00e1rno, Slovensk\u00e1 republika<\/p>\n<p>Prof. RNDr. <strong>J\u00e1nos T\u00f3th, <\/strong>PhD.<br \/>\nUniverzita J. Selyeho, Kom\u00e1rno, Slovensk\u00e1 republika<\/p>\n<p>Prof. RNDr. <strong>Tibor\u00a0<\/strong><strong>Kme\u0165<\/strong>, CSc.<br \/>\nUniverzita J. Selyeho, Kom\u00e1rno, Slovensk\u00e1 republika<\/p>\n<p>Dr. habil. PhDr. <strong>J\u00f3zsef Liszka<\/strong>, PhD.<br \/>\nUniverzita J. Selyeho, Kom\u00e1rno, Slovensk\u00e1 republika<\/p>\n<p>doc. RNDr. <strong>J\u00f3zsef Bukor<\/strong>, PhD.<br \/>\nUniverzita J. Selyeho, Kom\u00e1rno, Slovensk\u00e1 republika<\/p>\n<p>&nbsp;<\/p>\n<p><strong>Organiza\u010dn\u00fd v\u00fdbor:<\/strong><\/p>\n<p>doc. RNDr. J\u00f3zsef Bukor, PhD.<br \/>\nDoc. Dr. univ. \u00c1gota Csehi, PhD.<br \/>\nDr.habil. PedDr. Melinda Nagy, PhD.<br \/>\nDr. habil. Ing. Istv\u00e1n Sz\u0151k\u00f6l, PhD.<br \/>\nPhDr. Imrich Antal\u00edk, PhD.<br \/>\nMgr. Zsolt G\u00f6r\u00f6zdi, PhD.<br \/>\nRNDr. \u0160tefan Gubo, PhD.<br \/>\nIng. Norbert Gyuri\u00e1n, PhD.<br \/>\nPhDr. Enik\u0151 Korcsm\u00e1ros, PhD.<br \/>\nIng. Zolt\u00e1n \u0160eben, PhD.<br \/>\nSzabolcs Simon, PhD.<br \/>\nBc. Adrienn Hern\u00e1dy<\/p>\n","protected":false},"excerpt":{"rendered":"<p>Programov\u00fd v\u00fdbor: Predseda: Dr. habil. PaedDr. Gy\u00f6rgy Juh\u00e1sz, PhD. Univerzita J. Selyeho, Kom\u00e1rno, Slovensk\u00e1 republika \u010clenovia: Dr. habil. PaedDr. Kinga Horv\u00e1th, PhD. Univerzita J. Selyeho, Kom\u00e1rno, Slovensk\u00e1 republika RNDr. Peter Csiba, PhD. Univerzita J. Selyeho, Kom\u00e1rno, Slovensk\u00e1 republika Mgr. Attila L\u00e9vai, PhD. Univerzita J. Selyeho, Kom\u00e1rno, Slovensk\u00e1 republika Dr. habil. Csaba Cserv\u00e1k, PhD. K\u00e1roli G\u00e1sp\u00e1r [&hellip;]<\/p>\n","protected":false},"author":2,"featured_media":0,"parent":1720,"menu_order":0,"comment_status":"closed","ping_status":"closed","template":"","meta":{"zakra_page_container_layout":"customizer","zakra_page_sidebar_layout":"customizer","zakra_remove_content_margin":false,"zakra_sidebar":"customizer","zakra_transparent_header":"customizer","zakra_logo":0,"zakra_main_header_style":"default","zakra_menu_item_color":"","zakra_menu_item_hover_color":"","zakra_menu_item_active_color":"","zakra_menu_active_style":"","zakra_page_header":true,"footnotes":""},"class_list":["post-1733","page","type-page","status-publish","hentry"],"_links":{"self":[{"href":"https:\/\/selyetudkonf.ujs.sk\/sk\/wp-json\/wp\/v2\/pages\/1733","targetHints":{"allow":["GET"]}}],"collection":[{"href":"https:\/\/selyetudkonf.ujs.sk\/sk\/wp-json\/wp\/v2\/pages"}],"about":[{"href":"https:\/\/selyetudkonf.ujs.sk\/sk\/wp-json\/wp\/v2\/types\/page"}],"author":[{"embeddable":true,"href":"https:\/\/selyetudkonf.ujs.sk\/sk\/wp-json\/wp\/v2\/users\/2"}],"replies":[{"embeddable":true,"href":"https:\/\/selyetudkonf.ujs.sk\/sk\/wp-json\/wp\/v2\/comments?post=1733"}],"version-history":[{"count":6,"href":"https:\/\/selyetudkonf.ujs.sk\/sk\/wp-json\/wp\/v2\/pages\/1733\/revisions"}],"predecessor-version":[{"id":1817,"href":"https:\/\/selyetudkonf.ujs.sk\/sk\/wp-json\/wp\/v2\/pages\/1733\/revisions\/1817"}],"up":[{"embeddable":true,"href":"https:\/\/selyetudkonf.ujs.sk\/sk\/wp-json\/wp\/v2\/pages\/1720"}],"wp:attachment":[{"href":"https:\/\/selyetudkonf.ujs.sk\/sk\/wp-json\/wp\/v2\/media?parent=1733"}],"curies":[{"name":"wp","href":"https:\/\/api.w.org\/{rel}","templated":true}]}}