{"id":1688,"date":"2018-09-11T08:25:18","date_gmt":"2018-09-11T06:25:18","guid":{"rendered":"http:\/\/selyetudkonf.ujs.sk\/?page_id=1688"},"modified":"2018-09-12T09:57:42","modified_gmt":"2018-09-12T07:57:42","slug":"zborniky","status":"publish","type":"page","link":"https:\/\/selyetudkonf.ujs.sk\/sk\/2018\/zborniky\/","title":{"rendered":"Zborn\u00edky"},"content":{"rendered":"<p>Zborn\u00edky X. medzin\u00e1rodnej vedeckej konferencie Univerzity J. Selyeho \u2013 2018<\/p>\n<p>\u2013 <a href=\"\/files\/zbornik2018\/Zbornik_UJS_2018_webove_aplikacie_SJE_tanulmanykotet_web.apl.pdf\">Webov\u00e9 aplik\u00e1cie vo vzdel\u00e1van\u00ed<\/a> (<a href=\"\/files\/zbornik2018\/cd\/Borito_2018_webalkalmazasok.pdf\">CD obal<\/a>)<\/p>\n<p>\u2013 <a href=\"\/files\/zbornik2018\/Zbornik_UJS_2018_SJE_tanulmanykotet_ekonomia.pdf\">Ekonomick\u00e1 sekcia<\/a> (<a href=\"\/files\/zbornik2018\/cd\/Borito_2018_gazdasagtudomany.pdf\">CD obal<\/a>)<\/p>\n<p>\u2013 <a href=\"\/files\/zbornik2018\/Zbornik_UJS_2018_Project_Life_Management_SJE_tanulmanykotet.pdf\">Sekcia \u201eProject Life Management\u201c<\/a> (<a href=\"\/files\/zbornik2018\/cd\/borito2018_Project_life_management.pdf\">CD obal<\/a>)<\/p>\n<p>\u2013 <a href=\"\/files\/zbornik2018\/Zbornik_UJS_2018_SJE_tanulmanykotet_tantargypedagogia.pdf\">Predmetov\u00e1 pedagogika<\/a> (<a href=\"\/files\/zbornik2018\/cd\/Borito_2018_tantargypedag.pdf\">CD obal<\/a>)<\/p>\n<p>\u2013 <a href=\"\/files\/zbornik2018\/Zbornik_UJS_2018_SJE_tanulmanykotet_teologia.pdf\">Teologick\u00e1 sekcia<\/a> (<a href=\"\/files\/zbornik2018\/cd\/Borito_2018_teologia.pdf\">CD obal<\/a>)<\/p>\n<p>\u2013 Publik\u00e1cie sekci\u00ed\u00a0<em>Viacjazy\u010dnos\u0165 a\u00a0komplexn\u00e1 identita cez optiku literat\u00fary, jazyka a kult\u00fary<\/em>\u00a0a\u00a0<em>Aktu\u00e1lne ot\u00e1zky hungaristiky a\u00a0slovakistiky\u00a0<\/em>s\u00fa spolu:\u00a0 <a href=\"\/files\/zbornik2018\/Zbornik_UJS_2018_human_SJE_tanulmanykotet.pdf\">Sekcie humanitn\u00fdch vied<\/a> (<a href=\"\/files\/zbornik2018\/cd\/Borito_2018_human.pdf\">CD obal<\/a>)<\/p>\n","protected":false},"excerpt":{"rendered":"<p>Zborn\u00edky X. medzin\u00e1rodnej vedeckej konferencie Univerzity J. Selyeho \u2013 2018 \u2013 Webov\u00e9 aplik\u00e1cie vo vzdel\u00e1van\u00ed (CD obal) \u2013 Ekonomick\u00e1 sekcia (CD obal) \u2013 Sekcia \u201eProject Life Management\u201c (CD obal) \u2013 Predmetov\u00e1 pedagogika (CD obal) \u2013 Teologick\u00e1 sekcia (CD obal) \u2013 Publik\u00e1cie sekci\u00ed\u00a0Viacjazy\u010dnos\u0165 a\u00a0komplexn\u00e1 identita cez optiku literat\u00fary, jazyka a kult\u00fary\u00a0a\u00a0Aktu\u00e1lne ot\u00e1zky hungaristiky a\u00a0slovakistiky\u00a0s\u00fa spolu:\u00a0 Sekcie [&hellip;]<\/p>\n","protected":false},"author":2,"featured_media":0,"parent":1517,"menu_order":0,"comment_status":"closed","ping_status":"closed","template":"page-full-width.php","meta":{"zakra_page_container_layout":"customizer","zakra_page_sidebar_layout":"customizer","zakra_remove_content_margin":false,"zakra_sidebar":"customizer","zakra_transparent_header":"customizer","zakra_logo":0,"zakra_main_header_style":"default","zakra_menu_item_color":"","zakra_menu_item_hover_color":"","zakra_menu_item_active_color":"","zakra_menu_active_style":"","zakra_page_header":true,"footnotes":""},"class_list":["post-1688","page","type-page","status-publish","hentry"],"_links":{"self":[{"href":"https:\/\/selyetudkonf.ujs.sk\/sk\/wp-json\/wp\/v2\/pages\/1688","targetHints":{"allow":["GET"]}}],"collection":[{"href":"https:\/\/selyetudkonf.ujs.sk\/sk\/wp-json\/wp\/v2\/pages"}],"about":[{"href":"https:\/\/selyetudkonf.ujs.sk\/sk\/wp-json\/wp\/v2\/types\/page"}],"author":[{"embeddable":true,"href":"https:\/\/selyetudkonf.ujs.sk\/sk\/wp-json\/wp\/v2\/users\/2"}],"replies":[{"embeddable":true,"href":"https:\/\/selyetudkonf.ujs.sk\/sk\/wp-json\/wp\/v2\/comments?post=1688"}],"version-history":[{"count":5,"href":"https:\/\/selyetudkonf.ujs.sk\/sk\/wp-json\/wp\/v2\/pages\/1688\/revisions"}],"predecessor-version":[{"id":1706,"href":"https:\/\/selyetudkonf.ujs.sk\/sk\/wp-json\/wp\/v2\/pages\/1688\/revisions\/1706"}],"up":[{"embeddable":true,"href":"https:\/\/selyetudkonf.ujs.sk\/sk\/wp-json\/wp\/v2\/pages\/1517"}],"wp:attachment":[{"href":"https:\/\/selyetudkonf.ujs.sk\/sk\/wp-json\/wp\/v2\/media?parent=1688"}],"curies":[{"name":"wp","href":"https:\/\/api.w.org\/{rel}","templated":true}]}}