{"id":1640,"date":"2018-02-02T12:36:26","date_gmt":"2018-02-02T11:36:26","guid":{"rendered":"http:\/\/selyetudkonf.ujs.sk\/?page_id=1640"},"modified":"2018-02-02T12:39:43","modified_gmt":"2018-02-02T11:39:43","slug":"kontakt","status":"publish","type":"page","link":"https:\/\/selyetudkonf.ujs.sk\/sk\/2018\/kontakt\/","title":{"rendered":"Kontakt"},"content":{"rendered":"<p><strong>Adresa usporiadate\u013eov:<\/strong><\/p>\n<p>Dr. habil. PaedDr. Gy\u00f6rgy Juh\u00e1sz, PhD.<br \/>\nRektor<br \/>\nUniverzita J. Selyeho<br \/>\nBratislavsk\u00e1 cesta 3322, 945 01 Kom\u00e1rno<\/p>\n<p><strong> Kontakt na sekretari\u00e1t:<\/strong><br \/>\nAdrienn Hern\u00e1dy<br \/>\nTel.:\u00a0\u00a0\u00a0\u00a0 +421 35 3260 659<br \/>\nE-mail: <a href=\"mailto:konferencia@ujs.sk\">konferencia@ujs.sk<\/a><\/p>\n<h3><\/h3>\n","protected":false},"excerpt":{"rendered":"<p>Adresa usporiadate\u013eov: Dr. habil. PaedDr. Gy\u00f6rgy Juh\u00e1sz, PhD. Rektor Univerzita J. Selyeho Bratislavsk\u00e1 cesta 3322, 945 01 Kom\u00e1rno Kontakt na sekretari\u00e1t: Adrienn Hern\u00e1dy Tel.:\u00a0\u00a0\u00a0\u00a0 +421 35 3260 659 E-mail: konferencia@ujs.sk<\/p>\n","protected":false},"author":2,"featured_media":0,"parent":1517,"menu_order":0,"comment_status":"closed","ping_status":"closed","template":"","meta":{"zakra_page_container_layout":"customizer","zakra_page_sidebar_layout":"customizer","zakra_remove_content_margin":false,"zakra_sidebar":"customizer","zakra_transparent_header":"customizer","zakra_logo":0,"zakra_main_header_style":"default","zakra_menu_item_color":"","zakra_menu_item_hover_color":"","zakra_menu_item_active_color":"","zakra_menu_active_style":"","zakra_page_header":true,"footnotes":""},"class_list":["post-1640","page","type-page","status-publish","hentry"],"_links":{"self":[{"href":"https:\/\/selyetudkonf.ujs.sk\/sk\/wp-json\/wp\/v2\/pages\/1640","targetHints":{"allow":["GET"]}}],"collection":[{"href":"https:\/\/selyetudkonf.ujs.sk\/sk\/wp-json\/wp\/v2\/pages"}],"about":[{"href":"https:\/\/selyetudkonf.ujs.sk\/sk\/wp-json\/wp\/v2\/types\/page"}],"author":[{"embeddable":true,"href":"https:\/\/selyetudkonf.ujs.sk\/sk\/wp-json\/wp\/v2\/users\/2"}],"replies":[{"embeddable":true,"href":"https:\/\/selyetudkonf.ujs.sk\/sk\/wp-json\/wp\/v2\/comments?post=1640"}],"version-history":[{"count":1,"href":"https:\/\/selyetudkonf.ujs.sk\/sk\/wp-json\/wp\/v2\/pages\/1640\/revisions"}],"predecessor-version":[{"id":1641,"href":"https:\/\/selyetudkonf.ujs.sk\/sk\/wp-json\/wp\/v2\/pages\/1640\/revisions\/1641"}],"up":[{"embeddable":true,"href":"https:\/\/selyetudkonf.ujs.sk\/sk\/wp-json\/wp\/v2\/pages\/1517"}],"wp:attachment":[{"href":"https:\/\/selyetudkonf.ujs.sk\/sk\/wp-json\/wp\/v2\/media?parent=1640"}],"curies":[{"name":"wp","href":"https:\/\/api.w.org\/{rel}","templated":true}]}}