{"id":1545,"date":"2018-02-02T10:26:32","date_gmt":"2018-02-02T09:26:32","guid":{"rendered":"http:\/\/selyetudkonf.ujs.sk\/?page_id=1545"},"modified":"2022-04-01T15:12:40","modified_gmt":"2022-04-01T13:12:40","slug":"miesto-konania","status":"publish","type":"page","link":"https:\/\/selyetudkonf.ujs.sk\/sk\/miesto-konania\/","title":{"rendered":"Miesto konania"},"content":{"rendered":"<p><strong>Miesto konania konferencie: Konferen\u010dn\u00e9 centrum UJS \u2013 Hradn\u00e1 2, 945 01 Kom\u00e1rno<\/strong><\/p>\n<p>Mapu n\u00e1jdete <a href=\"http:\/\/ujs.sk\/sk\/kontakt\/mapa.html\">tu<\/a><br \/>\n<img decoding=\"async\" class=\"aligncenter\" src=\"http:\/\/selyetudkonf.selyeuni.sk\/wp-content\/uploads\/2013\/04\/sjekonfkozpont.jpg\" alt=\"\" \/><\/p>\n<p style=\"text-align: center;\">Konferen\u010dn\u00e9 centrum UJS<\/p>\n<p><strong>Dopravn\u00e9 spojenie:<\/strong><\/p>\n<ul>\n<li>Autobusov\u00e9 spojenie AS MHD, SAD: <a href=\"https:\/\/cp.hnonline.sk\/vlakbusmhd\/spojenie\/\">https:\/\/cp.hnonline.sk\/vlakbusmhd\/spojenie\/<\/a><\/li>\n<li>Vlakov\u00e9 spojenie \u017dSR:\u00a0 <a href=\"https:\/\/cp.hnonline.sk\/vlakbusmhd\/spojenie\/\">https:\/\/cp.hnonline.sk\/vlakbusmhd\/spojenie\/<\/a><\/li>\n<li>Autobusov\u00e9 spojenie VOL\u00c1N: <a href=\"http:\/\/www.menetrendek.hu\/\">http:\/\/www.menetrendek.hu\/<\/a><\/li>\n<li>Vlakov\u00e9 spojenie M\u00c1V: <a href=\"http:\/\/elvira.mavinformatika.hu\/\">http:\/\/elvira.mavinformatika.hu\/<\/a><\/li>\n<\/ul>\n<p><strong>Taxi:<\/strong><\/p>\n<ul>\n<li>AB-Taxi +421\/911 222\u00a0501<\/li>\n<li>Dianthus Taxi +421\/903 111\u00a0034<\/li>\n<li>PT-Taxi +421\/908 409\u00a0000<\/li>\n<\/ul>\n<p><strong>MHD Kom\u00e1rno<\/strong><\/p>\n<ul>\n<li><a href=\"http:\/\/www.komarno.sk\/index.php?brick_id=401\">http:\/\/www.komarno.sk\/index.php?brick_id=401<\/a><\/li>\n<li><a href=\"http:\/\/cestovny-poriadok.informujsa.sk\/komarno.php\">http:\/\/cestovny-poriadok.informujsa.sk\/komarno.php<\/a><\/li>\n<li><a href=\"http:\/\/www.komarno.sk\/index.php?search=mhd\">http:\/\/www.komarno.sk\/index.php?search=mhd<\/a><\/li>\n<\/ul>\n<p><strong>Mesto Kom\u00e1rno<\/strong>: <a href=\"http:\/\/www.komarno.sk\/start.html\">http:\/\/www.komarno.sk\/start.html<\/a><\/p>\n","protected":false},"excerpt":{"rendered":"<p>Miesto konania konferencie: Konferen\u010dn\u00e9 centrum UJS \u2013 Hradn\u00e1 2, 945 01 Kom\u00e1rno Mapu n\u00e1jdete tu Konferen\u010dn\u00e9 centrum UJS Dopravn\u00e9 spojenie: Autobusov\u00e9 spojenie AS MHD, SAD: https:\/\/cp.hnonline.sk\/vlakbusmhd\/spojenie\/ Vlakov\u00e9 spojenie \u017dSR:\u00a0 https:\/\/cp.hnonline.sk\/vlakbusmhd\/spojenie\/ Autobusov\u00e9 spojenie VOL\u00c1N: http:\/\/www.menetrendek.hu\/ Vlakov\u00e9 spojenie M\u00c1V: http:\/\/elvira.mavinformatika.hu\/ Taxi: AB-Taxi +421\/911 222\u00a0501 Dianthus Taxi +421\/903 111\u00a0034 PT-Taxi +421\/908 409\u00a0000 MHD Kom\u00e1rno http:\/\/www.komarno.sk\/index.php?brick_id=401 http:\/\/cestovny-poriadok.informujsa.sk\/komarno.php http:\/\/www.komarno.sk\/index.php?search=mhd Mesto [&hellip;]<\/p>\n","protected":false},"author":2,"featured_media":0,"parent":0,"menu_order":0,"comment_status":"closed","ping_status":"closed","template":"","meta":{"zakra_page_container_layout":"customizer","zakra_page_sidebar_layout":"customizer","zakra_remove_content_margin":false,"zakra_sidebar":"customizer","zakra_transparent_header":"customizer","zakra_logo":0,"zakra_main_header_style":"default","zakra_menu_item_color":"","zakra_menu_item_hover_color":"","zakra_menu_item_active_color":"","zakra_menu_active_style":"","zakra_page_header":true,"footnotes":""},"class_list":["post-1545","page","type-page","status-publish","hentry"],"_links":{"self":[{"href":"https:\/\/selyetudkonf.ujs.sk\/sk\/wp-json\/wp\/v2\/pages\/1545","targetHints":{"allow":["GET"]}}],"collection":[{"href":"https:\/\/selyetudkonf.ujs.sk\/sk\/wp-json\/wp\/v2\/pages"}],"about":[{"href":"https:\/\/selyetudkonf.ujs.sk\/sk\/wp-json\/wp\/v2\/types\/page"}],"author":[{"embeddable":true,"href":"https:\/\/selyetudkonf.ujs.sk\/sk\/wp-json\/wp\/v2\/users\/2"}],"replies":[{"embeddable":true,"href":"https:\/\/selyetudkonf.ujs.sk\/sk\/wp-json\/wp\/v2\/comments?post=1545"}],"version-history":[{"count":2,"href":"https:\/\/selyetudkonf.ujs.sk\/sk\/wp-json\/wp\/v2\/pages\/1545\/revisions"}],"predecessor-version":[{"id":2258,"href":"https:\/\/selyetudkonf.ujs.sk\/sk\/wp-json\/wp\/v2\/pages\/1545\/revisions\/2258"}],"wp:attachment":[{"href":"https:\/\/selyetudkonf.ujs.sk\/sk\/wp-json\/wp\/v2\/media?parent=1545"}],"curies":[{"name":"wp","href":"https:\/\/api.w.org\/{rel}","templated":true}]}}