{"id":1480,"date":"2017-09-04T15:25:45","date_gmt":"2017-09-04T13:25:45","guid":{"rendered":"http:\/\/selyetudkonf.ujs.sk\/?page_id=1480"},"modified":"2017-09-11T10:01:18","modified_gmt":"2017-09-11T08:01:18","slug":"program2017","status":"publish","type":"page","link":"https:\/\/selyetudkonf.ujs.sk\/sk\/2017\/program2017\/","title":{"rendered":"Program"},"content":{"rendered":"<table>\n<tbody>\n<tr>\n<td colspan=\"3\"><strong>A KONFERENCIA KERETPROGRAMJA &#8211; R\u00c1MCOV\u00dd PROGRAM KONFERENCIE<\/strong><\/td>\n<\/tr>\n<tr>\n<td><\/td>\n<td><\/td>\n<td><\/td>\n<\/tr>\n<tr>\n<td><strong>2017. szeptember 12.<br \/>\n12. september 2017<\/strong><\/td>\n<td>08.30 \u2013 09.30<\/td>\n<td>A r\u00e9sztvev\u0151k regisztr\u00e1l\u00e1sa\u00a0 &#8211; Registr\u00e1cia \u00fa\u010dastn\u00edkov<\/td>\n<\/tr>\n<tr>\n<td><\/td>\n<td>09.30 \u2013 09.45<\/td>\n<td>A SJE rektor\u00e1nak \u00fcdv\u00f6zl\u0151 besz\u00e9de &#8211; Pr\u00edhovor rektora UJS<\/td>\n<\/tr>\n<tr>\n<td><\/td>\n<td>09.45 \u2013 11.15<\/td>\n<td><strong>Plen\u00e1ris szekci\u00f3 &#8211; Plen\u00e1rna sekcia<\/strong><\/td>\n<\/tr>\n<tr>\n<td><\/td>\n<td><\/td>\n<td rowspan=\"2\">Set\u00e9nyi J\u00e1nos: Tanul\u00e1s k\u00f6z\u00e9ppontba helyez\u00e9se &#8211; XXI. sz\u00e1zadi iskola<\/td>\n<\/tr>\n<tr>\n<td><\/td>\n<td><\/td>\n<\/tr>\n<tr>\n<td><\/td>\n<td><\/td>\n<td>Dr. Kov\u00e1cs Levente &#8211; Gazdas\u00e1gi \u00e9s gazdas\u00e1getikai k\u00e9rd\u00e9sek a reform\u00e1ci\u00f3 t\u00fckr\u00e9ben<\/td>\n<\/tr>\n<tr>\n<td><\/td>\n<td>11.15 \u2013 11.30<\/td>\n<td>A reform\u00e1ci\u00f3 500. \u00e9vfordul\u00f3ja alkalm\u00e1b\u00f3l rendezett ki\u00e1ll\u00edt\u00e1s megnyit\u00f3ja &#8211; Otvorenie v\u00fdstavy &#8222;500 rokov reform\u00e1cie<\/td>\n<\/tr>\n<tr>\n<td><\/td>\n<td>11.30 \u2013 13.00<\/td>\n<td>Eb\u00e9d &#8211; Obed<\/td>\n<\/tr>\n<tr>\n<td><\/td>\n<td>13.00 \u2013 17.45<\/td>\n<td>Szekci\u00f3\u00fcl\u00e9sek- Rokovanie v sekci\u00e1ch<\/td>\n<\/tr>\n<tr>\n<td><\/td>\n<td>18:00 \u2013\u00a0 20:00<\/td>\n<td>Vacsora &#8211; Ve\u010dera<\/td>\n<\/tr>\n<tr>\n<td><\/td>\n<td><\/td>\n<td><\/td>\n<\/tr>\n<tr>\n<td><strong>2017. szeptember 13.<br \/>\n13. september 2017<\/strong><\/td>\n<td>08:30 \u2013 09:00<\/td>\n<td>A r\u00e9sztvev\u0151k regisztr\u00e1l\u00e1sa &#8211; Registr\u00e1cia \u00fa\u010dastn\u00edkov<\/td>\n<\/tr>\n<tr>\n<td><\/td>\n<td>09:00 \u2013 12:00<\/td>\n<td>Szekci\u00f3\u00fcl\u00e9sek- Rokovanie v sekci\u00e1ch<\/td>\n<\/tr>\n<tr>\n<td><\/td>\n<td>12:00 \u2013 13:00<\/td>\n<td>Eb\u00e9d &#8211; Obed<\/td>\n<\/tr>\n<tr>\n<td><\/td>\n<td>13:00 \u2013 16:00<\/td>\n<td>Szekci\u00f3\u00fcl\u00e9sek- Rokovanie v sekci\u00e1ch<\/td>\n<\/tr>\n<tr>\n<td><\/td>\n<td>14:00 \u2013 15:00<\/td>\n<td>Er\u0151dl\u00e1togat\u00e1s &#8211; N\u00e1v\u0161teva pevnosti<\/td>\n<\/tr>\n<tr>\n<td><\/td>\n<td><\/td>\n<td><strong>\u00a0<\/strong><\/td>\n<\/tr>\n<\/tbody>\n<\/table>\n<p>&nbsp;<\/p>\n<p style=\"text-align: center;\"><a href=\"\/wp-content\/uploads\/2017\/09\/program_IKT2017.pdf\">Modern\u00e9 informa\u010dno-komunika\u010dn\u00e9 technol\u00f3gie a ich \u00faloha vo vede a vo vzdel\u00e1van\u00ed<\/a><\/p>\n<p style=\"text-align: center;\"><a href=\"\/wp-content\/uploads\/2017\/09\/program_GTK_szekcio2017.pdf\">Spolo\u010densk\u00e9 a ekonomick\u00e9 trendy, vz\u00e1jomn\u00e9 vz\u0165ahy (v\u00e4zby) v 21. storo\u010d\u00ed<\/a><\/p>\n<p style=\"text-align: center;\"><a href=\"\/wp-content\/uploads\/2017\/09\/program_idegen_nyelv_oktatas2017.pdf\">Vyu\u010dovanie cudz\u00edch jazykov v 21. storo\u010d\u00ed \u2013 trad\u00edcia a inov\u00e1cia<\/a><\/p>\n<p style=\"text-align: center;\"><a href=\"\/wp-content\/uploads\/2017\/09\/program_pedagogia2017.pdf\">\u00daloha u\u010dite\u013ea a motiv\u00e1cie vo v\u00fdchovno-vzdel\u00e1vacom procese<\/a><\/p>\n<p style=\"text-align: center;\"><a href=\"\/wp-content\/uploads\/2017\/09\/program_hatranyos_tanulok2017.pdf\">Zdravotne a soci\u00e1lne znev\u00fdhodnen\u00ed \u017eiaci<\/a><\/p>\n<p style=\"text-align: center;\"><a href=\"\/wp-content\/uploads\/2017\/09\/program_hungarisztika2017_1.pdf\">Aktu\u00e1lne ot\u00e1zky hungaristiky a slovakistiky<\/a><\/p>\n<p style=\"text-align: center;\"><a href=\"\/wp-content\/uploads\/2017\/09\/program_teologia2017_1.pdf\">Reform\u00e1cia kedysi a dnes<\/a><\/p>\n","protected":false},"excerpt":{"rendered":"<p>A KONFERENCIA KERETPROGRAMJA &#8211; R\u00c1MCOV\u00dd PROGRAM KONFERENCIE 2017. szeptember 12. 12. september 2017 08.30 \u2013 09.30 A r\u00e9sztvev\u0151k regisztr\u00e1l\u00e1sa\u00a0 &#8211; Registr\u00e1cia \u00fa\u010dastn\u00edkov 09.30 \u2013 09.45 A SJE rektor\u00e1nak \u00fcdv\u00f6zl\u0151 besz\u00e9de &#8211; Pr\u00edhovor rektora UJS 09.45 \u2013 11.15 Plen\u00e1ris szekci\u00f3 &#8211; Plen\u00e1rna sekcia Set\u00e9nyi J\u00e1nos: Tanul\u00e1s k\u00f6z\u00e9ppontba helyez\u00e9se &#8211; XXI. sz\u00e1zadi iskola Dr. Kov\u00e1cs Levente &#8211; [&hellip;]<\/p>\n","protected":false},"author":2,"featured_media":0,"parent":1301,"menu_order":0,"comment_status":"closed","ping_status":"closed","template":"","meta":{"zakra_page_container_layout":"customizer","zakra_page_sidebar_layout":"customizer","zakra_remove_content_margin":false,"zakra_sidebar":"customizer","zakra_transparent_header":"customizer","zakra_logo":0,"zakra_main_header_style":"default","zakra_menu_item_color":"","zakra_menu_item_hover_color":"","zakra_menu_item_active_color":"","zakra_menu_active_style":"","zakra_page_header":true,"footnotes":""},"class_list":["post-1480","page","type-page","status-publish","hentry"],"_links":{"self":[{"href":"https:\/\/selyetudkonf.ujs.sk\/sk\/wp-json\/wp\/v2\/pages\/1480","targetHints":{"allow":["GET"]}}],"collection":[{"href":"https:\/\/selyetudkonf.ujs.sk\/sk\/wp-json\/wp\/v2\/pages"}],"about":[{"href":"https:\/\/selyetudkonf.ujs.sk\/sk\/wp-json\/wp\/v2\/types\/page"}],"author":[{"embeddable":true,"href":"https:\/\/selyetudkonf.ujs.sk\/sk\/wp-json\/wp\/v2\/users\/2"}],"replies":[{"embeddable":true,"href":"https:\/\/selyetudkonf.ujs.sk\/sk\/wp-json\/wp\/v2\/comments?post=1480"}],"version-history":[{"count":4,"href":"https:\/\/selyetudkonf.ujs.sk\/sk\/wp-json\/wp\/v2\/pages\/1480\/revisions"}],"predecessor-version":[{"id":1503,"href":"https:\/\/selyetudkonf.ujs.sk\/sk\/wp-json\/wp\/v2\/pages\/1480\/revisions\/1503"}],"up":[{"embeddable":true,"href":"https:\/\/selyetudkonf.ujs.sk\/sk\/wp-json\/wp\/v2\/pages\/1301"}],"wp:attachment":[{"href":"https:\/\/selyetudkonf.ujs.sk\/sk\/wp-json\/wp\/v2\/media?parent=1480"}],"curies":[{"name":"wp","href":"https:\/\/api.w.org\/{rel}","templated":true}]}}