{"id":1391,"date":"2017-02-28T09:19:56","date_gmt":"2017-02-28T08:19:56","guid":{"rendered":"http:\/\/selyetudkonf.ujs.sk\/?page_id=1391"},"modified":"2017-03-03T17:18:17","modified_gmt":"2017-03-03T16:18:17","slug":"pozvanka","status":"publish","type":"page","link":"https:\/\/selyetudkonf.ujs.sk\/sk\/2017\/pozvanka\/","title":{"rendered":"Pozv\u00e1nka"},"content":{"rendered":"<p><strong>V\u00e1\u017een\u00e9 kolegyne a kolegovia,<\/strong><br \/>\n<strong>oznamujeme V\u00e1m, \u017ee Univerzita J. Selyeho pod z\u00e1\u0161titou Dr. habil. PaedDr. Gy<\/strong><strong>\u00f6rgya Juh\u00e1sza<\/strong><strong>, PhD. rektora univerzity organizuje<\/strong><\/p>\n<h1 style=\"text-align: center;\"><span style=\"color: #008000;\"><strong>Medzin\u00e1rodn\u00fa vedeck\u00fa konferenciu<\/strong><\/span><\/h1>\n<h1 style=\"text-align: center;\"><span style=\"color: #008000;\"><strong>Univerzity J. Selyeho \u2013 2017<\/strong><\/span><\/h1>\n<h2 style=\"text-align: center;\"><span style=\"color: #008000;\"><strong>\u201eHodnota, kvalita a\u00a0konkurencieschopnos\u0165 \u2013 v\u00fdzvy 21. storo\u010dia\u201c<\/strong><strong>,<\/strong><\/span><\/h2>\n<p style=\"text-align: center;\"><strong>ktor\u00e1 sa bude kona\u0165 v d\u0148och<br \/>\n12.\u201313. septembra 2017<br \/>\nv Konferen\u010dnom centre UJS \u2013 Hradn\u00e1 2, 945 01 Kom\u00e1rno<\/strong><\/p>\n<p>Cie\u013eom konferencie je prezent\u00e1cia v\u00fdsledkov pr\u00e1ce vedeck\u00fdch, vedecko-v\u00fdskumn\u00fdch a pedagogick\u00fdch pracovn\u00edkov. Tohtoro\u010dn\u00e1 konferencia je ur\u010den\u00e1 predov\u0161etk\u00fdm pre odborn\u00edkov zaoberaj\u00facich sa vedn\u00fdmi oblas\u0165ami: humanitn\u00e9 vedy, spolo\u010densk\u00e9 vedy, pedagogick\u00e9 vedy, ekonomick\u00e9 vedy a\u00a0riadenie podniku, ale v\u00edtan\u00ed s\u00fa aj \u00fa\u010dastn\u00edci z pr\u00edbuzn\u00fdch odborov. Konferencia d\u00e1va priestor na v\u00fdmenu n\u00e1zorov a sk\u00fasenost\u00ed, na z\u00edskanie nov\u00fdch n\u00e1padov pre vedeck\u00fa pr\u00e1cu, nadviaza\u0165 kontakty a poskytne aj mo\u017enos\u0165 uverejnenia pr\u00edspevkov.<\/p>\n<p>Konferencia sa uskuto\u010dn\u00ed v\u00a0d\u0148och <strong>12.\u201313. septembra 2017<\/strong>. Rokovanie bude prebieha\u0165 v sekci\u00e1ch.<\/p>\n<p>Jednotliv\u00e9 pr\u00edspevky bud\u00fa publikovan\u00e9 v\u00a0zborn\u00edku konferencie, pr\u00edpadne v\u00a0in\u00fdch publik\u00e1ci\u00e1ch. Pre ka\u017ed\u00e9ho akt\u00edvneho \u00fa\u010dastn\u00edka konferencie zabezpe\u010d\u00edme zborn\u00edk konferencie.<\/p>\n<p>Pl\u00e1novan\u00e9 sekcie a kontakty:<\/p>\n<p><strong>&#8211;\u00a0 Modern\u00e9 informa\u010dno-komunika\u010dn\u00e9 technol\u00f3gie a ich \u00faloha vo vede a vo vzdel\u00e1van\u00ed <\/strong><\/p>\n<p>RNDr. \u0160tefan GUBO, PhD., <strong><a href=\"mailto:gubos@ujs.sk\">gubos@ujs.sk<\/a><\/strong><\/p>\n<p><strong>&#8211; Spolo<\/strong><strong>\u010densk\u00e9 a\u00a0ekonomick\u00e9 trendy, vz\u00e1jomn\u00e9 vz\u0165ahy (v\u00e4zby) v\u00a021. storo\u010d\u00ed<\/strong><\/p>\n<p>PhDr. Enik\u0151 KORCSM\u00c1ROS, PhD., <strong><a href=\"mailto:korcsmaroe@ujs.sk\">korcsmarose@ujs.sk<\/a><\/strong><\/p>\n<p><strong>&#8211; <\/strong>\u00a0<strong>Vyu\u010dovanie cudz\u00edch jazykov v\u00a021. storo\u010d\u00ed \u2013 trad\u00edcia a\u00a0inov\u00e1cia<\/strong><\/p>\n<p>Dr. habil. Erzs\u00e9bet DRAHOTA-SZAB\u00d3, PhD., <strong><a href=\"mailto:drahotaszaboe@ujs.sk\">drahotaszaboe@ujs.sk<\/a><\/strong><\/p>\n<p><strong>&#8211; \u00a0\u00daloha u\u010dite\u013ea a\u00a0motiv\u00e1cie vo v\u00fdchovno-vzdel\u00e1vacom procese<\/strong><\/p>\n<p>Dr. habil. Vilmos VASS, PhD., <strong><a href=\"mailto:vassv@ujs.sk\">vassv@ujs.sk<\/a><\/strong>, Mgr. Yvette ORSOVICS, PhD., <strong><a href=\"mailto:orsovicsy@ujs.sk\">orsovicsy@ujs.sk<\/a><\/strong><strong>, <\/strong>PaedDr. Be\u00e1ta DOBAY, PhD., <strong><a href=\"mailto:dobayb@ujs.sk\">dobayb@ujs.sk<\/a><\/strong><\/p>\n<p><strong>&#8211;<\/strong>\u00a0 <strong>Zdravotne a\u00a0soci\u00e1lne znev\u00fdhodnen\u00ed \u017eiaci<\/strong><\/p>\n<p>PaedDr. Ter\u00e9zia STR\u00c9DL, PhD., <strong><a href=\"mailto:stredlt@ujs.sk\">stredlt@ujs.sk<\/a><\/strong>, PaedDr. Melinda NAGY, PhD., <strong><a href=\"mailto:nagym@ujs.sk\">nagym@ujs.sk<\/a><\/strong><\/p>\n<p><strong>&#8211;\u00a0 <\/strong><strong>Aktu\u00e1lne ot\u00e1zky hungaristiky a\u00a0slovakistiky<\/strong><\/p>\n<p>Szabolcs SIMON, PhD., <strong><a href=\"mailto:simons@ujs.sk\">simons@ujs.sk<\/a><\/strong>, S\u00e1ndor J\u00e1nos T\u00d3TH, PhD., <strong><a href=\"mailto:toths@ujs.sk\">toths@ujs.sk<\/a><\/strong><\/p>\n<p><strong>&#8211;\u00a0 <\/strong><strong>Reform\u00e1cia kedysi a dnes<\/strong><\/p>\n<p>ThDr. Alfr\u00e9d SOMOGYI, PhD., <strong><a href=\"mailto:toths@ujs.sk\">somogyia@ujs.sk<\/a><\/strong><\/p>\n<p>&nbsp;<\/p>\n<p>Prezent\u00e1ciu pr\u00edspevkov odpor\u00fa\u010dame pripravi\u0165 v\u00a0MS PowerPoint, pri\u010dom \u010das na prezent\u00e1ciu plen\u00e1rnych predn\u00e1\u0161ok bude 20-30 min., a \u010das na predn\u00e1\u0161ky v sekci\u00e1ch bude ohrani\u010den\u00fd na 15 min. + 5 min. na diskusiu (ak organiza\u010dn\u00fd v\u00fdbor neur\u010d\u00ed inak) pre dan\u00fa sekciu.<\/p>\n<p>S pozdravom<\/p>\n<p><strong>Usporiadatelia<\/strong><\/p>\n<p>V Kom\u00e1rne 25.01.2017<\/p>\n","protected":false},"excerpt":{"rendered":"<p>V\u00e1\u017een\u00e9 kolegyne a kolegovia, oznamujeme V\u00e1m, \u017ee Univerzita J. Selyeho pod z\u00e1\u0161titou Dr. habil. PaedDr. Gy\u00f6rgya Juh\u00e1sza, PhD. rektora univerzity organizuje Medzin\u00e1rodn\u00fa vedeck\u00fa konferenciu Univerzity J. Selyeho \u2013 2017 \u201eHodnota, kvalita a\u00a0konkurencieschopnos\u0165 \u2013 v\u00fdzvy 21. storo\u010dia\u201c, ktor\u00e1 sa bude kona\u0165 v d\u0148och 12.\u201313. septembra 2017 v Konferen\u010dnom centre UJS \u2013 Hradn\u00e1 2, 945 01 Kom\u00e1rno [&hellip;]<\/p>\n","protected":false},"author":2,"featured_media":0,"parent":1301,"menu_order":0,"comment_status":"closed","ping_status":"closed","template":"page-full-width.php","meta":{"zakra_page_container_layout":"customizer","zakra_page_sidebar_layout":"customizer","zakra_remove_content_margin":false,"zakra_sidebar":"customizer","zakra_transparent_header":"customizer","zakra_logo":0,"zakra_main_header_style":"default","zakra_menu_item_color":"","zakra_menu_item_hover_color":"","zakra_menu_item_active_color":"","zakra_menu_active_style":"","zakra_page_header":true,"footnotes":""},"class_list":["post-1391","page","type-page","status-publish","hentry"],"_links":{"self":[{"href":"https:\/\/selyetudkonf.ujs.sk\/sk\/wp-json\/wp\/v2\/pages\/1391","targetHints":{"allow":["GET"]}}],"collection":[{"href":"https:\/\/selyetudkonf.ujs.sk\/sk\/wp-json\/wp\/v2\/pages"}],"about":[{"href":"https:\/\/selyetudkonf.ujs.sk\/sk\/wp-json\/wp\/v2\/types\/page"}],"author":[{"embeddable":true,"href":"https:\/\/selyetudkonf.ujs.sk\/sk\/wp-json\/wp\/v2\/users\/2"}],"replies":[{"embeddable":true,"href":"https:\/\/selyetudkonf.ujs.sk\/sk\/wp-json\/wp\/v2\/comments?post=1391"}],"version-history":[{"count":7,"href":"https:\/\/selyetudkonf.ujs.sk\/sk\/wp-json\/wp\/v2\/pages\/1391\/revisions"}],"predecessor-version":[{"id":1404,"href":"https:\/\/selyetudkonf.ujs.sk\/sk\/wp-json\/wp\/v2\/pages\/1391\/revisions\/1404"}],"up":[{"embeddable":true,"href":"https:\/\/selyetudkonf.ujs.sk\/sk\/wp-json\/wp\/v2\/pages\/1301"}],"wp:attachment":[{"href":"https:\/\/selyetudkonf.ujs.sk\/sk\/wp-json\/wp\/v2\/media?parent=1391"}],"curies":[{"name":"wp","href":"https:\/\/api.w.org\/{rel}","templated":true}]}}