{"id":1344,"date":"2017-02-07T11:16:39","date_gmt":"2017-02-07T10:16:39","guid":{"rendered":"http:\/\/selyetudkonf.selyeuni.sk\/?page_id=1344"},"modified":"2024-04-23T13:19:05","modified_gmt":"2024-04-23T11:19:05","slug":"moznosti-ubytovania","status":"publish","type":"page","link":"https:\/\/selyetudkonf.ujs.sk\/sk\/2017\/moznosti-ubytovania\/","title":{"rendered":"Mo\u017enosti ubytovania"},"content":{"rendered":"<span class=\"collapseomatic \" id=\"id69faa6fac97af\"  tabindex=\"0\" title=\"Hotel Peklo\"    >Hotel Peklo<\/span><div id=\"target-id69faa6fac97af\" class=\"collapseomatic_content \">\n<table style=\"background-color: #ffffff;\" border=\"0\" width=\"90%\" cellspacing=\"0\" cellpadding=\"2\">\n<tbody>\n<tr>\n<td width=\"400\">Miesto ubytovania:<\/td>\n<td>Kom\u00e1rno, Platanov\u00e1 alej 1<\/td>\n<\/tr>\n<tr>\n<td>Vzdialenos\u0165 ubytovania od miesta konferencie:<\/td>\n<td>800 m<\/td>\n<\/tr>\n<tr>\n<td>Apartm\u00e1n pre 2 osoby (ra\u0148ajky + gar\u00e1\u017e + wellness)<\/td>\n<td>120 \u20ac<\/td>\n<\/tr>\n<tr>\n<td>2-poste\u013eov\u00e1 izba bez ra\u0148ajok (ra\u0148ajky +5,80\u20ac parkovanie +3\u20ac)<\/td>\n<td>78 \u20ac<\/td>\n<\/tr>\n<tr>\n<td>Telefon:<\/td>\n<td>+421 35 7740 620 \/ 621 \/ 622<\/td>\n<\/tr>\n<tr>\n<td>E-mail:<\/td>\n<td>recepcia@hotelpeklo.sk<\/td>\n<\/tr>\n<tr>\n<td>Web:<\/td>\n<td>www.hotelpeklo.sk<\/td>\n<\/tr>\n<\/tbody>\n<\/table>\n<\/div>\n<span class=\"collapseomatic \" id=\"id69faa6fac982c\"  tabindex=\"0\" title=\"Hotel Panor\u00e1ma\"    >Hotel Panor\u00e1ma<\/span><div id=\"target-id69faa6fac982c\" class=\"collapseomatic_content \">\n<table style=\"background-color: #ffffff;\" border=\"0\" width=\"90%\" cellspacing=\"0\" cellpadding=\"2\">\n<tbody>\n<tr>\n<td width=\"400\">Miesto ubytovania:<\/td>\n<td>Kom\u00e1rno, \u0160portov\u00e1 1<\/td>\n<\/tr>\n<tr>\n<td>Vzdialenos\u0165 ubytovania od miesta konferencie:<\/td>\n<td>300 m<\/td>\n<\/tr>\n<tr>\n<td>1-poste\u013eov\u00e1 izba (ra\u0148ajky+3\u20ac):<\/td>\n<td>26 \u20ac<\/td>\n<\/tr>\n<tr>\n<td>2-poste\u013eov\u00e1 izba (ra\u0148ajky+3\u20ac):<\/td>\n<td>36 \u20ac<\/td>\n<\/tr>\n<tr>\n<td>Telefon:<\/td>\n<td>+421 35 777 8719 \/ 8885<\/td>\n<\/tr>\n<tr>\n<td>E-mail:<\/td>\n<td>info@komarnohotel.sk<\/td>\n<\/tr>\n<tr>\n<td>Web:<\/td>\n<td>www.komarnohotel.sk<\/td>\n<\/tr>\n<\/tbody>\n<\/table>\n<\/div>\n<span class=\"collapseomatic \" id=\"id69faa6fac9866\"  tabindex=\"0\" title=\"Penzi\u00f3n Litovel\"    >Penzi\u00f3n Litovel<\/span><div id=\"target-id69faa6fac9866\" class=\"collapseomatic_content \">\n<table style=\"background-color: #ffffff;\" border=\"0\" width=\"90%\" cellspacing=\"0\" cellpadding=\"2\">\n<tbody>\n<tr>\n<td width=\"400\">Miesto ubytovania:<\/td>\n<td>Kom\u00e1rno, Dunajsk\u00e9 n\u00e1bre\u017eie 10<\/td>\n<\/tr>\n<tr>\n<td>Vzdialenos\u0165 ubytovania od miesta konferencie:<\/td>\n<td>750m<\/td>\n<\/tr>\n<tr>\n<td>apartm\u00e1n 2+2 (v cene ra\u0148ajky):<\/td>\n<td>66\u20ac<\/td>\n<\/tr>\n<tr>\n<td><span class=\"Apple-converted-space\">Izba pre dve osoby\u00a0<\/span>(bez ra\u0148ajok, + 3\u20ac parkovanie):<\/td>\n<td>35\u20ac<\/td>\n<\/tr>\n<tr>\n<td>Izba pre dve osoby (v cene ra\u0148ajky, + 3\u20ac parkovanie):<\/td>\n<td>45\u20ac<\/td>\n<\/tr>\n<tr>\n<td>Izba pre dve osoby s balk\u00f3nom (v cene ra\u0148ajky, + 3\u20ac \u00a0parkovanie):<\/td>\n<td>48\u20ac<\/td>\n<\/tr>\n<tr>\n<td>Telefon:<\/td>\n<td>+421 903 443 885<\/td>\n<\/tr>\n<tr>\n<td>E-mail:<\/td>\n<td>litovel@litovel.sk<\/td>\n<\/tr>\n<tr>\n<td>Web:<\/td>\n<td>www.penzionkomarno.sk<\/td>\n<\/tr>\n<\/tbody>\n<\/table>\n<\/div>\n<span class=\"collapseomatic \" id=\"id69faa6fac9898\"  tabindex=\"0\" title=\"Olymp Penzi\u00f3n\"    >Olymp Penzi\u00f3n<\/span><div id=\"target-id69faa6fac9898\" class=\"collapseomatic_content \">\n<table style=\"background-color: #ffffff;\" border=\"0\" width=\"90%\" cellspacing=\"0\" cellpadding=\"2\">\n<tbody>\n<tr>\n<td width=\"400\">Miesto ubytovania:<\/td>\n<td>Kom\u00e1rno, Leh\u00e1rova 12<\/td>\n<\/tr>\n<tr>\n<td>Vzdialenos\u0165 ubytovania od miesta konferencie:<\/td>\n<td>600m<\/td>\n<\/tr>\n<tr>\n<td>1 poste\u013eov\u00e1 izba pre 1 osobu\u00a0<b>\u00a0<\/b>( v cene s\u00fa ra\u0148ajky)<b>\u00a0<\/b>:<\/td>\n<td>35\u20ac<\/td>\n<\/tr>\n<tr>\n<td>2 poste\u013eov\u00e1 izba pre 2 osoby\u00a0<b>\u00a0<\/b>( v cene s\u00fa ra\u0148ajky)<b>\u00a0<\/b>:<\/td>\n<td>45\u20ac<\/td>\n<\/tr>\n<tr>\n<td>2 poste\u013eov\u00e1 izba s priste\u013ekom<b>\u00a0<\/b>( v cene s\u00fa ra\u0148ajky)<b>\u00a0<\/b>:<\/td>\n<td>55\u20ac<\/td>\n<\/tr>\n<tr>\n<td>Telefon:<\/td>\n<td>+421 917 871 787<\/td>\n<\/tr>\n<tr>\n<td>E-mail:<\/td>\n<td>info@olymppenzion.sk<\/td>\n<\/tr>\n<tr>\n<td>Web:<\/td>\n<td>www.olymppenzion.sk<\/td>\n<\/tr>\n<\/tbody>\n<\/table>\n<\/div>\n","protected":false},"excerpt":{"rendered":"","protected":false},"author":2,"featured_media":0,"parent":1301,"menu_order":0,"comment_status":"closed","ping_status":"closed","template":"","meta":{"zakra_page_container_layout":"customizer","zakra_page_sidebar_layout":"customizer","zakra_remove_content_margin":false,"zakra_sidebar":"customizer","zakra_transparent_header":"customizer","zakra_logo":0,"zakra_main_header_style":"default","zakra_menu_item_color":"","zakra_menu_item_hover_color":"","zakra_menu_item_active_color":"","zakra_menu_active_style":"","zakra_page_header":true,"footnotes":""},"class_list":["post-1344","page","type-page","status-publish","hentry"],"_links":{"self":[{"href":"https:\/\/selyetudkonf.ujs.sk\/sk\/wp-json\/wp\/v2\/pages\/1344","targetHints":{"allow":["GET"]}}],"collection":[{"href":"https:\/\/selyetudkonf.ujs.sk\/sk\/wp-json\/wp\/v2\/pages"}],"about":[{"href":"https:\/\/selyetudkonf.ujs.sk\/sk\/wp-json\/wp\/v2\/types\/page"}],"author":[{"embeddable":true,"href":"https:\/\/selyetudkonf.ujs.sk\/sk\/wp-json\/wp\/v2\/users\/2"}],"replies":[{"embeddable":true,"href":"https:\/\/selyetudkonf.ujs.sk\/sk\/wp-json\/wp\/v2\/comments?post=1344"}],"version-history":[{"count":5,"href":"https:\/\/selyetudkonf.ujs.sk\/sk\/wp-json\/wp\/v2\/pages\/1344\/revisions"}],"predecessor-version":[{"id":2597,"href":"https:\/\/selyetudkonf.ujs.sk\/sk\/wp-json\/wp\/v2\/pages\/1344\/revisions\/2597"}],"up":[{"embeddable":true,"href":"https:\/\/selyetudkonf.ujs.sk\/sk\/wp-json\/wp\/v2\/pages\/1301"}],"wp:attachment":[{"href":"https:\/\/selyetudkonf.ujs.sk\/sk\/wp-json\/wp\/v2\/media?parent=1344"}],"curies":[{"name":"wp","href":"https:\/\/api.w.org\/{rel}","templated":true}]}}