{"id":1179,"date":"2016-08-30T14:36:45","date_gmt":"2016-08-30T12:36:45","guid":{"rendered":"http:\/\/selyetudkonf.selyeuni.sk\/?page_id=1179"},"modified":"2017-09-08T16:44:18","modified_gmt":"2017-09-08T14:44:18","slug":"program1","status":"publish","type":"page","link":"https:\/\/selyetudkonf.ujs.sk\/sk\/2016\/program1\/","title":{"rendered":"Program"},"content":{"rendered":"<table width=\"709\">\n<tbody>\n<tr>\n<td colspan=\"3\" width=\"709\">\n<p style=\"text-align: center;\"><strong>A KONFERENCIA KERETPROGRAMJA &#8211; R\u00c1MCOV\u00dd PROGRAM KONFERENCIE<\/strong><\/p>\n<\/td>\n<\/tr>\n<tr>\n<td style=\"text-align: center;\" rowspan=\"8\" width=\"187\"><strong> 2015. szeptember 13.<\/strong><br \/>\n<strong>13. september 2016<\/strong><\/td>\n<td width=\"130\">08.30 \u2013 09.30<\/td>\n<td width=\"393\">A r\u00e9sztvev\u0151k regiszr\u00e1l\u00e1sa &#8211; Registr\u00e1cia \u00fa\u010dastn\u00edkov<\/td>\n<\/tr>\n<tr>\n<td width=\"130\">09.30 \u2013 10.00<\/td>\n<td width=\"393\">A SJE rektor\u00e1nak \u00fcdv\u00f6zl\u0151 besz\u00e9de &#8211;\u00a0&#8211; Pr\u00edhovor rektora UJS<\/td>\n<\/tr>\n<tr>\n<td rowspan=\"3\" width=\"130\">10.00 \u2013 11.30<\/td>\n<td width=\"393\"><strong>Plen\u00e1ris szekci\u00f3\u00a0&#8211; Plen\u00e1rna sekcia<\/strong><\/td>\n<\/tr>\n<tr>\n<td width=\"393\"><strong>K\u00e9ri Katalin:<\/strong> A nevel\u00e9st\u00f6rt\u00e9net helye \u00e9s szerepe a kompetencia alap\u00fa pedag\u00f3gusk\u00e9pz\u00e9sben<\/td>\n<\/tr>\n<tr>\n<td width=\"393\"><strong>Po\u00f3r J\u00f3zsef: <\/strong>\u00dczleti szolg\u00e1ltat\u00e1sok \u00e9s az \u00fczleti oktat\u00e1s kih\u00edv\u00e1sai a 21. sz\u00e1zadban \u2013 m\u00falt, jelen \u00e9s j\u00f6v\u0151<\/td>\n<\/tr>\n<tr>\n<td width=\"130\">11.30 \u2013 13.00<\/td>\n<td width=\"393\">Eb\u00e9d- Obed<\/td>\n<\/tr>\n<tr>\n<td width=\"130\">13.00 \u2013 17.45<\/td>\n<td width=\"393\">Szekci\u00f3\u00fcl\u00e9sek- Rokovanie v sekci\u00e1ch<\/td>\n<\/tr>\n<tr>\n<td width=\"130\">18:00 \u2013 20:00<\/td>\n<td width=\"393\">Vacsora<\/td>\n<\/tr>\n<tr>\n<td rowspan=\"5\" width=\"187\">\n<p style=\"text-align: center;\"><strong>2015. szeptember 14.<\/strong><\/p>\n<p style=\"text-align: center;\"><strong>14. september 2016<\/strong><\/p>\n<p style=\"text-align: center;\">\n<\/td>\n<td width=\"130\">08:30 \u2013 09:00<\/td>\n<td width=\"393\">A r\u00e9sztvev\u0151k regisztr\u00e1l\u00e1sa<\/td>\n<\/tr>\n<tr>\n<td width=\"130\">09:00 \u2013 12:00<\/td>\n<td width=\"393\">Szekci\u00f3\u00fcl\u00e9sek<\/td>\n<\/tr>\n<tr>\n<td width=\"130\">12:00 \u2013 13:30<\/td>\n<td width=\"393\">Eb\u00e9d<\/td>\n<\/tr>\n<tr>\n<td width=\"130\">13:00 \u2013 15:00<\/td>\n<td width=\"393\">Szekci\u00f3\u00fcl\u00e9sek<\/td>\n<\/tr>\n<tr>\n<td width=\"130\">14:00 \u2013 15:00<\/td>\n<td width=\"393\">Er\u0151dl\u00e1togat\u00e1s -N\u00e1v\u0161teva pevnosti<\/td>\n<\/tr>\n<\/tbody>\n<\/table>\n<p>&nbsp;<\/p>\n<p style=\"text-align: center;\"><strong>Sekcie\u00a0<\/strong><\/p>\n<p style=\"text-align: center;\"><a href=\"http:\/\/selyetudkonf.selyeuni.sk\/wp-content\/uploads\/2016\/09\/Program_mad_slov_szekciok_PED_INNOVACIO_2016_StredlT_NagyM_honlapra_OK.pdf\">Sekcia ,,Inovat\u00edvny pr\u00edstup v pedagogike&#8220;<\/a><\/p>\n<p style=\"text-align: center;\"><a href=\"http:\/\/selyetudkonf.selyeuni.sk\/wp-content\/uploads\/2016\/09\/Program_mad_slov_szekciok_TEOL_2016_SomogyiA.pdf\">Sekcia ,,Peregrin\u00e1cia a migr\u00e1cia v n\u00e1bo\u017eenstv\u00e1ch a dejin\u00e1ch cirkv\u00ed&#8220;<\/a><\/p>\n<p style=\"text-align: center;\"><a href=\"http:\/\/selyetudkonf.selyeuni.sk\/wp-content\/uploads\/2016\/09\/Program_mad_slov_szekciok_PED_DID_2016_OrsovicsY_OK.pdf\">Sekcia ,,Metodika v\u00fdchovy a vyu\u010dovania&#8220;<\/a><\/p>\n<p style=\"text-align: center;\"><a href=\"http:\/\/selyetudkonf.selyeuni.sk\/wp-content\/uploads\/2016\/09\/Program_mad_slov_szekciok_Irod_Kanon_2016_KeseruJ_honlapra-OKK.pdf\">Sekcia ,,Kanoniz\u00e1cia, dekanoniz\u00e1cia a rekanoniz\u00e1cia v literat\u00fare&#8220;<\/a><\/p>\n<p style=\"text-align: center;\"><a href=\"http:\/\/selyetudkonf.selyeuni.sk\/wp-content\/uploads\/2016\/09\/Program_mad_slov_szekciok_IKT_2016_ArkiZs_honlapra_OK.pdf\">Sekcia ,,Modern\u00e9 informa\u010dno-komunika\u010dn\u00e9 technol\u00f3gie a ich \u00faloha vo vede a vzdel\u00e1van\u00ed&#8220;<\/a><\/p>\n<p style=\"text-align: center;\"><a href=\"http:\/\/selyetudkonf.selyeuni.sk\/wp-content\/uploads\/2016\/09\/Program_mad_slov_szekciok_HUM_Irod_2016_SimonSz-honlapra_OK.pdf\">Sekcia ,,Trad\u00edcie a perspekt\u00edvy ma\u010farsk\u00e9ho jazyka a literat\u00fary a slovensk\u00e9ho jazyka a literat\u00fary&#8220;<\/a><\/p>\n<p style=\"text-align: center;\"><a href=\"http:\/\/selyetudkonf.selyeuni.sk\/wp-content\/uploads\/2016\/09\/Program_mad_slov_szekciok_Gazd_tud_Ekon_2016_KorcsmarosE_honlapra_OK.pdf\">Sekcia ,,V\u00fdzvy s\u00fa\u010dasnosti ako \u0161anca pre bud\u00faci \u00faspech \u2013 ekonomick\u00e9 vedy v 21. storo\u010d\u00ed&#8220;<\/a><\/p>\n","protected":false},"excerpt":{"rendered":"<p>A KONFERENCIA KERETPROGRAMJA &#8211; R\u00c1MCOV\u00dd PROGRAM KONFERENCIE 2015. szeptember 13. 13. september 2016 08.30 \u2013 09.30 A r\u00e9sztvev\u0151k regiszr\u00e1l\u00e1sa &#8211; Registr\u00e1cia \u00fa\u010dastn\u00edkov 09.30 \u2013 10.00 A SJE rektor\u00e1nak \u00fcdv\u00f6zl\u0151 besz\u00e9de &#8211;\u00a0&#8211; Pr\u00edhovor rektora UJS 10.00 \u2013 11.30 Plen\u00e1ris szekci\u00f3\u00a0&#8211; Plen\u00e1rna sekcia K\u00e9ri Katalin: A nevel\u00e9st\u00f6rt\u00e9net helye \u00e9s szerepe a kompetencia alap\u00fa pedag\u00f3gusk\u00e9pz\u00e9sben Po\u00f3r J\u00f3zsef: \u00dczleti [&hellip;]<\/p>\n","protected":false},"author":2,"featured_media":0,"parent":1032,"menu_order":0,"comment_status":"closed","ping_status":"open","template":"","meta":{"zakra_page_container_layout":"customizer","zakra_page_sidebar_layout":"customizer","zakra_remove_content_margin":false,"zakra_sidebar":"customizer","zakra_transparent_header":"customizer","zakra_logo":0,"zakra_main_header_style":"default","zakra_menu_item_color":"","zakra_menu_item_hover_color":"","zakra_menu_item_active_color":"","zakra_menu_active_style":"","zakra_page_header":true,"footnotes":""},"class_list":["post-1179","page","type-page","status-publish","hentry"],"_links":{"self":[{"href":"https:\/\/selyetudkonf.ujs.sk\/sk\/wp-json\/wp\/v2\/pages\/1179","targetHints":{"allow":["GET"]}}],"collection":[{"href":"https:\/\/selyetudkonf.ujs.sk\/sk\/wp-json\/wp\/v2\/pages"}],"about":[{"href":"https:\/\/selyetudkonf.ujs.sk\/sk\/wp-json\/wp\/v2\/types\/page"}],"author":[{"embeddable":true,"href":"https:\/\/selyetudkonf.ujs.sk\/sk\/wp-json\/wp\/v2\/users\/2"}],"replies":[{"embeddable":true,"href":"https:\/\/selyetudkonf.ujs.sk\/sk\/wp-json\/wp\/v2\/comments?post=1179"}],"version-history":[{"count":6,"href":"https:\/\/selyetudkonf.ujs.sk\/sk\/wp-json\/wp\/v2\/pages\/1179\/revisions"}],"predecessor-version":[{"id":1488,"href":"https:\/\/selyetudkonf.ujs.sk\/sk\/wp-json\/wp\/v2\/pages\/1179\/revisions\/1488"}],"up":[{"embeddable":true,"href":"https:\/\/selyetudkonf.ujs.sk\/sk\/wp-json\/wp\/v2\/pages\/1032"}],"wp:attachment":[{"href":"https:\/\/selyetudkonf.ujs.sk\/sk\/wp-json\/wp\/v2\/media?parent=1179"}],"curies":[{"name":"wp","href":"https:\/\/api.w.org\/{rel}","templated":true}]}}