{"id":1154,"date":"2016-08-26T08:41:07","date_gmt":"2016-08-26T06:41:07","guid":{"rendered":"http:\/\/selyetudkonf.selyeuni.sk\/?page_id=1154"},"modified":"2024-04-23T13:19:01","modified_gmt":"2024-04-23T11:19:01","slug":"moznosti-ubytovania","status":"publish","type":"page","link":"https:\/\/selyetudkonf.ujs.sk\/sk\/2016\/moznosti-ubytovania\/","title":{"rendered":"Mo\u017enosti ubytovania"},"content":{"rendered":"<span class=\"collapseomatic \" id=\"id69faa77310306\"  tabindex=\"0\" title=\"Hotel Peklo\"    >Hotel Peklo<\/span><div id=\"target-id69faa77310306\" class=\"collapseomatic_content \">\n<table style=\"background-color: #ffffff;\" border=\"0\" width=\"90%\" cellspacing=\"0\" cellpadding=\"2\">\n<tbody>\n<tr>\n<td width=\"400\">Miesto ubytovania:<\/td>\n<td>Kom\u00e1rno, Platanov\u00e1 alej 1<\/td>\n<\/tr>\n<tr>\n<td>Vzdialenos\u0165 ubytovania od miesta konferencie:<\/td>\n<td>800 m<\/td>\n<\/tr>\n<tr>\n<td>Apartm\u00e1n pre 2 osoby (ra\u0148ajky + gar\u00e1\u017e + wellness)<\/td>\n<td>105 \u20ac<\/td>\n<\/tr>\n<tr>\n<td>2-poste\u013eov\u00e1 izba bez ra\u0148ajok (ra\u0148ajky +5,80\u20ac parkovanie +3\u20ac)<\/td>\n<td>68 \u20ac<\/td>\n<\/tr>\n<tr>\n<td>Telefon:<\/td>\n<td>+421 35 7740 620 \/ 621 \/ 622<\/td>\n<\/tr>\n<tr>\n<td>E-mail:<\/td>\n<td>recepcia@hotelpeklo.sk<\/td>\n<\/tr>\n<tr>\n<td>Web:<\/td>\n<td>www.hotelpeklo.sk<\/td>\n<\/tr>\n<\/tbody>\n<\/table>\n<\/div>\n<span class=\"collapseomatic \" id=\"id69faa77310376\"  tabindex=\"0\" title=\"Hotel Panor\u00e1ma\"    >Hotel Panor\u00e1ma<\/span><div id=\"target-id69faa77310376\" class=\"collapseomatic_content \">\n<table style=\"background-color: #ffffff;\" border=\"0\" width=\"90%\" cellspacing=\"0\" cellpadding=\"2\">\n<tbody>\n<tr>\n<td width=\"400\">Miesto ubytovania:<\/td>\n<td>Kom\u00e1rno, \u0160portov\u00e1 1<\/td>\n<\/tr>\n<tr>\n<td>Vzdialenos\u0165 ubytovania od miesta konferencie:<\/td>\n<td>300 m<\/td>\n<\/tr>\n<tr>\n<td>1-poste\u013eov\u00e1 izba (v cene ra\u0148ajky):<\/td>\n<td>24,89\u20ac<\/td>\n<\/tr>\n<tr>\n<td>2-poste\u013eov\u00e1 izba (v cene ra\u0148ajky):<\/td>\n<td>34,85\u20ac<\/td>\n<\/tr>\n<tr>\n<td>3-poste\u013eov\u00e1 izba (v cene ra\u0148ajky):<\/td>\n<td>46,47\u20ac<\/td>\n<\/tr>\n<tr>\n<td>Telefon:<\/td>\n<td>+421 35 777 8719 \/ 8885<\/td>\n<\/tr>\n<tr>\n<td>E-mail:<\/td>\n<td>info@komarnohotel.sk<\/td>\n<\/tr>\n<tr>\n<td>Web:<\/td>\n<td>www.komarnohotel.sk<\/td>\n<\/tr>\n<\/tbody>\n<\/table>\n<\/div>\n<span class=\"collapseomatic \" id=\"id69faa773103af\"  tabindex=\"0\" title=\"Penzi\u00f3n Litovel\"    >Penzi\u00f3n Litovel<\/span><div id=\"target-id69faa773103af\" class=\"collapseomatic_content \">\n<table style=\"background-color: #ffffff;\" border=\"0\" width=\"90%\" cellspacing=\"0\" cellpadding=\"2\">\n<tbody>\n<tr>\n<td width=\"400\">Miesto ubytovania:<\/td>\n<td>Kom\u00e1rno, Dunajsk\u00e9 n\u00e1bre\u017eie 10<\/td>\n<\/tr>\n<tr>\n<td>Vzdialenos\u0165 ubytovania od miesta konferencie:<\/td>\n<td>750m<\/td>\n<\/tr>\n<tr>\n<td>lakoszt\u00e1ly 2+2 (reggeli+parkol\u00e1s+szauna+jakuzzi):<\/td>\n<td>66\u20ac<\/td>\n<\/tr>\n<tr>\n<td>2-\u00e1gyas szoba reggeli n\u00e9lk\u00fcl (reggeli +2\u20ac, parkol\u00e1s +3 \u20ac):<\/td>\n<td>35\u20ac<\/td>\n<\/tr>\n<tr>\n<td>2-\u00e1gyas szoba (reggeli+parkol\u00e1s):<\/td>\n<td>45\u20ac<\/td>\n<\/tr>\n<tr>\n<td>2-\u00e1gyas szoba erk\u00e9llyel (reggeli+parkol\u00e1s+jacuzzi):<\/td>\n<td>48\u20ac<\/td>\n<\/tr>\n<tr>\n<td>Telefon:<\/td>\n<td>+421 903 443 885<\/td>\n<\/tr>\n<tr>\n<td>E-mail:<\/td>\n<td>litovel@litovel.sk<\/td>\n<\/tr>\n<tr>\n<td>Web:<\/td>\n<td>www.penzionkomarno.sk<\/td>\n<\/tr>\n<\/tbody>\n<\/table>\n<\/div>\n<span class=\"collapseomatic \" id=\"id69faa773103e0\"  tabindex=\"0\" title=\"Olymp Penzi\u00f3n\"    >Olymp Penzi\u00f3n<\/span><div id=\"target-id69faa773103e0\" class=\"collapseomatic_content \">\n<table style=\"background-color: #ffffff;\" border=\"0\" width=\"90%\" cellspacing=\"0\" cellpadding=\"2\">\n<tbody>\n<tr>\n<td width=\"400\">Miesto ubytovania:<\/td>\n<td>Kom\u00e1rno, Leh\u00e1rova 12<\/td>\n<\/tr>\n<tr>\n<td>Vzdialenos\u0165 ubytovania od miesta konferencie:<\/td>\n<td>600m<\/td>\n<\/tr>\n<tr>\n<td>1-\u00e1gyas szoba (reggelivel):<\/td>\n<td>30\u20ac<\/td>\n<\/tr>\n<tr>\n<td>2-\u00e1gyas szoba (reggelivel):<\/td>\n<td>40\u20ac<\/td>\n<\/tr>\n<tr>\n<td>2-\u00e1gyas szoba + p\u00f3t\u00e1gy = 3 szem\u00e9ly (reggelivel):<\/td>\n<td>50\u20ac<\/td>\n<\/tr>\n<tr>\n<td>Telefon:<\/td>\n<td>+421 917 871 787<\/td>\n<\/tr>\n<tr>\n<td>E-mail:<\/td>\n<td>info@olymppenzion.sk<\/td>\n<\/tr>\n<tr>\n<td>Web:<\/td>\n<td>www.olymppenzion.sk<\/td>\n<\/tr>\n<\/tbody>\n<\/table>\n<\/div>\n","protected":false},"excerpt":{"rendered":"","protected":false},"author":2,"featured_media":0,"parent":1032,"menu_order":0,"comment_status":"closed","ping_status":"open","template":"","meta":{"zakra_page_container_layout":"customizer","zakra_page_sidebar_layout":"customizer","zakra_remove_content_margin":false,"zakra_sidebar":"customizer","zakra_transparent_header":"customizer","zakra_logo":0,"zakra_main_header_style":"default","zakra_menu_item_color":"","zakra_menu_item_hover_color":"","zakra_menu_item_active_color":"","zakra_menu_active_style":"","zakra_page_header":true,"footnotes":""},"class_list":["post-1154","page","type-page","status-publish","hentry"],"_links":{"self":[{"href":"https:\/\/selyetudkonf.ujs.sk\/sk\/wp-json\/wp\/v2\/pages\/1154","targetHints":{"allow":["GET"]}}],"collection":[{"href":"https:\/\/selyetudkonf.ujs.sk\/sk\/wp-json\/wp\/v2\/pages"}],"about":[{"href":"https:\/\/selyetudkonf.ujs.sk\/sk\/wp-json\/wp\/v2\/types\/page"}],"author":[{"embeddable":true,"href":"https:\/\/selyetudkonf.ujs.sk\/sk\/wp-json\/wp\/v2\/users\/2"}],"replies":[{"embeddable":true,"href":"https:\/\/selyetudkonf.ujs.sk\/sk\/wp-json\/wp\/v2\/comments?post=1154"}],"version-history":[{"count":3,"href":"https:\/\/selyetudkonf.ujs.sk\/sk\/wp-json\/wp\/v2\/pages\/1154\/revisions"}],"predecessor-version":[{"id":2596,"href":"https:\/\/selyetudkonf.ujs.sk\/sk\/wp-json\/wp\/v2\/pages\/1154\/revisions\/2596"}],"up":[{"embeddable":true,"href":"https:\/\/selyetudkonf.ujs.sk\/sk\/wp-json\/wp\/v2\/pages\/1032"}],"wp:attachment":[{"href":"https:\/\/selyetudkonf.ujs.sk\/sk\/wp-json\/wp\/v2\/media?parent=1154"}],"curies":[{"name":"wp","href":"https:\/\/api.w.org\/{rel}","templated":true}]}}