{"id":1096,"date":"2015-12-23T12:01:31","date_gmt":"2015-12-23T11:01:31","guid":{"rendered":"http:\/\/selyetudkonf.selyeuni.sk\/?page_id=1096"},"modified":"2016-09-07T10:18:03","modified_gmt":"2016-09-07T08:18:03","slug":"pozvanka","status":"publish","type":"page","link":"https:\/\/selyetudkonf.ujs.sk\/sk\/2016\/pozvanka\/","title":{"rendered":"Pozv\u00e1nka"},"content":{"rendered":"<p><strong>V\u00e1\u017een\u00e9 kolegyne a kolegovia,<\/strong><\/p>\n<p><strong>oznamujeme V\u00e1m, \u017ee Univerzita J. Selyeho pod z\u00e1\u0161titou doc. RNDr. J\u00e1nosa T\u00f3tha, PhD. rektora univerzity organizuje<\/strong><\/p>\n<h2 style=\"text-align: center;\"><strong><span style=\"color: #800000;\">Medzin\u00e1rodn\u00fa vedeck\u00fa konferenciu<\/span><\/strong><br \/>\n<strong><span style=\"color: #800000;\">Univerzity J. Selyeho \u2013 2016<\/span><\/strong><\/h2>\n<h2 style=\"text-align: center;\"><strong><span style=\"color: #800000;\"> \u201eS\u00fa\u010dasn\u00e9 aspekty vedy a vzdel\u00e1vania\u201c,<\/span><\/strong><\/h2>\n<p style=\"text-align: center;\"><strong>ktor\u00e1 sa bude kona\u0165 v d\u0148och<\/strong><br \/>\n<strong> 13.\u201314. septembra 2016<\/strong><br \/>\n<strong> v Konferen\u010dnom centre UJS \u2013 Hradn\u00e1 2, 945 01 Kom\u00e1rno<\/strong><\/p>\n<p>Cie\u013eom konferencie je prezent\u00e1cia v\u00fdsledkov pr\u00e1ce vedeck\u00fdch, vedecko-v\u00fdskumn\u00fdch a pedagogick\u00fdch pracovn\u00edkov. Tohtoro\u010dn\u00e1 konferencia je ur\u010den\u00e1 predov\u0161etk\u00fdm pre odborn\u00edkov zaoberaj\u00facim sa vedn\u00fdmi oblas\u0165ami: humanitn\u00e9 vedy, spolo\u010densk\u00e9 vedy, pedagogick\u00e9 vedy, ekonomick\u00e9 vedy a\u00a0riadenie podniku, ale v\u00edtan\u00ed s\u00fa aj \u00fa\u010dastn\u00edci z pr\u00edbuzn\u00fdch odborov. Konferencia umo\u017en\u00ed uskuto\u010dni\u0165 v\u00fdmenu n\u00e1zorov a sk\u00fasenost\u00ed, z\u00edska\u0165 nov\u00e9 n\u00e1pady pre vedeck\u00fa pr\u00e1cu, nadviaza\u0165 kontakty a poskytne aj mo\u017enos\u0165 uverejnenia pr\u00edspevkov.<br \/>\nKonferencia sa uskuto\u010dn\u00ed v\u00a0d\u0148och <strong>13.\u201314. septembra 2016<\/strong>. Rokovanie bude prebieha\u0165 v sekci\u00e1ch.<br \/>\nJednotliv\u00e9 pr\u00edspevky bud\u00fa publikovan\u00e9 v\u00a0zborn\u00edku konferencie, pr\u00edpadne v\u00a0in\u00fdch publik\u00e1ci\u00e1ch. Pre ka\u017ed\u00e9ho akt\u00edvneho \u00fa\u010dastn\u00edka konferencie zabezpe\u010d\u00edme zborn\u00edk konferencie.<\/p>\n<p>Pl\u00e1novan\u00e9 sekcie a kontakty:<\/p>\n<p><strong>&#8211; V\u00fdzvy s\u00fa\u010dasnosti ako \u0161anca pre bud\u00face \u00faspechy \u2013 ekonomick\u00e9 vedy v 21. storo\u010d\u00ed<\/strong><br \/>\nPhDr. Enik\u0151 KORCSM\u00c1ROS, PhD.,\u00a0<a href=\"mailto:korcsmarose@ujs.sk\">korcsmarose@ujs.sk<\/a><\/p>\n<p><strong>&#8211; Modern\u00e9 informa\u010dno-komunika\u010dn\u00e9 technol\u00f3gie a ich \u00faloha vo vzdel\u00e1van\u00ed<\/strong><br \/>\nRNDr. Zuzana \u00c1RKI, PhD.,\u00a0<a href=\"mailto:arkiz@ujs.sk\">arkiz@ujs.sk<\/a><\/p>\n<p><strong>&#8211; Trad\u00edcie a perspekt\u00edvy ma\u010farsk\u00e9ho jazyka a literat\u00fary a slovensk\u00e9ho jazyka a literat\u00fary<\/strong><br \/>\nS\u00e1ndor J\u00e1nos T\u00d3TH, PhD.,\u00a0<a href=\"mailto:toths@ujs.sk\">toths@ujs.sk<\/a><br \/>\nSzabolcs SIMON, PhD.,\u00a0<a href=\"mailto:simons@ujs.sk\">simons@ujs.sk<\/a><\/p>\n<p><strong>&#8211; Kanoniz\u00e1cia \u2013 dekanoniz\u00e1cia \u2013 rekanoniz\u00e1cia\u00a0v literat\u00fare<\/strong><br \/>\nPaedDr. J\u00f3zsef KESER\u0170, PhD., <a href=\"mailto:keseruj@ujs.sk\">keseruj@ujs.sk<\/a><\/p>\n<p><strong>&#8211; Inovat\u00edvny pr\u00edstup v pedagogike<\/strong><br \/>\nPaedDr. Ter\u00e9zia STR\u00c9DL, PhD.,<a href=\"mailto:stredlt@ujs.sk\">stredlt@ujs.sk<\/a>, PaedDr. Melinda NAGY, PhD.,\u00a0<a href=\"mailto:nagym@ujs.sk\">nagym@ujs.sk<\/a><\/p>\n<p><strong>&#8211; Metodika v\u00fdchovy a vzdel\u00e1vania<\/strong><br \/>\nMgr. Yvette ORSOVICS, PhD.,\u00a0<a href=\"mailto:yorsovicsova@ujs.sk\">yorsovicsova@ujs.sk<\/a><\/p>\n<p><strong>&#8211; Peregrin\u00e1cia a migr\u00e1cia v n\u00e1bo\u017eenstv\u00e1ch a dejin\u00e1ch cirkv\u00ed<\/strong><br \/>\nThDr. Alfr\u00e9d SOMOGYI, PhD.,\u00a0<a href=\"mailto:somogyia@ujs.sk\">somogyia@ujs.sk<\/a><\/p>\n<p>Prezent\u00e1ciu pr\u00edspevkov odpor\u00fa\u010dame pripravi\u0165 v\u00a0MS PowerPoint, pri\u010dom \u010das na prezent\u00e1ciu plen\u00e1rnych predn\u00e1\u0161ok bude 20-30 min., a \u010das na predn\u00e1\u0161ky v sekci\u00e1ch bude ohrani\u010den\u00fd na 15 min. + 5 min. na diskusiu (ak organiza\u010dn\u00fd v\u00fdbor neur\u010d\u00ed inak) pre dan\u00fa sekciu.<\/p>\n<p>S pozdravom<\/p>\n<p style=\"padding-left: 60px;\"><strong>Usporiadatelia<\/strong><\/p>\n<p>V Kom\u00e1rne 15.12.2015<\/p>\n<p>&nbsp;<\/p>\n","protected":false},"excerpt":{"rendered":"<p>V\u00e1\u017een\u00e9 kolegyne a kolegovia, oznamujeme V\u00e1m, \u017ee Univerzita J. Selyeho pod z\u00e1\u0161titou doc. RNDr. J\u00e1nosa T\u00f3tha, PhD. rektora univerzity organizuje Medzin\u00e1rodn\u00fa vedeck\u00fa konferenciu Univerzity J. Selyeho \u2013 2016 \u201eS\u00fa\u010dasn\u00e9 aspekty vedy a vzdel\u00e1vania\u201c, ktor\u00e1 sa bude kona\u0165 v d\u0148och 13.\u201314. septembra 2016 v Konferen\u010dnom centre UJS \u2013 Hradn\u00e1 2, 945 01 Kom\u00e1rno Cie\u013eom konferencie je [&hellip;]<\/p>\n","protected":false},"author":2,"featured_media":0,"parent":1032,"menu_order":0,"comment_status":"closed","ping_status":"open","template":"","meta":{"zakra_page_container_layout":"customizer","zakra_page_sidebar_layout":"customizer","zakra_remove_content_margin":false,"zakra_sidebar":"customizer","zakra_transparent_header":"customizer","zakra_logo":0,"zakra_main_header_style":"default","zakra_menu_item_color":"","zakra_menu_item_hover_color":"","zakra_menu_item_active_color":"","zakra_menu_active_style":"","zakra_page_header":true,"footnotes":""},"class_list":["post-1096","page","type-page","status-publish","hentry"],"_links":{"self":[{"href":"https:\/\/selyetudkonf.ujs.sk\/sk\/wp-json\/wp\/v2\/pages\/1096","targetHints":{"allow":["GET"]}}],"collection":[{"href":"https:\/\/selyetudkonf.ujs.sk\/sk\/wp-json\/wp\/v2\/pages"}],"about":[{"href":"https:\/\/selyetudkonf.ujs.sk\/sk\/wp-json\/wp\/v2\/types\/page"}],"author":[{"embeddable":true,"href":"https:\/\/selyetudkonf.ujs.sk\/sk\/wp-json\/wp\/v2\/users\/2"}],"replies":[{"embeddable":true,"href":"https:\/\/selyetudkonf.ujs.sk\/sk\/wp-json\/wp\/v2\/comments?post=1096"}],"version-history":[{"count":13,"href":"https:\/\/selyetudkonf.ujs.sk\/sk\/wp-json\/wp\/v2\/pages\/1096\/revisions"}],"predecessor-version":[{"id":1187,"href":"https:\/\/selyetudkonf.ujs.sk\/sk\/wp-json\/wp\/v2\/pages\/1096\/revisions\/1187"}],"up":[{"embeddable":true,"href":"https:\/\/selyetudkonf.ujs.sk\/sk\/wp-json\/wp\/v2\/pages\/1032"}],"wp:attachment":[{"href":"https:\/\/selyetudkonf.ujs.sk\/sk\/wp-json\/wp\/v2\/media?parent=1096"}],"curies":[{"name":"wp","href":"https:\/\/api.w.org\/{rel}","templated":true}]}}