{"id":1049,"date":"2015-12-19T12:01:37","date_gmt":"2015-12-19T11:01:37","guid":{"rendered":"http:\/\/selyetudkonf.selyeuni.sk\/?page_id=1049"},"modified":"2016-12-09T10:40:47","modified_gmt":"2016-12-09T09:40:47","slug":"vybory","status":"publish","type":"page","link":"https:\/\/selyetudkonf.ujs.sk\/sk\/2016\/vybory\/","title":{"rendered":"V\u00fdbory"},"content":{"rendered":"<p><strong>Programov\u00fd v\u00fdbor:<\/strong><\/p>\n<p><strong> Predseda:<\/strong><br \/>\nDoc. RNDr. J\u00e1nos\u00a0 T\u00f3th, PhD.<br \/>\nUniverzita J. Selyeho, Kom\u00e1rno, Slovensk\u00e1 republika<\/p>\n<p><strong> \u010clenovia:<\/strong><br \/>\nDr. habil. PaedDr. Kinga Horv\u00e1th, PhD.<br \/>\nUniverzita J. Selyeho, Kom\u00e1rno, Slovensk\u00e1 republika<\/p>\n<p>RNDr. J\u00f3zsef Bukor, PhD.<br \/>\nUniverzita J. Selyeho, Kom\u00e1rno, Slovensk\u00e1 republika<\/p>\n<p>Mgr. Attila L\u00e9vai, PhD.<br \/>\nUniverzita J. Selyeho, Kom\u00e1rno, Slovensk\u00e1 republika<\/p>\n<p>Prof. Dr. Katalin K\u00e9ri<br \/>\nUniversity of P\u00e9cs, P\u00e9cs, Ma\u010farsko<\/p>\n<p>Prof. PhDr. Gabriela Petrov\u00e1, Csc.<br \/>\nUniverzita Kon\u0161tant\u00edna Filozofa v\u00a0Nitre, Nitra,\u00a0 Slovensk\u00e1 republika<\/p>\n<p>Prof. Dr. Andrea Bencsik, CSc.<br \/>\nUniverzita J. Selyeho, Kom\u00e1rno, Slovensk\u00e1 republika<\/p>\n<p>Prof. Dr. L\u00e1szl\u00f3 J\u00f3zsa, CSc.<br \/>\nUniverzita J. Selyeho, Kom\u00e1rno, Slovensk\u00e1 republika<\/p>\n<p>Prof. Dr. Vilmos J\u00f3zsef Kolumb\u00e1n<br \/>\nProtestant Theological Institute of Cluj Napoca, Cluj Napoca, Rumunsko<\/p>\n<p>Dr. habil. Viktor K\u00f3kai Nagy<br \/>\nDebrecen Reformed Theological University, Debrecen, Ma\u010farsko<\/p>\n<p>Dr. habil. Barnab\u00e1s Vajda, PhD.<br \/>\nUniverzita J. Selyeho, Kom\u00e1rno, Slovensk\u00e1 republika<\/p>\n<p>Ing. Ren\u00e1ta Machov\u00e1, PhD.<br \/>\nUniverzita J. Selyeho, Kom\u00e1rno, Slovensk\u00e1 republika<\/p>\n<p>Dr. habil. PaedDr. Gy\u00f6rgy Juh\u00e1sz, PhD.<br \/>\nUniverzita J. Selyeho, Kom\u00e1rno, Slovensk\u00e1 republika<\/p>\n<p>&nbsp;<\/p>\n<p><strong>Organiza\u010dn\u00fd v\u00fdbor<\/strong><\/p>\n<p>Dr. habil. PaedDr. Gy\u00f6rgy Juh\u00e1sz, PhD.<br \/>\nSzabolcs Simon, PhD.<br \/>\nThDr. Alfr\u00e9d Somogyi, PhD.<br \/>\nPhDr. Enik\u0151 Korcsm\u00e1ros, PhD.<br \/>\nAdrienn Hern\u00e1dy<\/p>\n","protected":false},"excerpt":{"rendered":"<p>Programov\u00fd v\u00fdbor: Predseda: Doc. RNDr. J\u00e1nos\u00a0 T\u00f3th, PhD. Univerzita J. Selyeho, Kom\u00e1rno, Slovensk\u00e1 republika \u010clenovia: Dr. habil. PaedDr. Kinga Horv\u00e1th, PhD. Univerzita J. Selyeho, Kom\u00e1rno, Slovensk\u00e1 republika RNDr. J\u00f3zsef Bukor, PhD. Univerzita J. Selyeho, Kom\u00e1rno, Slovensk\u00e1 republika Mgr. Attila L\u00e9vai, PhD. Univerzita J. Selyeho, Kom\u00e1rno, Slovensk\u00e1 republika Prof. Dr. Katalin K\u00e9ri University of P\u00e9cs, P\u00e9cs, [&hellip;]<\/p>\n","protected":false},"author":2,"featured_media":0,"parent":1032,"menu_order":0,"comment_status":"closed","ping_status":"open","template":"","meta":{"zakra_page_container_layout":"customizer","zakra_page_sidebar_layout":"customizer","zakra_remove_content_margin":false,"zakra_sidebar":"customizer","zakra_transparent_header":"customizer","zakra_logo":0,"zakra_main_header_style":"default","zakra_menu_item_color":"","zakra_menu_item_hover_color":"","zakra_menu_item_active_color":"","zakra_menu_active_style":"","zakra_page_header":true,"footnotes":""},"class_list":["post-1049","page","type-page","status-publish","hentry"],"_links":{"self":[{"href":"https:\/\/selyetudkonf.ujs.sk\/sk\/wp-json\/wp\/v2\/pages\/1049","targetHints":{"allow":["GET"]}}],"collection":[{"href":"https:\/\/selyetudkonf.ujs.sk\/sk\/wp-json\/wp\/v2\/pages"}],"about":[{"href":"https:\/\/selyetudkonf.ujs.sk\/sk\/wp-json\/wp\/v2\/types\/page"}],"author":[{"embeddable":true,"href":"https:\/\/selyetudkonf.ujs.sk\/sk\/wp-json\/wp\/v2\/users\/2"}],"replies":[{"embeddable":true,"href":"https:\/\/selyetudkonf.ujs.sk\/sk\/wp-json\/wp\/v2\/comments?post=1049"}],"version-history":[{"count":9,"href":"https:\/\/selyetudkonf.ujs.sk\/sk\/wp-json\/wp\/v2\/pages\/1049\/revisions"}],"predecessor-version":[{"id":1288,"href":"https:\/\/selyetudkonf.ujs.sk\/sk\/wp-json\/wp\/v2\/pages\/1049\/revisions\/1288"}],"up":[{"embeddable":true,"href":"https:\/\/selyetudkonf.ujs.sk\/sk\/wp-json\/wp\/v2\/pages\/1032"}],"wp:attachment":[{"href":"https:\/\/selyetudkonf.ujs.sk\/sk\/wp-json\/wp\/v2\/media?parent=1049"}],"curies":[{"name":"wp","href":"https:\/\/api.w.org\/{rel}","templated":true}]}}