{"id":1042,"date":"2015-12-19T11:51:35","date_gmt":"2015-12-19T10:51:35","guid":{"rendered":"http:\/\/selyetudkonf.selyeuni.sk\/?page_id=1042"},"modified":"2017-02-07T10:16:09","modified_gmt":"2017-02-07T09:16:09","slug":"konferencny-poplatok","status":"publish","type":"page","link":"https:\/\/selyetudkonf.ujs.sk\/sk\/2016\/konferencny-poplatok\/","title":{"rendered":"Konferen\u010dn\u00fd poplatok"},"content":{"rendered":"<table border=\"1\" cellpadding=\"1\">\n<tbody>\n<tr>\n<td style=\"vertical-align: middle; text-align: center;\" rowspan=\"2\"><strong>Konferen\u010dn\u00fd poplatok<\/strong><\/td>\n<td width=\"477\">Pre \u00fa\u010dastn\u00edka na 2 dni*<\/td>\n<td style=\"vertical-align: middle; text-align: center;\" width=\"35\"><strong>60 \u20ac<\/strong><\/td>\n<\/tr>\n<tr>\n<td>Mo\u017enos\u0165 publik\u00e1cie (bez predn\u00e1\u0161ky na konferencii)**<br \/>\nalebo<br \/>\npas\u00edvna \u00fa\u010das\u0165 (bez predn\u00e1\u0161ky a\u00a0publik\u00e1cie)<br \/>\nalebo<br \/>\n\u00fa\u010das\u0165 ako PhD. \u0161tudent doktorand ( bez stravy )<\/td>\n<td style=\"vertical-align: middle; text-align: center;\" width=\"35\"><strong>30 \u20ac<\/strong><\/td>\n<\/tr>\n<tr>\n<td style=\"vertical-align: middle; text-align: center;\"><strong>Sp\u00f4sob platby<\/strong><\/td>\n<td><strong>Konferen\u010dn\u00fd poplatok<\/strong> pros\u00edme uhradi\u0165 <strong>do 30<\/strong><strong>.<\/strong><strong> 6. 2016 <\/strong>na \u00fa\u010det:<br \/>\n<strong>SWIFT: SPSRSKBA, \u00a0 IBAN: SK34 8180 0000 0070 0031 5354<\/strong><strong>,<\/strong><strong><br \/>\nVS: d\u00e1tum konferencie; v spr\u00e1ve pre adres\u00e1ta<\/strong> pros\u00edme uvies\u0165 <strong><em>va\u0161e priezvisko a meno<\/em><\/strong>.<\/p>\n<table>\n<tbody>\n<tr>\n<td>Pr\u00edjemca:<\/td>\n<td><strong>Univerzita J. Selyeho<\/strong><\/td>\n<\/tr>\n<tr>\n<td>Banka:<\/td>\n<td><strong>\u0160t\u00e1tna pokladnica<\/strong><\/td>\n<\/tr>\n<tr>\n<td>Adresa:<\/td>\n<td><strong>Radlinsk\u00e9ho 32, P.O.BOX 13, 810 05 Bratislava 15<\/strong><\/td>\n<\/tr>\n<\/tbody>\n<\/table>\n<\/td>\n<td><\/td>\n<\/tr>\n<\/tbody>\n<\/table>\n<p><strong>O vystavenie fakt\u00fary pros\u00edme vopred po\u017eiada\u0165 na e-mailovej adrese <a href=\"mailto:konferencia@ujs.sk\">konferencia@ujs.sk<\/a> e\u0161te pred uhraden\u00edm!<\/strong><br \/>\n* Konferen\u010dn\u00fd poplatok pre \u00fa\u010dastn\u00edka na 2 dni obsahuje:<br \/>\n<strong> &#8211;<\/strong> <strong>stravu<\/strong>:<\/p>\n<ol>\n<li>de\u0148: 1x obed, 1x ve\u010dera<\/li>\n<li>de\u0148: 1x obed<\/li>\n<\/ol>\n<p><strong> &#8211;<\/strong> <strong>CD<\/strong> s pr\u00edspevkami<\/p>\n<p><strong> &#8211;<\/strong> <strong>ob\u010derstvenie<\/strong> v prest\u00e1vkach<\/p>\n<p>Konferen\u010dn\u00fd poplatok <strong>nezahr\u0148uje poplatky za ubytovanie<\/strong>.<\/p>\n<p>** CD bude zaslan\u00e9 na adresu autora<\/p>\n","protected":false},"excerpt":{"rendered":"<p>Konferen\u010dn\u00fd poplatok Pre \u00fa\u010dastn\u00edka na 2 dni* 60 \u20ac Mo\u017enos\u0165 publik\u00e1cie (bez predn\u00e1\u0161ky na konferencii)** alebo pas\u00edvna \u00fa\u010das\u0165 (bez predn\u00e1\u0161ky a\u00a0publik\u00e1cie) alebo \u00fa\u010das\u0165 ako PhD. \u0161tudent doktorand ( bez stravy ) 30 \u20ac Sp\u00f4sob platby Konferen\u010dn\u00fd poplatok pros\u00edme uhradi\u0165 do 30. 6. 2016 na \u00fa\u010det: SWIFT: SPSRSKBA, \u00a0 IBAN: SK34 8180 0000 0070 0031 5354, [&hellip;]<\/p>\n","protected":false},"author":2,"featured_media":0,"parent":1032,"menu_order":0,"comment_status":"closed","ping_status":"open","template":"","meta":{"zakra_page_container_layout":"customizer","zakra_page_sidebar_layout":"customizer","zakra_remove_content_margin":false,"zakra_sidebar":"customizer","zakra_transparent_header":"customizer","zakra_logo":0,"zakra_main_header_style":"default","zakra_menu_item_color":"","zakra_menu_item_hover_color":"","zakra_menu_item_active_color":"","zakra_menu_active_style":"","zakra_page_header":true,"footnotes":""},"class_list":["post-1042","page","type-page","status-publish","hentry"],"_links":{"self":[{"href":"https:\/\/selyetudkonf.ujs.sk\/sk\/wp-json\/wp\/v2\/pages\/1042","targetHints":{"allow":["GET"]}}],"collection":[{"href":"https:\/\/selyetudkonf.ujs.sk\/sk\/wp-json\/wp\/v2\/pages"}],"about":[{"href":"https:\/\/selyetudkonf.ujs.sk\/sk\/wp-json\/wp\/v2\/types\/page"}],"author":[{"embeddable":true,"href":"https:\/\/selyetudkonf.ujs.sk\/sk\/wp-json\/wp\/v2\/users\/2"}],"replies":[{"embeddable":true,"href":"https:\/\/selyetudkonf.ujs.sk\/sk\/wp-json\/wp\/v2\/comments?post=1042"}],"version-history":[{"count":3,"href":"https:\/\/selyetudkonf.ujs.sk\/sk\/wp-json\/wp\/v2\/pages\/1042\/revisions"}],"predecessor-version":[{"id":1116,"href":"https:\/\/selyetudkonf.ujs.sk\/sk\/wp-json\/wp\/v2\/pages\/1042\/revisions\/1116"}],"up":[{"embeddable":true,"href":"https:\/\/selyetudkonf.ujs.sk\/sk\/wp-json\/wp\/v2\/pages\/1032"}],"wp:attachment":[{"href":"https:\/\/selyetudkonf.ujs.sk\/sk\/wp-json\/wp\/v2\/media?parent=1042"}],"curies":[{"name":"wp","href":"https:\/\/api.w.org\/{rel}","templated":true}]}}