{"id":1038,"date":"2015-12-19T11:45:57","date_gmt":"2015-12-19T10:45:57","guid":{"rendered":"http:\/\/selyetudkonf.selyeuni.sk\/?page_id=1038"},"modified":"2015-12-19T11:45:57","modified_gmt":"2015-12-19T10:45:57","slug":"prispevok","status":"publish","type":"page","link":"https:\/\/selyetudkonf.ujs.sk\/sk\/2016\/prispevok\/","title":{"rendered":"Pr\u00edspevok"},"content":{"rendered":"<p>Pr\u00edspevky do zborn\u00edka posielajte v elektronickej podobe<strong> do 30. 6. 2016<\/strong> na e-mailov\u00e9 adresy sekci\u00ed. \u00a0Zborn\u00edk pr\u00edspevkov bude k dispoz\u00edci\u00ed na konferencii.<br \/>\nUverejnen\u00e9 bud\u00fa len pr\u00edspevky po\u017eadovan\u00e9ho form\u00e1tu (pod\u013ea \u0161abl\u00f3ny) s kladn\u00fdm recenzn\u00fdm posudkom.<br \/>\nPr\u00edspevky, ktor\u00e9 nebud\u00fa zodpoveda\u0165 pokynom, nebud\u00fa zaraden\u00e9 do zborn\u00edka.<\/p>\n<p>\u0160abl\u00f3nu stiahnu\u0165: <a href=\"http:\/\/selyetudkonf.selyeuni.sk\/wp-content\/uploads\/2015\/12\/05a_VIII-MVK_SK_pokyny-pre-autorov.doc\">tu<\/a><\/p>\n<p style=\"text-align: center;\"><a href=\"http:\/\/selyetudkonf.selyeuni.sk\/wp-content\/uploads\/2015\/04\/kiadvany.jpg\"><img loading=\"lazy\" decoding=\"async\" class=\"alignnone  wp-image-799 aligncenter\" src=\"http:\/\/selyetudkonf.selyeuni.sk\/wp-content\/uploads\/2015\/04\/kiadvany.jpg\" alt=\"kiadvany\" width=\"470\" height=\"381\" \/><\/a><br \/>\nPublik\u00e1cie z I. MVK<\/p>\n","protected":false},"excerpt":{"rendered":"<p>Pr\u00edspevky do zborn\u00edka posielajte v elektronickej podobe do 30. 6. 2016 na e-mailov\u00e9 adresy sekci\u00ed. \u00a0Zborn\u00edk pr\u00edspevkov bude k dispoz\u00edci\u00ed na konferencii. Uverejnen\u00e9 bud\u00fa len pr\u00edspevky po\u017eadovan\u00e9ho form\u00e1tu (pod\u013ea \u0161abl\u00f3ny) s kladn\u00fdm recenzn\u00fdm posudkom. Pr\u00edspevky, ktor\u00e9 nebud\u00fa zodpoveda\u0165 pokynom, nebud\u00fa zaraden\u00e9 do zborn\u00edka. \u0160abl\u00f3nu stiahnu\u0165: tu Publik\u00e1cie z I. MVK<\/p>\n","protected":false},"author":2,"featured_media":0,"parent":1032,"menu_order":0,"comment_status":"closed","ping_status":"open","template":"","meta":{"zakra_page_container_layout":"customizer","zakra_page_sidebar_layout":"customizer","zakra_remove_content_margin":false,"zakra_sidebar":"customizer","zakra_transparent_header":"customizer","zakra_logo":0,"zakra_main_header_style":"default","zakra_menu_item_color":"","zakra_menu_item_hover_color":"","zakra_menu_item_active_color":"","zakra_menu_active_style":"","zakra_page_header":true,"footnotes":""},"class_list":["post-1038","page","type-page","status-publish","hentry"],"_links":{"self":[{"href":"https:\/\/selyetudkonf.ujs.sk\/sk\/wp-json\/wp\/v2\/pages\/1038","targetHints":{"allow":["GET"]}}],"collection":[{"href":"https:\/\/selyetudkonf.ujs.sk\/sk\/wp-json\/wp\/v2\/pages"}],"about":[{"href":"https:\/\/selyetudkonf.ujs.sk\/sk\/wp-json\/wp\/v2\/types\/page"}],"author":[{"embeddable":true,"href":"https:\/\/selyetudkonf.ujs.sk\/sk\/wp-json\/wp\/v2\/users\/2"}],"replies":[{"embeddable":true,"href":"https:\/\/selyetudkonf.ujs.sk\/sk\/wp-json\/wp\/v2\/comments?post=1038"}],"version-history":[{"count":1,"href":"https:\/\/selyetudkonf.ujs.sk\/sk\/wp-json\/wp\/v2\/pages\/1038\/revisions"}],"predecessor-version":[{"id":1041,"href":"https:\/\/selyetudkonf.ujs.sk\/sk\/wp-json\/wp\/v2\/pages\/1038\/revisions\/1041"}],"up":[{"embeddable":true,"href":"https:\/\/selyetudkonf.ujs.sk\/sk\/wp-json\/wp\/v2\/pages\/1032"}],"wp:attachment":[{"href":"https:\/\/selyetudkonf.ujs.sk\/sk\/wp-json\/wp\/v2\/media?parent=1038"}],"curies":[{"name":"wp","href":"https:\/\/api.w.org\/{rel}","templated":true}]}}