{"id":2818,"date":"2025-05-30T11:50:14","date_gmt":"2025-05-30T09:50:14","guid":{"rendered":"http:\/\/selyetudkonf.ujs.sk\/?page_id=2818"},"modified":"2025-05-30T11:50:14","modified_gmt":"2025-05-30T09:50:14","slug":"accommodation","status":"publish","type":"page","link":"https:\/\/selyetudkonf.ujs.sk\/en\/location\/accommodation\/","title":{"rendered":"Accommodation"},"content":{"rendered":"<span class=\"collapseomatic \" id=\"id69f0cd633dd7a\"  tabindex=\"0\" title=\"Hotel Pokol\"    >Hotel Pokol<\/span><div id=\"target-id69f0cd633dd7a\" class=\"collapseomatic_content \">\n<table style=\"background-color: #ffffff; width: 90%; height: 168px;\" border=\"0\" width=\"90%\" cellspacing=\"0\" cellpadding=\"2\">\n<tbody>\n<tr style=\"height: 24px;\">\n<td style=\"height: 24px;\" width=\"400\">Address:<\/td>\n<td style=\"height: 24px;\">Kom\u00e1rno, Platanov\u00e1 alej 1<\/td>\n<\/tr>\n<tr style=\"height: 24px;\">\n<td style=\"height: 24px;\">Distance from the conference venue:<\/td>\n<td style=\"height: 24px;\">800 m<\/td>\n<\/tr>\n<tr style=\"height: 24px;\">\n<td style=\"height: 24px;\">Suite for 2 persons (reggeli + 9\u20ac, gar\u00e1zs +10\u20ac)<\/td>\n<td style=\"height: 24px;\">130 \u20ac<\/td>\n<\/tr>\n<tr style=\"height: 24px;\">\n<td style=\"height: 24px;\">2-bed room &#8211; for 1 person (breakfast and garage included)<\/td>\n<td style=\"height: 24px;\">85 \u20ac<\/td>\n<\/tr>\n<tr style=\"height: 24px;\">\n<td style=\"height: 24px;\">Phone:<\/td>\n<td style=\"height: 24px;\">+421 35 7740 620 \/ 621 \/ 622<\/td>\n<\/tr>\n<tr style=\"height: 24px;\">\n<td style=\"height: 24px;\">E-mail:<\/td>\n<td style=\"height: 24px;\">recepcia@hotelpeklo.sk<\/td>\n<\/tr>\n<tr style=\"height: 24px;\">\n<td style=\"height: 24px;\">Web:<\/td>\n<td style=\"height: 24px;\">www.hotelpeklo.sk<\/td>\n<\/tr>\n<\/tbody>\n<\/table>\n<\/div>\n<span class=\"collapseomatic \" id=\"id69f0cd633ddf3\"  tabindex=\"0\" title=\"Litovel Panzi\u00f3\"    >Litovel Panzi\u00f3<\/span><div id=\"target-id69f0cd633ddf3\" class=\"collapseomatic_content \">\n<table style=\"background-color: #ffffff; width: 90%; height: 240px;\" border=\"0\" width=\"90%\" cellspacing=\"0\" cellpadding=\"2\">\n<tbody>\n<tr style=\"height: 24px;\">\n<td style=\"height: 24px;\" width=\"400\">Address:<\/td>\n<td style=\"height: 24px;\">Kom\u00e1rno, Dunajsk\u00e9 n\u00e1bre\u017eie 10<\/td>\n<\/tr>\n<tr style=\"height: 24px;\">\n<td style=\"height: 24px;\">Distance from the conference venue:<\/td>\n<td style=\"height: 24px;\">750m<\/td>\n<\/tr>\n<tr style=\"height: 24px;\">\n<td style=\"height: 24px;\">Lakoszt\u00e1ly\/Apartm\u00e1n I., II. \/2+2\/:<\/td>\n<td style=\"height: 24px;\">95 \u20ac\u00a0<\/td>\n<\/tr>\n<tr style=\"height: 24px;\">\n<td style=\"height: 24px;\">Standard \u2013 Room for 2 person:<\/td>\n<td style=\"height: 24px;\">57 \u20ac<\/td>\n<\/tr>\n<tr style=\"height: 24px;\">\n<td style=\"height: 24px;\">Business \u2013 Room for 2 person:<\/td>\n<td style=\"height: 24px;\">62 \u20ac<\/td>\n<\/tr>\n<tr style=\"height: 24px;\">\n<td style=\"height: 24px;\">Comfort \u2013 Room for 2 with balcony:<\/td>\n<td style=\"height: 24px;\">67 \u20ac<\/td>\n<\/tr>\n<tr style=\"height: 24px;\">\n<td style=\"height: 24px;\" colspan=\"2\">Breakfast: 8 \u20ac\/person, Parking: 3 \u20ac\/nap, Parking in the garage: 7 \u20ac\/nap<\/td>\n<\/tr>\n<tr style=\"height: 24px;\">\n<td style=\"height: 24px;\">Phone:<\/td>\n<td style=\"height: 24px;\">+421 903 443 885<\/td>\n<\/tr>\n<tr style=\"height: 24px;\">\n<td style=\"height: 24px;\">E-mail:<\/td>\n<td style=\"height: 24px;\">litovel@litovel.sk<\/td>\n<\/tr>\n<tr style=\"height: 24px;\">\n<td style=\"height: 24px;\">Web:<\/td>\n<td style=\"height: 24px;\">www.penzionkomarno.sk<\/td>\n<\/tr>\n<\/tbody>\n<\/table>\n<\/div>\n<span class=\"collapseomatic \" id=\"id69f0cd633de2e\"  tabindex=\"0\" title=\"Olymp Panzi\u00f3\"    >Olymp Panzi\u00f3<\/span><div id=\"target-id69f0cd633de2e\" class=\"collapseomatic_content \">\n<table style=\"background-color: #ffffff; width: 90%; height: 192px;\" border=\"0\" width=\"90%\" cellspacing=\"0\" cellpadding=\"2\">\n<tbody>\n<tr style=\"height: 24px;\">\n<td style=\"height: 24px;\" width=\"400\">Address:<\/td>\n<td style=\"height: 24px;\">Kom\u00e1rno, Leh\u00e1rova 12<\/td>\n<\/tr>\n<tr style=\"height: 24px;\">\n<td style=\"height: 24px;\">Distance from the conference venue:<\/td>\n<td style=\"height: 24px;\">600m<\/td>\n<\/tr>\n<tr style=\"height: 24px;\">\n<td style=\"height: 24px;\">room with 1 beds:<\/td>\n<td style=\"height: 24px;\">40 \u20ac<\/td>\n<\/tr>\n<tr style=\"height: 24px;\">\n<td style=\"height: 24px;\">room with 2 beds<\/td>\n<td style=\"height: 24px;\">50 \u20ac<\/td>\n<\/tr>\n<tr style=\"height: 24px;\">\n<td style=\"height: 24px;\">room with 2 beds (additional bed):<\/td>\n<td style=\"height: 24px;\">70 \u20ac<\/td>\n<\/tr>\n<tr style=\"height: 24px;\">\n<td style=\"height: 24px;\">Phone:<\/td>\n<td style=\"height: 24px;\">+421 917 871 787<\/td>\n<\/tr>\n<tr style=\"height: 24px;\">\n<td style=\"height: 24px;\">E-mail:<\/td>\n<td style=\"height: 24px;\">info@olymppenzion.sk<\/td>\n<\/tr>\n<tr style=\"height: 24px;\">\n<td style=\"height: 24px;\">Web:<\/td>\n<td style=\"height: 24px;\">www.olymppenzion.sk<\/td>\n<\/tr>\n<\/tbody>\n<\/table>\n<\/div>\n<span class=\"collapseomatic \" id=\"id69f0cd633de60\"  tabindex=\"0\" title=\"Hotel Banderium\"    >Hotel Banderium<\/span><div id=\"target-id69f0cd633de60\" class=\"collapseomatic_content \">\n<table style=\"background-color: #ffffff;\" border=\"0\" width=\"90%\" cellspacing=\"0\" cellpadding=\"2\">\n<tbody>\n<tr>\n<td width=\"400\">Address:<\/td>\n<td>Kom\u00e1rno, N\u00e1m. M. R. \u0160tef\u00e1nika 11<\/td>\n<\/tr>\n<tr>\n<td>Distance from the conference venue:<\/td>\n<td>700m<\/td>\n<\/tr>\n<tr>\n<td>Double room for 1 person:<\/td>\n<td>65 \u20ac<\/td>\n<\/tr>\n<tr>\n<td>Double room for 2 person:<\/td>\n<td>69 \u20ac<\/td>\n<\/tr>\n<tr>\n<td colspan=\"2\">Breakfast: 8.90 \u20ac, Half board: 27.90 \u20ac<\/td>\n<\/tr>\n<tr>\n<td>Phone:<\/td>\n<td>+421 35 77 30 156<\/td>\n<\/tr>\n<tr>\n<td>E-mail:<\/td>\n<td>info@banderium.sk<\/td>\n<\/tr>\n<tr>\n<td>Web:<\/td>\n<td>banderium.sk<\/td>\n<\/tr>\n<\/tbody>\n<\/table>\n<\/div>\n","protected":false},"excerpt":{"rendered":"","protected":false},"author":2,"featured_media":0,"parent":2821,"menu_order":0,"comment_status":"closed","ping_status":"closed","template":"","meta":{"zakra_page_container_layout":"customizer","zakra_page_sidebar_layout":"customizer","zakra_remove_content_margin":false,"zakra_sidebar":"customizer","zakra_transparent_header":"customizer","zakra_logo":0,"zakra_main_header_style":"default","zakra_menu_item_color":"","zakra_menu_item_hover_color":"","zakra_menu_item_active_color":"","zakra_menu_active_style":"","zakra_page_header":true,"footnotes":""},"class_list":["post-2818","page","type-page","status-publish","hentry"],"_links":{"self":[{"href":"https:\/\/selyetudkonf.ujs.sk\/en\/wp-json\/wp\/v2\/pages\/2818","targetHints":{"allow":["GET"]}}],"collection":[{"href":"https:\/\/selyetudkonf.ujs.sk\/en\/wp-json\/wp\/v2\/pages"}],"about":[{"href":"https:\/\/selyetudkonf.ujs.sk\/en\/wp-json\/wp\/v2\/types\/page"}],"author":[{"embeddable":true,"href":"https:\/\/selyetudkonf.ujs.sk\/en\/wp-json\/wp\/v2\/users\/2"}],"replies":[{"embeddable":true,"href":"https:\/\/selyetudkonf.ujs.sk\/en\/wp-json\/wp\/v2\/comments?post=2818"}],"version-history":[{"count":1,"href":"https:\/\/selyetudkonf.ujs.sk\/en\/wp-json\/wp\/v2\/pages\/2818\/revisions"}],"predecessor-version":[{"id":2819,"href":"https:\/\/selyetudkonf.ujs.sk\/en\/wp-json\/wp\/v2\/pages\/2818\/revisions\/2819"}],"up":[{"embeddable":true,"href":"https:\/\/selyetudkonf.ujs.sk\/en\/wp-json\/wp\/v2\/pages\/2821"}],"wp:attachment":[{"href":"https:\/\/selyetudkonf.ujs.sk\/en\/wp-json\/wp\/v2\/media?parent=2818"}],"curies":[{"name":"wp","href":"https:\/\/api.w.org\/{rel}","templated":true}]}}