{"id":2745,"date":"2025-05-30T08:20:39","date_gmt":"2025-05-30T06:20:39","guid":{"rendered":"http:\/\/selyetudkonf.ujs.sk\/?page_id=2745"},"modified":"2025-05-30T08:20:39","modified_gmt":"2025-05-30T06:20:39","slug":"contact","status":"publish","type":"page","link":"https:\/\/selyetudkonf.ujs.sk\/en\/contact\/","title":{"rendered":"Contact"},"content":{"rendered":"<p><strong>Organization:<\/strong><\/p>\n<hr \/>\n<p>doc. PaedDr. Andrea Pusk\u00e1s, PhD.<br \/>\nVice-rector for science, research and foreign relations<br \/>\nJ. Selye University<br \/>\nBratislavsk\u00e1 cesta 3322, 945 01 Kom\u00e1rno, Slovakia<\/p>\n<p><strong>Referent:<\/strong><\/p>\n<hr \/>\n<p>Mgr. Klaudia Svitek Kartai <br \/>\nTel. \u00a0\u00a0\u00a0\u00a0\u00a0+421 35 3260 653<br \/>\nE-mail:\u00a0<a href=\"mailto:konferencia2025@ujs.sk\">konferencia2025@ujs.sk<\/a><\/p>\n","protected":false},"excerpt":{"rendered":"<p>Organization: doc. PaedDr. Andrea Pusk\u00e1s, PhD. Vice-rector for science, research and foreign relations J. Selye University Bratislavsk\u00e1 cesta 3322, 945 01 Kom\u00e1rno, Slovakia Referent: Mgr. Klaudia Svitek Kartai Tel. \u00a0\u00a0\u00a0\u00a0\u00a0+421 35 3260 653 E-mail:\u00a0konferencia2025@ujs.sk<\/p>\n","protected":false},"author":2,"featured_media":0,"parent":0,"menu_order":0,"comment_status":"closed","ping_status":"closed","template":"","meta":{"zakra_page_container_layout":"customizer","zakra_page_sidebar_layout":"customizer","zakra_remove_content_margin":false,"zakra_sidebar":"customizer","zakra_transparent_header":"customizer","zakra_logo":0,"zakra_main_header_style":"default","zakra_menu_item_color":"","zakra_menu_item_hover_color":"","zakra_menu_item_active_color":"","zakra_menu_active_style":"","zakra_page_header":true,"footnotes":""},"class_list":["post-2745","page","type-page","status-publish","hentry"],"_links":{"self":[{"href":"https:\/\/selyetudkonf.ujs.sk\/en\/wp-json\/wp\/v2\/pages\/2745","targetHints":{"allow":["GET"]}}],"collection":[{"href":"https:\/\/selyetudkonf.ujs.sk\/en\/wp-json\/wp\/v2\/pages"}],"about":[{"href":"https:\/\/selyetudkonf.ujs.sk\/en\/wp-json\/wp\/v2\/types\/page"}],"author":[{"embeddable":true,"href":"https:\/\/selyetudkonf.ujs.sk\/en\/wp-json\/wp\/v2\/users\/2"}],"replies":[{"embeddable":true,"href":"https:\/\/selyetudkonf.ujs.sk\/en\/wp-json\/wp\/v2\/comments?post=2745"}],"version-history":[{"count":1,"href":"https:\/\/selyetudkonf.ujs.sk\/en\/wp-json\/wp\/v2\/pages\/2745\/revisions"}],"predecessor-version":[{"id":2746,"href":"https:\/\/selyetudkonf.ujs.sk\/en\/wp-json\/wp\/v2\/pages\/2745\/revisions\/2746"}],"wp:attachment":[{"href":"https:\/\/selyetudkonf.ujs.sk\/en\/wp-json\/wp\/v2\/media?parent=2745"}],"curies":[{"name":"wp","href":"https:\/\/api.w.org\/{rel}","templated":true}]}}